{"id":142839,"date":"2025-05-18T23:21:05","date_gmt":"2025-05-18T23:21:05","guid":{"rendered":"https:\/\/staging2.stylingagenten.com\/fi\/produkt\/makeup-revolution-pro-fix-oil-control-fixing-spray-100-ml\/"},"modified":"2026-03-29T10:39:00","modified_gmt":"2026-03-29T10:39:00","slug":"makeup-revolution-pro-fix-oil-control-fixing-spray-100-ml","status":"publish","type":"product","link":"https:\/\/stylingagenten.com\/fi\/tuote\/makeup-revolution-pro-fix-oil-control-fixing-spray-100-ml\/","title":{"rendered":"Makeup Revolution Pro Fix Oil Control Fixing Spray 100 ml"},"content":{"rendered":"<p>Ota \u00f6ljyiset pinnat hallintaasi ja pid\u00e4 meikki p\u00e4\u00e4ll\u00e4si. paikka koko p\u00e4iv\u00e4n!<\/p>\n<p>Oil Control Fixing Spray on kevyesti asettuva suihke, joka auttaa k\u00e4\u00e4nt\u00e4m\u00e4\u00e4n kiiltoa; kasvot saavat luonnollisen mattapintaisen pinnan. Pit\u00e4\u00e4 meikin p\u00e4\u00e4ll\u00e4 paikka jopa 12 h.<\/p>\n<p>K\u00e4ytt\u00f6: Meikin j\u00e4lkeen. Ravista pulloa, pid\u00e4 Fixing-suihketta k\u00e4sivarren et\u00e4isyydell\u00e4 kasvoista ja suihkuta, kunnes meikkisi peittyy. V\u00e4lt\u00e4 kosketusta &ouml;goniin.<\/p>\n<p><\/p>\n","protected":false},"excerpt":{"rendered":"<p>Ota \u00f6ljyiset pinnat hallintaasi ja pid\u00e4 meikki p\u00e4\u00e4ll\u00e4si. paikka koko p\u00e4iv\u00e4n! Oil Control Fixing Spray on kevyesti asettuva suihke, joka auttaa k\u00e4\u00e4nt\u00e4m\u00e4\u00e4n kiiltoa; kasvot saavat luonnollisen mattapintaisen pinnan. Pit\u00e4\u00e4 meikin p\u00e4\u00e4ll\u00e4 paikka jopa 12 h. K\u00e4ytt\u00f6: Meikin j\u00e4lkeen. Ravista pulloa, pid\u00e4 Fixing-suihketta k\u00e4sivarren et\u00e4isyydell\u00e4 kasvoista ja suihkuta, kunnes meikkisi peittyy. V\u00e4lt\u00e4 kosketusta &ouml;goniin.<\/p>\n","protected":false},"featured_media":142835,"comment_status":"open","ping_status":"closed","template":"","meta":{"_trash_the_other_posts":false},"product_brand":[],"product_cat":[617],"product_tag":[],"berocket_brand":[1050],"class_list":{"0":"post-142839","1":"product","2":"type-product","3":"status-publish","4":"has-post-thumbnail","6":"product_cat-asetus-spray","7":"pa_brand-makeup-revolution","8":"berocket_brand-makeup-revolution","10":"first","11":"instock","12":"sale","13":"taxable","14":"shipping-taxable","15":"purchasable","16":"product-type-simple"},"_links":{"self":[{"href":"https:\/\/stylingagenten.com\/fi\/wp-json\/wp\/v2\/product\/142839","targetHints":{"allow":["GET"]}}],"collection":[{"href":"https:\/\/stylingagenten.com\/fi\/wp-json\/wp\/v2\/product"}],"about":[{"href":"https:\/\/stylingagenten.com\/fi\/wp-json\/wp\/v2\/types\/product"}],"replies":[{"embeddable":true,"href":"https:\/\/stylingagenten.com\/fi\/wp-json\/wp\/v2\/comments?post=142839"}],"version-history":[{"count":0,"href":"https:\/\/stylingagenten.com\/fi\/wp-json\/wp\/v2\/product\/142839\/revisions"}],"wp:featuredmedia":[{"embeddable":true,"href":"https:\/\/stylingagenten.com\/fi\/wp-json\/wp\/v2\/media\/142835"}],"wp:attachment":[{"href":"https:\/\/stylingagenten.com\/fi\/wp-json\/wp\/v2\/media?parent=142839"}],"wp:term":[{"taxonomy":"product_brand","embeddable":true,"href":"https:\/\/stylingagenten.com\/fi\/wp-json\/wp\/v2\/product_brand?post=142839"},{"taxonomy":"product_cat","embeddable":true,"href":"https:\/\/stylingagenten.com\/fi\/wp-json\/wp\/v2\/product_cat?post=142839"},{"taxonomy":"product_tag","embeddable":true,"href":"https:\/\/stylingagenten.com\/fi\/wp-json\/wp\/v2\/product_tag?post=142839"},{"taxonomy":"berocket_brand","embeddable":true,"href":"https:\/\/stylingagenten.com\/fi\/wp-json\/wp\/v2\/berocket_brand?post=142839"}],"curies":[{"name":"wp","href":"https:\/\/api.w.org\/{rel}","templated":true}]}}