{"id":142824,"date":"2025-05-18T23:21:01","date_gmt":"2025-05-18T23:21:01","guid":{"rendered":"https:\/\/staging2.stylingagenten.com\/fi\/produkt\/nyx-bare-with-me-prime-set-refresh-multitasking-spray-130ml\/"},"modified":"2025-11-19T11:38:30","modified_gmt":"2025-11-19T11:38:30","slug":"nyx-bare-with-me-prime-set-refresh-multitasking-spray-130ml","status":"publish","type":"product","link":"https:\/\/stylingagenten.com\/fi\/tuote\/nyx-bare-with-me-prime-set-refresh-multitasking-spray-130ml\/","title":{"rendered":"NYX Bare With Me Prime Set Refresh Multitasking Spray 130ml"},"content":{"rendered":"<p>P\u00e4ivit\u00e4 kasvosi NYX Professional Makeup Bare With Me Primella. Aseta. Virkist\u00e4\u00e4. Multitasking Spray! Kasvosuihke sopii my\u00f6s herk\u00e4lle iholle ja siihen on lis\u00e4tty aloe veraa ja kurkkua, jotka pit\u00e4v\u00e4t meikin p\u00e4\u00e4ll\u00e4. paikka koko p\u00e4iv\u00e4n. Muutama suihke riitt\u00e4\u00e4 meikin valmisteluun ja kiinnitt\u00e4miseen &#8211; ja raikastaaksesi mink\u00e4 tahansa ilmeen! Monik\u00e4ytt\u00f6inen primer antaa iholle my\u00f6s kasteisen hehkun, minimoi huokosten esiintymisen ja kosteuttaa jopa kahdeksan tuntia.<\/p>\n<p>&nbsp;<\/p>\n","protected":false},"excerpt":{"rendered":"<p>P\u00e4ivit\u00e4 kasvosi NYX Professional Makeup Bare With Me Primella. Aseta. Virkist\u00e4\u00e4. Multitasking Spray! Kasvosuihke sopii my\u00f6s herk\u00e4lle iholle ja siihen on lis\u00e4tty aloe veraa ja kurkkua, jotka pit\u00e4v\u00e4t meikin p\u00e4\u00e4ll\u00e4. paikka koko p\u00e4iv\u00e4n. Muutama suihke riitt\u00e4\u00e4 meikin valmisteluun ja kiinnitt\u00e4miseen &#8211; ja raikastaaksesi mink\u00e4 tahansa ilmeen! Monik\u00e4ytt\u00f6inen primer antaa iholle my\u00f6s kasteisen hehkun, minimoi huokosten [&hellip;]<\/p>\n","protected":false},"featured_media":142814,"comment_status":"open","ping_status":"closed","template":"","meta":{"_trash_the_other_posts":false},"product_brand":[],"product_cat":[617,717],"product_tag":[],"berocket_brand":[1025],"class_list":{"0":"post-142824","1":"product","2":"type-product","3":"status-publish","4":"has-post-thumbnail","6":"product_cat-asetus-spray","7":"product_cat-virustuotteet","8":"pa_brand-nyx","9":"berocket_brand-nyx","11":"first","12":"outofstock","13":"sale","14":"taxable","15":"shipping-taxable","16":"purchasable","17":"product-type-simple"},"_links":{"self":[{"href":"https:\/\/stylingagenten.com\/fi\/wp-json\/wp\/v2\/product\/142824","targetHints":{"allow":["GET"]}}],"collection":[{"href":"https:\/\/stylingagenten.com\/fi\/wp-json\/wp\/v2\/product"}],"about":[{"href":"https:\/\/stylingagenten.com\/fi\/wp-json\/wp\/v2\/types\/product"}],"replies":[{"embeddable":true,"href":"https:\/\/stylingagenten.com\/fi\/wp-json\/wp\/v2\/comments?post=142824"}],"version-history":[{"count":0,"href":"https:\/\/stylingagenten.com\/fi\/wp-json\/wp\/v2\/product\/142824\/revisions"}],"wp:featuredmedia":[{"embeddable":true,"href":"https:\/\/stylingagenten.com\/fi\/wp-json\/wp\/v2\/media\/142814"}],"wp:attachment":[{"href":"https:\/\/stylingagenten.com\/fi\/wp-json\/wp\/v2\/media?parent=142824"}],"wp:term":[{"taxonomy":"product_brand","embeddable":true,"href":"https:\/\/stylingagenten.com\/fi\/wp-json\/wp\/v2\/product_brand?post=142824"},{"taxonomy":"product_cat","embeddable":true,"href":"https:\/\/stylingagenten.com\/fi\/wp-json\/wp\/v2\/product_cat?post=142824"},{"taxonomy":"product_tag","embeddable":true,"href":"https:\/\/stylingagenten.com\/fi\/wp-json\/wp\/v2\/product_tag?post=142824"},{"taxonomy":"berocket_brand","embeddable":true,"href":"https:\/\/stylingagenten.com\/fi\/wp-json\/wp\/v2\/berocket_brand?post=142824"}],"curies":[{"name":"wp","href":"https:\/\/api.w.org\/{rel}","templated":true}]}}