{"id":142818,"date":"2025-05-18T23:20:59","date_gmt":"2025-05-18T23:20:59","guid":{"rendered":"https:\/\/staging2.stylingagenten.com\/fi\/produkt\/kokie-refresh-hydrating-setting-spray\/"},"modified":"2026-03-01T11:06:30","modified_gmt":"2026-03-01T11:06:30","slug":"kokie-refresh-hydrating-setting-spray","status":"publish","type":"product","link":"https:\/\/stylingagenten.com\/fi\/tuote\/kokie-refresh-hydrating-setting-spray\/","title":{"rendered":"Kokie Refresh Hydrating Setting Spray"},"content":{"rendered":"<p>Kokie Refresh Hydrating Setting Spray on kirkas, hieno sumu, joka est\u00e4\u00e4 meikin tahriintumista ja kosteuttaa kevyesti kuivaa ihoa s\u00e4ilytt\u00e4en samalla pitk\u00e4ik\u00e4isyyden. meikkej\u00e4si p\u00e4iv\u00e4n aikana. Lis\u00e4\u00e4 2\u20133 suihketta ja anna kuivua kosteuttaaksesi, virkist\u00e4\u00e4ksesi ja t\u00e4ydent\u00e4\u00e4ksesi ilmett\u00e4si.<\/p>\n<p>Sis\u00e4lt\u00f6: 59,8 ml<\/p>\n<p> p&gt;<\/p>\n","protected":false},"excerpt":{"rendered":"<p>Kokie Refresh Hydrating Setting Spray on kirkas, hieno sumu, joka est\u00e4\u00e4 meikin tahriintumista ja kosteuttaa kevyesti kuivaa ihoa s\u00e4ilytt\u00e4en samalla pitk\u00e4ik\u00e4isyyden. meikkej\u00e4si p\u00e4iv\u00e4n aikana. Lis\u00e4\u00e4 2\u20133 suihketta ja anna kuivua kosteuttaaksesi, virkist\u00e4\u00e4ksesi ja t\u00e4ydent\u00e4\u00e4ksesi ilmett\u00e4si. Sis\u00e4lt\u00f6: 59,8 ml p&gt;<\/p>\n","protected":false},"featured_media":142812,"comment_status":"open","ping_status":"closed","template":"","meta":{"_trash_the_other_posts":false},"product_brand":[],"product_cat":[617],"product_tag":[],"berocket_brand":[1198],"class_list":{"0":"post-142818","1":"product","2":"type-product","3":"status-publish","4":"has-post-thumbnail","6":"product_cat-asetus-spray","7":"pa_brand-kokie-cosmetics","8":"berocket_brand-kokie-cosmetics","10":"first","11":"instock","12":"sale","13":"taxable","14":"shipping-taxable","15":"purchasable","16":"product-type-simple"},"_links":{"self":[{"href":"https:\/\/stylingagenten.com\/fi\/wp-json\/wp\/v2\/product\/142818","targetHints":{"allow":["GET"]}}],"collection":[{"href":"https:\/\/stylingagenten.com\/fi\/wp-json\/wp\/v2\/product"}],"about":[{"href":"https:\/\/stylingagenten.com\/fi\/wp-json\/wp\/v2\/types\/product"}],"replies":[{"embeddable":true,"href":"https:\/\/stylingagenten.com\/fi\/wp-json\/wp\/v2\/comments?post=142818"}],"version-history":[{"count":0,"href":"https:\/\/stylingagenten.com\/fi\/wp-json\/wp\/v2\/product\/142818\/revisions"}],"wp:featuredmedia":[{"embeddable":true,"href":"https:\/\/stylingagenten.com\/fi\/wp-json\/wp\/v2\/media\/142812"}],"wp:attachment":[{"href":"https:\/\/stylingagenten.com\/fi\/wp-json\/wp\/v2\/media?parent=142818"}],"wp:term":[{"taxonomy":"product_brand","embeddable":true,"href":"https:\/\/stylingagenten.com\/fi\/wp-json\/wp\/v2\/product_brand?post=142818"},{"taxonomy":"product_cat","embeddable":true,"href":"https:\/\/stylingagenten.com\/fi\/wp-json\/wp\/v2\/product_cat?post=142818"},{"taxonomy":"product_tag","embeddable":true,"href":"https:\/\/stylingagenten.com\/fi\/wp-json\/wp\/v2\/product_tag?post=142818"},{"taxonomy":"berocket_brand","embeddable":true,"href":"https:\/\/stylingagenten.com\/fi\/wp-json\/wp\/v2\/berocket_brand?post=142818"}],"curies":[{"name":"wp","href":"https:\/\/api.w.org\/{rel}","templated":true}]}}