{"id":142800,"date":"2025-05-18T23:20:55","date_gmt":"2025-05-18T23:20:55","guid":{"rendered":"https:\/\/staging2.stylingagenten.com\/fi\/produkt\/kokie-mistix-matte-setting-mist-75ml\/"},"modified":"2026-03-30T09:15:25","modified_gmt":"2026-03-30T09:15:25","slug":"kokie-mistix-matte-setting-mist-75ml","status":"publish","type":"product","link":"https:\/\/stylingagenten.com\/fi\/tuote\/kokie-mistix-matte-setting-mist-75ml\/","title":{"rendered":"Kokie Mistix Matte Setting Mist 75ml"},"content":{"rendered":"<p>Varmista meikkisi ja anna sen kest\u00e4\u00e4 koko p\u00e4iv\u00e4n Kokies Mistix Setting Spraylla. T\u00e4m\u00e4 mattapintainen suihke tarjoaa pehme\u00e4n, hienon sumun, joka parantaa meikin kest\u00e4vyytt\u00e4 ja ulkon\u00e4k\u00f6\u00e4. Toimii nestem\u00e4isten, matta- tai jauhepohjaisten tuotteiden kanssa.<\/p>\n<p>&#8211; Ultrahieno sumu<br \/>&#8211; Sis\u00e4lt\u00e4\u00e4 hyaluronihappoa<br \/>&#8211; Toimii kaikille ihotyypeille<br \/>&nbsp;&#8211; Cruelty-free<\/p>\n","protected":false},"excerpt":{"rendered":"<p>Varmista meikkisi ja anna sen kest\u00e4\u00e4 koko p\u00e4iv\u00e4n Kokies Mistix Setting Spraylla. T\u00e4m\u00e4 mattapintainen suihke tarjoaa pehme\u00e4n, hienon sumun, joka parantaa meikin kest\u00e4vyytt\u00e4 ja ulkon\u00e4k\u00f6\u00e4. Toimii nestem\u00e4isten, matta- tai jauhepohjaisten tuotteiden kanssa. &#8211; Ultrahieno sumu&#8211; Sis\u00e4lt\u00e4\u00e4 hyaluronihappoa&#8211; Toimii kaikille ihotyypeille&nbsp;&#8211; Cruelty-free<\/p>\n","protected":false},"featured_media":142791,"comment_status":"open","ping_status":"closed","template":"","meta":{"_trash_the_other_posts":false},"product_brand":[],"product_cat":[617],"product_tag":[],"berocket_brand":[1198],"class_list":{"0":"post-142800","1":"product","2":"type-product","3":"status-publish","4":"has-post-thumbnail","6":"product_cat-asetus-spray","7":"pa_brand-kokie-cosmetics","8":"berocket_brand-kokie-cosmetics","10":"first","11":"instock","12":"sale","13":"taxable","14":"shipping-taxable","15":"purchasable","16":"product-type-simple"},"_links":{"self":[{"href":"https:\/\/stylingagenten.com\/fi\/wp-json\/wp\/v2\/product\/142800","targetHints":{"allow":["GET"]}}],"collection":[{"href":"https:\/\/stylingagenten.com\/fi\/wp-json\/wp\/v2\/product"}],"about":[{"href":"https:\/\/stylingagenten.com\/fi\/wp-json\/wp\/v2\/types\/product"}],"replies":[{"embeddable":true,"href":"https:\/\/stylingagenten.com\/fi\/wp-json\/wp\/v2\/comments?post=142800"}],"version-history":[{"count":0,"href":"https:\/\/stylingagenten.com\/fi\/wp-json\/wp\/v2\/product\/142800\/revisions"}],"wp:featuredmedia":[{"embeddable":true,"href":"https:\/\/stylingagenten.com\/fi\/wp-json\/wp\/v2\/media\/142791"}],"wp:attachment":[{"href":"https:\/\/stylingagenten.com\/fi\/wp-json\/wp\/v2\/media?parent=142800"}],"wp:term":[{"taxonomy":"product_brand","embeddable":true,"href":"https:\/\/stylingagenten.com\/fi\/wp-json\/wp\/v2\/product_brand?post=142800"},{"taxonomy":"product_cat","embeddable":true,"href":"https:\/\/stylingagenten.com\/fi\/wp-json\/wp\/v2\/product_cat?post=142800"},{"taxonomy":"product_tag","embeddable":true,"href":"https:\/\/stylingagenten.com\/fi\/wp-json\/wp\/v2\/product_tag?post=142800"},{"taxonomy":"berocket_brand","embeddable":true,"href":"https:\/\/stylingagenten.com\/fi\/wp-json\/wp\/v2\/berocket_brand?post=142800"}],"curies":[{"name":"wp","href":"https:\/\/api.w.org\/{rel}","templated":true}]}}