{"id":142790,"date":"2025-05-18T23:20:52","date_gmt":"2025-05-18T23:20:52","guid":{"rendered":"https:\/\/staging2.stylingagenten.com\/fi\/produkt\/wet-n-wild-photo-focus-natural-setting-mist-65ml\/"},"modified":"2025-11-19T12:47:22","modified_gmt":"2025-11-19T12:47:22","slug":"wet-n-wild-photo-focus-natural-setting-mist-65ml","status":"publish","type":"product","link":"https:\/\/stylingagenten.com\/fi\/tuote\/wet-n-wild-photo-focus-natural-setting-mist-65ml\/","title":{"rendered":"Wet n Wild Photo Focus Natural Setting Mist 65ml"},"content":{"rendered":"<p>Wet n Wild Photo Focus Natural Setting Mist on kiinnityssuihke, jossa on luonnollinen viimeistely, joka pit\u00e4\u00e4 meikin paikoillaan. Kiinnitt\u00e4\u00e4 kevyesti meikin ja antaa iholle pehme\u00e4n ilmeen. Kevyt ja eritt\u00e4in mukava k\u00e4ytt\u00e4\u00e4. Rauhoittaa ihoa E- ja B5-vitamiinien avulla ja kest\u00e4\u00e4 jopa 24 tuntia.*<\/p>\n<p>65 ml<\/p>\n","protected":false},"excerpt":{"rendered":"<p>Wet n Wild Photo Focus Natural Setting Mist on kiinnityssuihke, jossa on luonnollinen viimeistely, joka pit\u00e4\u00e4 meikin paikoillaan. Kiinnitt\u00e4\u00e4 kevyesti meikin ja antaa iholle pehme\u00e4n ilmeen. Kevyt ja eritt\u00e4in mukava k\u00e4ytt\u00e4\u00e4. Rauhoittaa ihoa E- ja B5-vitamiinien avulla ja kest\u00e4\u00e4 jopa 24 tuntia.* 65 ml<\/p>\n","protected":false},"featured_media":142776,"comment_status":"open","ping_status":"closed","template":"","meta":{"_trash_the_other_posts":false},"product_brand":[],"product_cat":[617],"product_tag":[],"berocket_brand":[1035],"class_list":{"0":"post-142790","1":"product","2":"type-product","3":"status-publish","4":"has-post-thumbnail","6":"product_cat-asetus-spray","7":"pa_brand-wet-n-wild","8":"berocket_brand-wet-n-wild","10":"first","11":"instock","12":"sale","13":"taxable","14":"shipping-taxable","15":"purchasable","16":"product-type-simple"},"_links":{"self":[{"href":"https:\/\/stylingagenten.com\/fi\/wp-json\/wp\/v2\/product\/142790","targetHints":{"allow":["GET"]}}],"collection":[{"href":"https:\/\/stylingagenten.com\/fi\/wp-json\/wp\/v2\/product"}],"about":[{"href":"https:\/\/stylingagenten.com\/fi\/wp-json\/wp\/v2\/types\/product"}],"replies":[{"embeddable":true,"href":"https:\/\/stylingagenten.com\/fi\/wp-json\/wp\/v2\/comments?post=142790"}],"version-history":[{"count":0,"href":"https:\/\/stylingagenten.com\/fi\/wp-json\/wp\/v2\/product\/142790\/revisions"}],"wp:featuredmedia":[{"embeddable":true,"href":"https:\/\/stylingagenten.com\/fi\/wp-json\/wp\/v2\/media\/142776"}],"wp:attachment":[{"href":"https:\/\/stylingagenten.com\/fi\/wp-json\/wp\/v2\/media?parent=142790"}],"wp:term":[{"taxonomy":"product_brand","embeddable":true,"href":"https:\/\/stylingagenten.com\/fi\/wp-json\/wp\/v2\/product_brand?post=142790"},{"taxonomy":"product_cat","embeddable":true,"href":"https:\/\/stylingagenten.com\/fi\/wp-json\/wp\/v2\/product_cat?post=142790"},{"taxonomy":"product_tag","embeddable":true,"href":"https:\/\/stylingagenten.com\/fi\/wp-json\/wp\/v2\/product_tag?post=142790"},{"taxonomy":"berocket_brand","embeddable":true,"href":"https:\/\/stylingagenten.com\/fi\/wp-json\/wp\/v2\/berocket_brand?post=142790"}],"curies":[{"name":"wp","href":"https:\/\/api.w.org\/{rel}","templated":true}]}}