{"id":142786,"date":"2025-05-18T23:20:52","date_gmt":"2025-05-18T23:20:52","guid":{"rendered":"https:\/\/staging2.stylingagenten.com\/fi\/produkt\/maybelline-face-studio-lasting-fix-setting-spray-100ml\/"},"modified":"2026-04-13T07:10:08","modified_gmt":"2026-04-13T07:10:08","slug":"maybelline-face-studio-lasting-fix-setting-spray-100ml","status":"publish","type":"product","link":"https:\/\/stylingagenten.com\/fi\/tuote\/maybelline-face-studio-lasting-fix-setting-spray-100ml\/","title":{"rendered":"Maybelline Face Studio Lasting Fix Setting Spray 100ml"},"content":{"rendered":"<p>Pid\u00e4 meikkivoide, puuteri, &ouml;varjot ja &ouml;kulmakarvat p\u00e4\u00e4ll\u00e4&ouml; paikka jopa 16 tuntia. F&aring; maksimaalinen mattavaikutelma ja paranna meikki\u00e4si Maybellinen pitk\u00e4kestoisella kovettumissuihkeella. T\u00e4m\u00e4 kevyt suihke s\u00e4\u00e4telee kiiltoa ja luo mattapintaisen lopputuloksen, joka kest\u00e4\u00e4 koko p\u00e4iv\u00e4n.<\/p>\n<p>Ravista pulloa hyvin. Pid\u00e4 pulloa 20-25 cm p\u00e4\u00e4ss\u00e4 kasvoistasi ja sulje silm\u00e4si. Suihkuta kasvoille py\u00f6rivin liikkein.<\/p>\n","protected":false},"excerpt":{"rendered":"<p>Pid\u00e4 meikkivoide, puuteri, &ouml;varjot ja &ouml;kulmakarvat p\u00e4\u00e4ll\u00e4&ouml; paikka jopa 16 tuntia. F&aring; maksimaalinen mattavaikutelma ja paranna meikki\u00e4si Maybellinen pitk\u00e4kestoisella kovettumissuihkeella. T\u00e4m\u00e4 kevyt suihke s\u00e4\u00e4telee kiiltoa ja luo mattapintaisen lopputuloksen, joka kest\u00e4\u00e4 koko p\u00e4iv\u00e4n. Ravista pulloa hyvin. Pid\u00e4 pulloa 20-25 cm p\u00e4\u00e4ss\u00e4 kasvoistasi ja sulje silm\u00e4si. Suihkuta kasvoille py\u00f6rivin liikkein.<\/p>\n","protected":false},"featured_media":142784,"comment_status":"open","ping_status":"closed","template":"","meta":{"_trash_the_other_posts":false},"product_brand":[],"product_cat":[617],"product_tag":[],"berocket_brand":[1016],"class_list":{"0":"post-142786","1":"product","2":"type-product","3":"status-publish","4":"has-post-thumbnail","6":"product_cat-asetus-spray","7":"pa_brand-maybelline","8":"berocket_brand-maybelline","10":"first","11":"instock","12":"sale","13":"taxable","14":"shipping-taxable","15":"purchasable","16":"product-type-simple"},"_links":{"self":[{"href":"https:\/\/stylingagenten.com\/fi\/wp-json\/wp\/v2\/product\/142786","targetHints":{"allow":["GET"]}}],"collection":[{"href":"https:\/\/stylingagenten.com\/fi\/wp-json\/wp\/v2\/product"}],"about":[{"href":"https:\/\/stylingagenten.com\/fi\/wp-json\/wp\/v2\/types\/product"}],"replies":[{"embeddable":true,"href":"https:\/\/stylingagenten.com\/fi\/wp-json\/wp\/v2\/comments?post=142786"}],"version-history":[{"count":0,"href":"https:\/\/stylingagenten.com\/fi\/wp-json\/wp\/v2\/product\/142786\/revisions"}],"wp:featuredmedia":[{"embeddable":true,"href":"https:\/\/stylingagenten.com\/fi\/wp-json\/wp\/v2\/media\/142784"}],"wp:attachment":[{"href":"https:\/\/stylingagenten.com\/fi\/wp-json\/wp\/v2\/media?parent=142786"}],"wp:term":[{"taxonomy":"product_brand","embeddable":true,"href":"https:\/\/stylingagenten.com\/fi\/wp-json\/wp\/v2\/product_brand?post=142786"},{"taxonomy":"product_cat","embeddable":true,"href":"https:\/\/stylingagenten.com\/fi\/wp-json\/wp\/v2\/product_cat?post=142786"},{"taxonomy":"product_tag","embeddable":true,"href":"https:\/\/stylingagenten.com\/fi\/wp-json\/wp\/v2\/product_tag?post=142786"},{"taxonomy":"berocket_brand","embeddable":true,"href":"https:\/\/stylingagenten.com\/fi\/wp-json\/wp\/v2\/berocket_brand?post=142786"}],"curies":[{"name":"wp","href":"https:\/\/api.w.org\/{rel}","templated":true}]}}