{"id":142779,"date":"2025-05-18T23:20:51","date_gmt":"2025-05-18T23:20:51","guid":{"rendered":"https:\/\/staging2.stylingagenten.com\/fi\/produkt\/artdeco-3-in-1-make-up-fixing-spray-100ml\/"},"modified":"2025-11-19T12:29:31","modified_gmt":"2025-11-19T12:29:31","slug":"artdeco-3-in-1-make-up-fixing-spray-100ml","status":"publish","type":"product","link":"https:\/\/stylingagenten.com\/fi\/tuote\/artdeco-3-in-1-make-up-fixing-spray-100ml\/","title":{"rendered":"Artdeco 3 In 1 Make-Up Fixing Spray 100ml"},"content":{"rendered":"<p>Artdeco 3 in 1 Make-Up Fixing Spray 100 ml<br \/>3 in 1 Make-Up Fixing Spray on monitoiminen kovettumissuihke, joka toimii pohjamaalina, kiinnitt\u00e4\u00e4 meikin ja toimii kosteusvoiteena &#8211; ja saat my\u00f6s ihanan hehkun ! Taikap\u00e4hkin\u00e4nvedell\u00e4 on tulehdusta est\u00e4v\u00e4 vaikutus, allantoiini aktivoi ja nopeuttaa solujen uusiutumista ja mikrohienohienot vesihelmet imeytyv\u00e4t v\u00e4litt\u00f6m\u00e4sti ja elvytt\u00e4v\u00e4t ihoa.<br \/>\u2022 Monitoimisuihke<br \/>\u2022 Pohjustus, kiinnitys ja kosteuttava<br \/>\u2022 Sis\u00e4lt\u00e4\u00e4 noita hasselvett\u00e4, allantoiinia ja mikrohienoja vesihelmi\u00e4<br \/>\u2022 Vegaaninen<\/p>\n","protected":false},"excerpt":{"rendered":"<p>Artdeco 3 in 1 Make-Up Fixing Spray 100 ml3 in 1 Make-Up Fixing Spray on monitoiminen kovettumissuihke, joka toimii pohjamaalina, kiinnitt\u00e4\u00e4 meikin ja toimii kosteusvoiteena &#8211; ja saat my\u00f6s ihanan hehkun ! Taikap\u00e4hkin\u00e4nvedell\u00e4 on tulehdusta est\u00e4v\u00e4 vaikutus, allantoiini aktivoi ja nopeuttaa solujen uusiutumista ja mikrohienohienot vesihelmet imeytyv\u00e4t v\u00e4litt\u00f6m\u00e4sti ja elvytt\u00e4v\u00e4t ihoa.\u2022 Monitoimisuihke\u2022 Pohjustus, kiinnitys ja [&hellip;]<\/p>\n","protected":false},"featured_media":142778,"comment_status":"open","ping_status":"closed","template":"","meta":{"_trash_the_other_posts":false},"product_brand":[],"product_cat":[617],"product_tag":[],"berocket_brand":[1385],"class_list":{"0":"post-142779","1":"product","2":"type-product","3":"status-publish","4":"has-post-thumbnail","6":"product_cat-asetus-spray","7":"pa_brand-artdeco","8":"berocket_brand-artdeco","10":"first","11":"outofstock","12":"sale","13":"taxable","14":"shipping-taxable","15":"purchasable","16":"product-type-simple"},"_links":{"self":[{"href":"https:\/\/stylingagenten.com\/fi\/wp-json\/wp\/v2\/product\/142779","targetHints":{"allow":["GET"]}}],"collection":[{"href":"https:\/\/stylingagenten.com\/fi\/wp-json\/wp\/v2\/product"}],"about":[{"href":"https:\/\/stylingagenten.com\/fi\/wp-json\/wp\/v2\/types\/product"}],"replies":[{"embeddable":true,"href":"https:\/\/stylingagenten.com\/fi\/wp-json\/wp\/v2\/comments?post=142779"}],"version-history":[{"count":0,"href":"https:\/\/stylingagenten.com\/fi\/wp-json\/wp\/v2\/product\/142779\/revisions"}],"wp:featuredmedia":[{"embeddable":true,"href":"https:\/\/stylingagenten.com\/fi\/wp-json\/wp\/v2\/media\/142778"}],"wp:attachment":[{"href":"https:\/\/stylingagenten.com\/fi\/wp-json\/wp\/v2\/media?parent=142779"}],"wp:term":[{"taxonomy":"product_brand","embeddable":true,"href":"https:\/\/stylingagenten.com\/fi\/wp-json\/wp\/v2\/product_brand?post=142779"},{"taxonomy":"product_cat","embeddable":true,"href":"https:\/\/stylingagenten.com\/fi\/wp-json\/wp\/v2\/product_cat?post=142779"},{"taxonomy":"product_tag","embeddable":true,"href":"https:\/\/stylingagenten.com\/fi\/wp-json\/wp\/v2\/product_tag?post=142779"},{"taxonomy":"berocket_brand","embeddable":true,"href":"https:\/\/stylingagenten.com\/fi\/wp-json\/wp\/v2\/berocket_brand?post=142779"}],"curies":[{"name":"wp","href":"https:\/\/api.w.org\/{rel}","templated":true}]}}