{"id":142679,"date":"2025-05-18T23:20:25","date_gmt":"2025-05-18T23:20:25","guid":{"rendered":"https:\/\/staging2.stylingagenten.com\/fi\/produkt\/shiseido-ultimune-power-infusing-concentrate-50ml\/"},"modified":"2025-12-11T11:35:47","modified_gmt":"2025-12-11T11:35:47","slug":"shiseido-ultimune-power-infusing-concentrate-50ml","status":"publish","type":"product","link":"https:\/\/stylingagenten.com\/fi\/tuote\/shiseido-ultimune-power-infusing-concentrate-50ml\/","title":{"rendered":"Shiseido Ultimune Power Infusing Concentrate 50ml"},"content":{"rendered":"<p>Shiseidon SERUM # 1<\/p>\n<p>&nbsp;<\/p>\n<p>Ultimune on antioksidanttinen voimalaitos, joka vahvistaa ihoa p\u00e4ivitt\u00e4isi\u00e4 vaurioita ja n\u00e4kyvi\u00e4 ik\u00e4\u00e4ntymisen merkkej\u00e4 vastaan. Ik\u00e4\u00e4ntyminen. Se on universaali seerumi kaikille ihotyypeille ja ihon s\u00e4vyille.<\/p>\n<p>Kaikki hy\u00f6tyv\u00e4t Ultimunesta<\/p>\n<p>Shiseido Innovation jokaisessa Ultimune-pullossa<\/p>\n<p>Rakennettu ; 20 vuotta tutkimusta<\/p>\n<p>32 maailmanlaajuisella patentilla<\/p>\n<p>179 maailmanlaajuisen kauneuspalkinnon voittaja<\/p>\n<p>Rakastaa yli 10 miljoonaa k\u00e4ytt\u00e4j\u00e4\u00e4 maailmanlaajuisesti<\/p>\n<p>1 Ultimune myyd\u00e4\u00e4n seitsem\u00e4n sekunnin v\u00e4lein maailmanlaajuisesti<\/p>\n","protected":false},"excerpt":{"rendered":"<p>Shiseidon SERUM # 1 &nbsp; Ultimune on antioksidanttinen voimalaitos, joka vahvistaa ihoa p\u00e4ivitt\u00e4isi\u00e4 vaurioita ja n\u00e4kyvi\u00e4 ik\u00e4\u00e4ntymisen merkkej\u00e4 vastaan. Ik\u00e4\u00e4ntyminen. Se on universaali seerumi kaikille ihotyypeille ja ihon s\u00e4vyille. Kaikki hy\u00f6tyv\u00e4t Ultimunesta Shiseido Innovation jokaisessa Ultimune-pullossa Rakennettu ; 20 vuotta tutkimusta 32 maailmanlaajuisella patentilla 179 maailmanlaajuisen kauneuspalkinnon voittaja Rakastaa yli 10 miljoonaa k\u00e4ytt\u00e4j\u00e4\u00e4 maailmanlaajuisesti 1 [&hellip;]<\/p>\n","protected":false},"featured_media":142672,"comment_status":"open","ping_status":"closed","template":"","meta":{"_trash_the_other_posts":false},"product_brand":[],"product_cat":[614],"product_tag":[3998],"berocket_brand":[1193],"class_list":{"0":"post-142679","1":"product","2":"type-product","3":"status-publish","4":"has-post-thumbnail","6":"product_cat-seerumi","7":"product_tag-shiseido-ultimune-power-infusing-concentrate","8":"pa_brand-shiseido","9":"pa_variantti-50ml","10":"berocket_brand-shiseido","12":"first","13":"instock","14":"sale","15":"taxable","16":"shipping-taxable","17":"purchasable","18":"product-type-simple"},"_links":{"self":[{"href":"https:\/\/stylingagenten.com\/fi\/wp-json\/wp\/v2\/product\/142679","targetHints":{"allow":["GET"]}}],"collection":[{"href":"https:\/\/stylingagenten.com\/fi\/wp-json\/wp\/v2\/product"}],"about":[{"href":"https:\/\/stylingagenten.com\/fi\/wp-json\/wp\/v2\/types\/product"}],"replies":[{"embeddable":true,"href":"https:\/\/stylingagenten.com\/fi\/wp-json\/wp\/v2\/comments?post=142679"}],"version-history":[{"count":0,"href":"https:\/\/stylingagenten.com\/fi\/wp-json\/wp\/v2\/product\/142679\/revisions"}],"wp:featuredmedia":[{"embeddable":true,"href":"https:\/\/stylingagenten.com\/fi\/wp-json\/wp\/v2\/media\/142672"}],"wp:attachment":[{"href":"https:\/\/stylingagenten.com\/fi\/wp-json\/wp\/v2\/media?parent=142679"}],"wp:term":[{"taxonomy":"product_brand","embeddable":true,"href":"https:\/\/stylingagenten.com\/fi\/wp-json\/wp\/v2\/product_brand?post=142679"},{"taxonomy":"product_cat","embeddable":true,"href":"https:\/\/stylingagenten.com\/fi\/wp-json\/wp\/v2\/product_cat?post=142679"},{"taxonomy":"product_tag","embeddable":true,"href":"https:\/\/stylingagenten.com\/fi\/wp-json\/wp\/v2\/product_tag?post=142679"},{"taxonomy":"berocket_brand","embeddable":true,"href":"https:\/\/stylingagenten.com\/fi\/wp-json\/wp\/v2\/berocket_brand?post=142679"}],"curies":[{"name":"wp","href":"https:\/\/api.w.org\/{rel}","templated":true}]}}