{"id":142676,"date":"2025-05-18T23:20:24","date_gmt":"2025-05-18T23:20:24","guid":{"rendered":"https:\/\/staging2.stylingagenten.com\/fi\/produkt\/filorga-neocica-moisturizing-repairing-care-40ml\/"},"modified":"2026-04-02T09:36:26","modified_gmt":"2026-04-02T09:36:26","slug":"filorga-neocica-moisturizing-repairing-care-40ml","status":"publish","type":"product","link":"https:\/\/stylingagenten.com\/fi\/tuote\/filorga-neocica-moisturizing-repairing-care-40ml\/","title":{"rendered":"Filorga Neocica Moisturizing Repairing Care 40ml"},"content":{"rendered":"<p>T\u00e4ss\u00e4 korjaavassa ihonhoidossa, jossa on rauhoittava ja korjaava koostumus, yhdistyv\u00e4t:<\/p>\n<p>&#8211; kompleksi; rauhoittava ramnoosi, joka rauhoittaa \u00e4rsytyksen tunteita.<\/p>\n<p>&#8211; ureajohdannainen, joka on rikastettu kapseloidulla hyaluronihapolla kest\u00e4v\u00e4n kosteutuksen saavuttamiseksi.<\/p>\n<p>\u00d6ljyt\u00f6n, kevyt kermarakenne \u2013 eritt\u00e4in rauhoittava. 40 ml<\/p>\n<p><strong>K\u00e4ytt\u00f6<\/strong>:<\/p>\n<p>Levit\u00e4 3-6 kertaa p\u00e4iv\u00e4ss\u00e4 vaurioituneelle alueelle hyvin kevyin taputtelevin liikkein. Suunniteltu k\u00e4ytett\u00e4v\u00e4ksi esteettisten toimenpiteiden ja p&amp;aringin j\u00e4lkeen; &auml;rr.<\/p>\n","protected":false},"excerpt":{"rendered":"<p>T\u00e4ss\u00e4 korjaavassa ihonhoidossa, jossa on rauhoittava ja korjaava koostumus, yhdistyv\u00e4t: &#8211; kompleksi; rauhoittava ramnoosi, joka rauhoittaa \u00e4rsytyksen tunteita. &#8211; ureajohdannainen, joka on rikastettu kapseloidulla hyaluronihapolla kest\u00e4v\u00e4n kosteutuksen saavuttamiseksi. \u00d6ljyt\u00f6n, kevyt kermarakenne \u2013 eritt\u00e4in rauhoittava. 40 ml K\u00e4ytt\u00f6: Levit\u00e4 3-6 kertaa p\u00e4iv\u00e4ss\u00e4 vaurioituneelle alueelle hyvin kevyin taputtelevin liikkein. Suunniteltu k\u00e4ytett\u00e4v\u00e4ksi esteettisten toimenpiteiden ja p&amp;aringin j\u00e4lkeen; &auml;rr.<\/p>\n","protected":false},"featured_media":142674,"comment_status":"open","ping_status":"closed","template":"","meta":{"_trash_the_other_posts":false},"product_brand":[],"product_cat":[614],"product_tag":[],"berocket_brand":[1317],"class_list":{"0":"post-142676","1":"product","2":"type-product","3":"status-publish","4":"has-post-thumbnail","6":"product_cat-seerumi","7":"pa_brand-filorga","8":"berocket_brand-filorga","10":"first","11":"instock","12":"sale","13":"taxable","14":"shipping-taxable","15":"purchasable","16":"product-type-simple"},"_links":{"self":[{"href":"https:\/\/stylingagenten.com\/fi\/wp-json\/wp\/v2\/product\/142676","targetHints":{"allow":["GET"]}}],"collection":[{"href":"https:\/\/stylingagenten.com\/fi\/wp-json\/wp\/v2\/product"}],"about":[{"href":"https:\/\/stylingagenten.com\/fi\/wp-json\/wp\/v2\/types\/product"}],"replies":[{"embeddable":true,"href":"https:\/\/stylingagenten.com\/fi\/wp-json\/wp\/v2\/comments?post=142676"}],"version-history":[{"count":0,"href":"https:\/\/stylingagenten.com\/fi\/wp-json\/wp\/v2\/product\/142676\/revisions"}],"wp:featuredmedia":[{"embeddable":true,"href":"https:\/\/stylingagenten.com\/fi\/wp-json\/wp\/v2\/media\/142674"}],"wp:attachment":[{"href":"https:\/\/stylingagenten.com\/fi\/wp-json\/wp\/v2\/media?parent=142676"}],"wp:term":[{"taxonomy":"product_brand","embeddable":true,"href":"https:\/\/stylingagenten.com\/fi\/wp-json\/wp\/v2\/product_brand?post=142676"},{"taxonomy":"product_cat","embeddable":true,"href":"https:\/\/stylingagenten.com\/fi\/wp-json\/wp\/v2\/product_cat?post=142676"},{"taxonomy":"product_tag","embeddable":true,"href":"https:\/\/stylingagenten.com\/fi\/wp-json\/wp\/v2\/product_tag?post=142676"},{"taxonomy":"berocket_brand","embeddable":true,"href":"https:\/\/stylingagenten.com\/fi\/wp-json\/wp\/v2\/berocket_brand?post=142676"}],"curies":[{"name":"wp","href":"https:\/\/api.w.org\/{rel}","templated":true}]}}