{"id":142650,"date":"2025-05-18T23:20:18","date_gmt":"2025-05-18T23:20:18","guid":{"rendered":"https:\/\/staging2.stylingagenten.com\/fi\/produkt\/peter-thomas-roth-potent-c-targeted-spot-brightener-15ml\/"},"modified":"2026-03-30T07:31:51","modified_gmt":"2026-03-30T07:31:51","slug":"peter-thomas-roth-potent-c-targeted-spot-brightener-15ml","status":"publish","type":"product","link":"https:\/\/stylingagenten.com\/fi\/tuote\/peter-thomas-roth-potent-c-targeted-spot-brightener-15ml\/","title":{"rendered":"Peter Thomas Roth Potent-C Targeted Spot Brightener 15ml"},"content":{"rendered":"<p>Tehokas Peter Thomas Roth tumma t\u00e4pl\u00e4hoito, jonka tehona ovat edistyneet ihoa kirkastavat aktiiviaineet ja THD-askorbaatti \u2013 megatehokas, eritt\u00e4in vakaa C-vitamiinin muoto.<\/p>\n<p>Osoille<\/p>\n<p>&nbsp; &nbsp; 10 % THD-askorbaattia (50 kertaa tehokkaampi kuin perinteinen C-vitamiini) on ensin vahvistettu 3 % E-vitamiinilla ja 2 % ferulihapolla voimakkaiden kirkasteiden aikaansaamiseksi.<\/p>\n<p>&amp;nbsp ; &nbsp; Gwennis, aktiivinen lev\u00e4uute, auttaa v\u00e4hent\u00e4m\u00e4\u00e4n ihon ulkon\u00e4k\u00f6\u00e4 tummia pisteit\u00e4 jopa 75 %*<\/p>\n<p>&nbsp; &nbsp; Angelica Root Extract auttaa my\u00f6s; ulkon\u00e4\u00f6n minimoimiseksi tummia pisteit\u00e4<\/p>\n","protected":false},"excerpt":{"rendered":"<p>Tehokas Peter Thomas Roth tumma t\u00e4pl\u00e4hoito, jonka tehona ovat edistyneet ihoa kirkastavat aktiiviaineet ja THD-askorbaatti \u2013 megatehokas, eritt\u00e4in vakaa C-vitamiinin muoto. Osoille &nbsp; &nbsp; 10 % THD-askorbaattia (50 kertaa tehokkaampi kuin perinteinen C-vitamiini) on ensin vahvistettu 3 % E-vitamiinilla ja 2 % ferulihapolla voimakkaiden kirkasteiden aikaansaamiseksi. &amp;nbsp ; &nbsp; Gwennis, aktiivinen lev\u00e4uute, auttaa v\u00e4hent\u00e4m\u00e4\u00e4n ihon [&hellip;]<\/p>\n","protected":false},"featured_media":142638,"comment_status":"open","ping_status":"closed","template":"","meta":{"_trash_the_other_posts":false},"product_brand":[],"product_cat":[614],"product_tag":[],"berocket_brand":[1246],"class_list":{"0":"post-142650","1":"product","2":"type-product","3":"status-publish","4":"has-post-thumbnail","6":"product_cat-seerumi","7":"pa_brand-peter-thomas-roth","8":"berocket_brand-peter-thomas-roth","10":"first","11":"instock","12":"sale","13":"taxable","14":"shipping-taxable","15":"purchasable","16":"product-type-simple"},"_links":{"self":[{"href":"https:\/\/stylingagenten.com\/fi\/wp-json\/wp\/v2\/product\/142650","targetHints":{"allow":["GET"]}}],"collection":[{"href":"https:\/\/stylingagenten.com\/fi\/wp-json\/wp\/v2\/product"}],"about":[{"href":"https:\/\/stylingagenten.com\/fi\/wp-json\/wp\/v2\/types\/product"}],"replies":[{"embeddable":true,"href":"https:\/\/stylingagenten.com\/fi\/wp-json\/wp\/v2\/comments?post=142650"}],"version-history":[{"count":0,"href":"https:\/\/stylingagenten.com\/fi\/wp-json\/wp\/v2\/product\/142650\/revisions"}],"wp:featuredmedia":[{"embeddable":true,"href":"https:\/\/stylingagenten.com\/fi\/wp-json\/wp\/v2\/media\/142638"}],"wp:attachment":[{"href":"https:\/\/stylingagenten.com\/fi\/wp-json\/wp\/v2\/media?parent=142650"}],"wp:term":[{"taxonomy":"product_brand","embeddable":true,"href":"https:\/\/stylingagenten.com\/fi\/wp-json\/wp\/v2\/product_brand?post=142650"},{"taxonomy":"product_cat","embeddable":true,"href":"https:\/\/stylingagenten.com\/fi\/wp-json\/wp\/v2\/product_cat?post=142650"},{"taxonomy":"product_tag","embeddable":true,"href":"https:\/\/stylingagenten.com\/fi\/wp-json\/wp\/v2\/product_tag?post=142650"},{"taxonomy":"berocket_brand","embeddable":true,"href":"https:\/\/stylingagenten.com\/fi\/wp-json\/wp\/v2\/berocket_brand?post=142650"}],"curies":[{"name":"wp","href":"https:\/\/api.w.org\/{rel}","templated":true}]}}