{"id":142491,"date":"2025-05-18T23:19:38","date_gmt":"2025-05-18T23:19:38","guid":{"rendered":"https:\/\/staging2.stylingagenten.com\/fi\/produkt\/elizabeth-arden-hyaluronic-acid-ceramide-capsules-hydra-plumping-serum-30-pcs\/"},"modified":"2026-04-10T16:38:30","modified_gmt":"2026-04-10T16:38:30","slug":"elizabeth-arden-hyaluronic-acid-ceramide-capsules-hydra-plumping-serum-30-pcs","status":"publish","type":"product","link":"https:\/\/stylingagenten.com\/fi\/tuote\/elizabeth-arden-hyaluronic-acid-ceramide-capsules-hydra-plumping-serum-30-pcs\/","title":{"rendered":"Elizabeth Arden Hyaluronic Acid Ceramide Capsules Hydra-Plumping Serum 30 pcs"},"content":{"rendered":"<p>Elizabeth Arden Hyaluronic Acid Ceramide Capsules Hydra-Plumping Serum 30 kpl<br \/>Elizabeth Arden esittelee j\u00e4lleen yhden suositun Ceramide-sarjansa t\u00e4htituotteen, Ceramide Hyaluronihappokapselit, jotka kohdistavat p\u00e4ivitt\u00e4isen annoksen v\u00e4ltt\u00e4m\u00e4tt\u00f6mi\u00e4 keramideja ja hyaluronihappoa.<br \/>&#8211; <br \/> Kapseleiden kaksois &#8221;lukitusj\u00e4rjestelm\u00e4&#8221; tarkoittaa, ett\u00e4 hyaluronihappo imee kosteutta ihoon, kun taas keramidit vahvistavat ihon suojakerrosta, mik\u00e4 puolestaan \u200b\u200blukitsee kosteuden ja saa sen pysym\u00e4\u00e4n. Keramidit ja hyaluronihappo t\u00e4ydent\u00e4v\u00e4t toisiaan useilla hy\u00f6dyllisill\u00e4 tavoilla \u2013 ne palauttavat ihon tarvitsemat, mutta ajan my\u00f6t\u00e4 menett\u00e4m\u00e4t nuoruuden perustekij\u00e4t ja toimivat kosteuden kanssa: hyaluronihapon erilaiset molekyylikoot kosteuttavat useilla tasoilla ja ihoa vahvistavat keramidit vahvistavat ihoa. suojaa kosteuden menetykselt\u00e4 ja tasoittaa ihoa. Peptidit kiinte\u00e4mp\u00e4\u00e4n ihoon ja inkiv\u00e4\u00e4riuute auttavat m\u00e4\u00e4rittelem\u00e4\u00e4n kasvojen \u00e4\u00e4riviivat.<br \/>&#8211;<br \/>Ceramide hyaluronihappokapselit auttavat sinua visuaalisesti t\u00e4ytel\u00e4isemm\u00e4ksi, kiinte\u00e4ksi ja intensiivisesti kosteutetun ihon. \u00c4l\u00e4 unohda, ett\u00e4 jokainen kapseli on 100 % kasvi- ja mineraalipohjainen ja siksi biohajoava.<br \/>-Antaa kunnollisen kosteuslis\u00e4yksen, joka kosteuttaa muuten kuivaa ihoa<br \/>-Vahvistaa ja muotoilee kasvojen muotoja n\u00e4kyv\u00e4sti<br \/>-H\u00f6yhenet -kevyt geeliseerumi tehokkaana, voimakkaana kerta-annoksena<br \/>-T\u00e4ydent\u00e4\u00e4 keramideilla, jotka vahvistavat ihosuojaa<\/p>\n","protected":false},"excerpt":{"rendered":"<p>Elizabeth Arden Hyaluronic Acid Ceramide Capsules Hydra-Plumping Serum 30 kplElizabeth Arden esittelee j\u00e4lleen yhden suositun Ceramide-sarjansa t\u00e4htituotteen, Ceramide Hyaluronihappokapselit, jotka kohdistavat p\u00e4ivitt\u00e4isen annoksen v\u00e4ltt\u00e4m\u00e4tt\u00f6mi\u00e4 keramideja ja hyaluronihappoa.&#8211; Kapseleiden kaksois &#8221;lukitusj\u00e4rjestelm\u00e4&#8221; tarkoittaa, ett\u00e4 hyaluronihappo imee kosteutta ihoon, kun taas keramidit vahvistavat ihon suojakerrosta, mik\u00e4 puolestaan \u200b\u200blukitsee kosteuden ja saa sen pysym\u00e4\u00e4n. Keramidit ja hyaluronihappo t\u00e4ydent\u00e4v\u00e4t toisiaan [&hellip;]<\/p>\n","protected":false},"featured_media":142483,"comment_status":"open","ping_status":"closed","template":"","meta":{"_trash_the_other_posts":false},"product_brand":[],"product_cat":[614],"product_tag":[],"berocket_brand":[1303],"class_list":{"0":"post-142491","1":"product","2":"type-product","3":"status-publish","4":"has-post-thumbnail","6":"product_cat-seerumi","7":"pa_brand-elizabeth-arden","8":"berocket_brand-elizabeth-arden","10":"first","11":"instock","12":"sale","13":"taxable","14":"shipping-taxable","15":"purchasable","16":"product-type-simple"},"_links":{"self":[{"href":"https:\/\/stylingagenten.com\/fi\/wp-json\/wp\/v2\/product\/142491","targetHints":{"allow":["GET"]}}],"collection":[{"href":"https:\/\/stylingagenten.com\/fi\/wp-json\/wp\/v2\/product"}],"about":[{"href":"https:\/\/stylingagenten.com\/fi\/wp-json\/wp\/v2\/types\/product"}],"replies":[{"embeddable":true,"href":"https:\/\/stylingagenten.com\/fi\/wp-json\/wp\/v2\/comments?post=142491"}],"version-history":[{"count":0,"href":"https:\/\/stylingagenten.com\/fi\/wp-json\/wp\/v2\/product\/142491\/revisions"}],"wp:featuredmedia":[{"embeddable":true,"href":"https:\/\/stylingagenten.com\/fi\/wp-json\/wp\/v2\/media\/142483"}],"wp:attachment":[{"href":"https:\/\/stylingagenten.com\/fi\/wp-json\/wp\/v2\/media?parent=142491"}],"wp:term":[{"taxonomy":"product_brand","embeddable":true,"href":"https:\/\/stylingagenten.com\/fi\/wp-json\/wp\/v2\/product_brand?post=142491"},{"taxonomy":"product_cat","embeddable":true,"href":"https:\/\/stylingagenten.com\/fi\/wp-json\/wp\/v2\/product_cat?post=142491"},{"taxonomy":"product_tag","embeddable":true,"href":"https:\/\/stylingagenten.com\/fi\/wp-json\/wp\/v2\/product_tag?post=142491"},{"taxonomy":"berocket_brand","embeddable":true,"href":"https:\/\/stylingagenten.com\/fi\/wp-json\/wp\/v2\/berocket_brand?post=142491"}],"curies":[{"name":"wp","href":"https:\/\/api.w.org\/{rel}","templated":true}]}}