{"id":142471,"date":"2025-05-18T23:19:34","date_gmt":"2025-05-18T23:19:34","guid":{"rendered":"https:\/\/staging2.stylingagenten.com\/fi\/produkt\/beauty-of-joseon-ginseng-essence-water-150ml\/"},"modified":"2026-03-04T13:20:04","modified_gmt":"2026-03-04T13:20:04","slug":"beauty-of-joseon-ginseng-essence-water-150ml","status":"publish","type":"product","link":"https:\/\/stylingagenten.com\/fi\/tuote\/beauty-of-joseon-ginseng-essence-water-150ml\/","title":{"rendered":"Beauty of Joseon Ginseng Essence Water 150ml"},"content":{"rendered":"<p>Beauty of Joseon Ginseng Essence Water 150ml<br \/>Ginseng Essence Water sis\u00e4lt\u00e4\u00e4 80 % ginsengvett\u00e4 ja keskittyy itse ginsengin hy\u00f6tyihin, sill\u00e4 se kosteuttaa ja ravitsee ihoa riitt\u00e4v\u00e4sti. Se t\u00e4ydent\u00e4\u00e4 asianmukaisesti kosteutta ja ravintoaineita, jotta iho pysyy kosteutettuna pitk\u00e4\u00e4n.<br \/>T\u00e4m\u00e4 olemus on iholta, joka on rasvainen ulkoa mutta kuiva sis\u00e4lt\u00e4, sek\u00e4 herk\u00e4lle iholle, jota ulkoiset tekij\u00e4t vahingoittavat helposti. <br \/>Se sis\u00e4lt\u00e4\u00e4 my\u00f6s 2 % niasiiniamidia ja 0,04 % adenosiinia, mik\u00e4 tarjoaa lis\u00e4etuja talin ja ryppyjen hallintaan.<\/p>\n","protected":false},"excerpt":{"rendered":"<p>Beauty of Joseon Ginseng Essence Water 150mlGinseng Essence Water sis\u00e4lt\u00e4\u00e4 80 % ginsengvett\u00e4 ja keskittyy itse ginsengin hy\u00f6tyihin, sill\u00e4 se kosteuttaa ja ravitsee ihoa riitt\u00e4v\u00e4sti. Se t\u00e4ydent\u00e4\u00e4 asianmukaisesti kosteutta ja ravintoaineita, jotta iho pysyy kosteutettuna pitk\u00e4\u00e4n.T\u00e4m\u00e4 olemus on iholta, joka on rasvainen ulkoa mutta kuiva sis\u00e4lt\u00e4, sek\u00e4 herk\u00e4lle iholle, jota ulkoiset tekij\u00e4t vahingoittavat helposti. Se [&hellip;]<\/p>\n","protected":false},"featured_media":142453,"comment_status":"open","ping_status":"closed","template":"","meta":{"_trash_the_other_posts":false},"product_brand":[],"product_cat":[654,1001],"product_tag":[2482],"berocket_brand":[1395],"class_list":{"0":"post-142471","1":"product","2":"type-product","3":"status-publish","4":"has-post-thumbnail","6":"product_cat-aania","7":"product_cat-k-beauty","8":"product_tag-beauty-of-joseon-ginseng-essence-water","9":"pa_brand-beauty-of-joseon","10":"pa_variantti-150ml","11":"berocket_brand-beauty-of-joseon","13":"first","14":"instock","15":"sale","16":"taxable","17":"shipping-taxable","18":"purchasable","19":"product-type-simple"},"_links":{"self":[{"href":"https:\/\/stylingagenten.com\/fi\/wp-json\/wp\/v2\/product\/142471","targetHints":{"allow":["GET"]}}],"collection":[{"href":"https:\/\/stylingagenten.com\/fi\/wp-json\/wp\/v2\/product"}],"about":[{"href":"https:\/\/stylingagenten.com\/fi\/wp-json\/wp\/v2\/types\/product"}],"replies":[{"embeddable":true,"href":"https:\/\/stylingagenten.com\/fi\/wp-json\/wp\/v2\/comments?post=142471"}],"version-history":[{"count":0,"href":"https:\/\/stylingagenten.com\/fi\/wp-json\/wp\/v2\/product\/142471\/revisions"}],"wp:featuredmedia":[{"embeddable":true,"href":"https:\/\/stylingagenten.com\/fi\/wp-json\/wp\/v2\/media\/142453"}],"wp:attachment":[{"href":"https:\/\/stylingagenten.com\/fi\/wp-json\/wp\/v2\/media?parent=142471"}],"wp:term":[{"taxonomy":"product_brand","embeddable":true,"href":"https:\/\/stylingagenten.com\/fi\/wp-json\/wp\/v2\/product_brand?post=142471"},{"taxonomy":"product_cat","embeddable":true,"href":"https:\/\/stylingagenten.com\/fi\/wp-json\/wp\/v2\/product_cat?post=142471"},{"taxonomy":"product_tag","embeddable":true,"href":"https:\/\/stylingagenten.com\/fi\/wp-json\/wp\/v2\/product_tag?post=142471"},{"taxonomy":"berocket_brand","embeddable":true,"href":"https:\/\/stylingagenten.com\/fi\/wp-json\/wp\/v2\/berocket_brand?post=142471"}],"curies":[{"name":"wp","href":"https:\/\/api.w.org\/{rel}","templated":true}]}}