{"id":142371,"date":"2025-05-18T23:19:09","date_gmt":"2025-05-18T23:19:09","guid":{"rendered":"https:\/\/staging2.stylingagenten.com\/fi\/produkt\/nuxe-merveillance-lift-firming-activating-oil-serum-30ml\/"},"modified":"2025-11-19T12:44:54","modified_gmt":"2025-11-19T12:44:54","slug":"nuxe-merveillance-lift-firming-activating-oil-serum-30ml","status":"publish","type":"product","link":"https:\/\/stylingagenten.com\/fi\/tuote\/nuxe-merveillance-lift-firming-activating-oil-serum-30ml\/","title":{"rendered":"Nuxe Merveillance Lift Firming Activating Oil Serum 30ml"},"content":{"rendered":"<p>Nuxe Merveillance Lift Firming Activating Oil Serum on ik\u00e4\u00e4ntymist\u00e4 ehk\u00e4isev\u00e4 \u00f6ljyseerumi, joka sis\u00e4lt\u00e4\u00e4 eritt\u00e4in korjaavaa mikrolev\u00e4\u00f6ljy\u00e4, aktiivista ainesosaa, joka keskittyy 4 miljardin luonnollisen solun voimaan yhdess\u00e4 pisarassa vahvistaakseen ihoasi joka p\u00e4iv\u00e4.<\/p>\n<p>Vain 3 tippaa riitt\u00e4\u00e4 v\u00e4litt\u00f6m\u00e4sti sile\u00e4mm\u00e4n, joustavamman ja kiinte\u00e4mm\u00e4n ihon saavuttamiseksi. Iho muuttuu vahvemmaksi, kest\u00e4v\u00e4mm\u00e4ksi ja n\u00e4kyv\u00e4sti nuorekkaammaksi. T\u00e4ydellinen seerumi kaikille ihotyypeille sen ei-rasvaisen \u00f6ljyisen koostumuksen ansiosta. Anti-age-vaikutus ja \u00e4\u00e4rimm\u00e4inen nautinto, jossa on hienovaraisia kukkien ja myskin s\u00e4vyj\u00e4.<\/p>\n<p>30ml<\/p>\n","protected":false},"excerpt":{"rendered":"<p>Nuxe Merveillance Lift Firming Activating Oil Serum on ik\u00e4\u00e4ntymist\u00e4 ehk\u00e4isev\u00e4 \u00f6ljyseerumi, joka sis\u00e4lt\u00e4\u00e4 eritt\u00e4in korjaavaa mikrolev\u00e4\u00f6ljy\u00e4, aktiivista ainesosaa, joka keskittyy 4 miljardin luonnollisen solun voimaan yhdess\u00e4 pisarassa vahvistaakseen ihoasi joka p\u00e4iv\u00e4. Vain 3 tippaa riitt\u00e4\u00e4 v\u00e4litt\u00f6m\u00e4sti sile\u00e4mm\u00e4n, joustavamman ja kiinte\u00e4mm\u00e4n ihon saavuttamiseksi. Iho muuttuu vahvemmaksi, kest\u00e4v\u00e4mm\u00e4ksi ja n\u00e4kyv\u00e4sti nuorekkaammaksi. T\u00e4ydellinen seerumi kaikille ihotyypeille sen ei-rasvaisen [&hellip;]<\/p>\n","protected":false},"featured_media":142356,"comment_status":"open","ping_status":"closed","template":"","meta":{"_trash_the_other_posts":false},"product_brand":[],"product_cat":[614],"product_tag":[],"berocket_brand":[1024],"class_list":{"0":"post-142371","1":"product","2":"type-product","3":"status-publish","4":"has-post-thumbnail","6":"product_cat-seerumi","7":"pa_brand-nuxe","8":"berocket_brand-nuxe","10":"first","11":"instock","12":"sale","13":"taxable","14":"shipping-taxable","15":"purchasable","16":"product-type-simple"},"_links":{"self":[{"href":"https:\/\/stylingagenten.com\/fi\/wp-json\/wp\/v2\/product\/142371","targetHints":{"allow":["GET"]}}],"collection":[{"href":"https:\/\/stylingagenten.com\/fi\/wp-json\/wp\/v2\/product"}],"about":[{"href":"https:\/\/stylingagenten.com\/fi\/wp-json\/wp\/v2\/types\/product"}],"replies":[{"embeddable":true,"href":"https:\/\/stylingagenten.com\/fi\/wp-json\/wp\/v2\/comments?post=142371"}],"version-history":[{"count":0,"href":"https:\/\/stylingagenten.com\/fi\/wp-json\/wp\/v2\/product\/142371\/revisions"}],"wp:featuredmedia":[{"embeddable":true,"href":"https:\/\/stylingagenten.com\/fi\/wp-json\/wp\/v2\/media\/142356"}],"wp:attachment":[{"href":"https:\/\/stylingagenten.com\/fi\/wp-json\/wp\/v2\/media?parent=142371"}],"wp:term":[{"taxonomy":"product_brand","embeddable":true,"href":"https:\/\/stylingagenten.com\/fi\/wp-json\/wp\/v2\/product_brand?post=142371"},{"taxonomy":"product_cat","embeddable":true,"href":"https:\/\/stylingagenten.com\/fi\/wp-json\/wp\/v2\/product_cat?post=142371"},{"taxonomy":"product_tag","embeddable":true,"href":"https:\/\/stylingagenten.com\/fi\/wp-json\/wp\/v2\/product_tag?post=142371"},{"taxonomy":"berocket_brand","embeddable":true,"href":"https:\/\/stylingagenten.com\/fi\/wp-json\/wp\/v2\/berocket_brand?post=142371"}],"curies":[{"name":"wp","href":"https:\/\/api.w.org\/{rel}","templated":true}]}}