{"id":142328,"date":"2025-05-18T23:18:58","date_gmt":"2025-05-18T23:18:58","guid":{"rendered":"https:\/\/staging2.stylingagenten.com\/fi\/produkt\/dermalogica-age-smart-biolumin-c-serum-59ml\/"},"modified":"2026-04-08T15:30:14","modified_gmt":"2026-04-08T15:30:14","slug":"dermalogica-age-smart-biolumin-c-serum-59ml","status":"publish","type":"product","link":"https:\/\/stylingagenten.com\/fi\/tuote\/dermalogica-age-smart-biolumin-c-serum-59ml\/","title":{"rendered":"Dermalogica AGE Smart BioLumin-C Serum 59ml"},"content":{"rendered":"<p>Dermalogica AGE Smart BioLumin-C Serum tarjoaa maksimaalisen annoksen stabiilia C-vitamiinia, mik\u00e4 lis\u00e4\u00e4 ihon hehkua ja tasoittaa sen rakennetta. Ihosta tulee tasaisemman s\u00e4vyinen, ja ep\u00e4tasainen pigmentaatio v\u00e4henee. Soluja uudistavien ainesosien avulla ihon pinta tasoittuu ja kimmoisuus paranee. Seerumi auttaa my\u00f6s torjumaan vapaiden radikaalien aiheuttamia vaurioita.<\/p>\n<p>C-vitamiinikompleksi: Kaksi eritt\u00e4in vakaata C-vitamiinin johdannaista sek\u00e4 ainutlaatuinen peptidi (palmitoyylitripeptidi-5) stimuloivat ihon luonnollista kollageenituotantoa, mik\u00e4 tekee ihosta tasaisemman, sile\u00e4mm\u00e4n ja hehkuvamman.<br \/>\n<br \/>Maitohappo: T\u00e4m\u00e4 AHA poistaa kuolleita ihosoluja, lis\u00e4\u00e4 solujen uusiutumista ja valmistelee ihon muille aktiivisille ainesosille. Se tuo my\u00f6s iholle hehkua ja tasapainottaa sen mikrobiomia.<br \/>\n<br \/>Pagodipuun kukkauute (Sophora Japonica Flower Extract): Sis\u00e4lt\u00e4\u00e4 flavonoideja, joilla on voimakkaita antioksidanttisia ominaisuuksia, ja se rauhoittaa ihoa vapaiden radikaalien vaikutuksilta.<br \/>\n<br \/>Chia\u00f6ljy (Salvia Hispanica Oil): Sis\u00e4lt\u00e4\u00e4 antioksidantteja ja pehment\u00e4\u00e4 ihoa.<br \/>\n<br \/>59ml<\/p>\n","protected":false},"excerpt":{"rendered":"<p>Dermalogica AGE Smart BioLumin-C Serum tarjoaa maksimaalisen annoksen stabiilia C-vitamiinia, mik\u00e4 lis\u00e4\u00e4 ihon hehkua ja tasoittaa sen rakennetta. Ihosta tulee tasaisemman s\u00e4vyinen, ja ep\u00e4tasainen pigmentaatio v\u00e4henee. Soluja uudistavien ainesosien avulla ihon pinta tasoittuu ja kimmoisuus paranee. Seerumi auttaa my\u00f6s torjumaan vapaiden radikaalien aiheuttamia vaurioita. C-vitamiinikompleksi: Kaksi eritt\u00e4in vakaata C-vitamiinin johdannaista sek\u00e4 ainutlaatuinen peptidi (palmitoyylitripeptidi-5) stimuloivat [&hellip;]<\/p>\n","protected":false},"featured_media":142321,"comment_status":"open","ping_status":"closed","template":"","meta":{"_trash_the_other_posts":false},"product_brand":[],"product_cat":[614],"product_tag":[2791],"berocket_brand":[1420],"class_list":{"0":"post-142328","1":"product","2":"type-product","3":"status-publish","4":"has-post-thumbnail","6":"product_cat-seerumi","7":"product_tag-dermalogica-age-smart-biolumin-c-serum","8":"pa_brand-dermalogica","9":"pa_variantti-59ml","10":"berocket_brand-dermalogica","12":"first","13":"outofstock","14":"sale","15":"taxable","16":"shipping-taxable","17":"purchasable","18":"product-type-simple"},"_links":{"self":[{"href":"https:\/\/stylingagenten.com\/fi\/wp-json\/wp\/v2\/product\/142328","targetHints":{"allow":["GET"]}}],"collection":[{"href":"https:\/\/stylingagenten.com\/fi\/wp-json\/wp\/v2\/product"}],"about":[{"href":"https:\/\/stylingagenten.com\/fi\/wp-json\/wp\/v2\/types\/product"}],"replies":[{"embeddable":true,"href":"https:\/\/stylingagenten.com\/fi\/wp-json\/wp\/v2\/comments?post=142328"}],"version-history":[{"count":0,"href":"https:\/\/stylingagenten.com\/fi\/wp-json\/wp\/v2\/product\/142328\/revisions"}],"wp:featuredmedia":[{"embeddable":true,"href":"https:\/\/stylingagenten.com\/fi\/wp-json\/wp\/v2\/media\/142321"}],"wp:attachment":[{"href":"https:\/\/stylingagenten.com\/fi\/wp-json\/wp\/v2\/media?parent=142328"}],"wp:term":[{"taxonomy":"product_brand","embeddable":true,"href":"https:\/\/stylingagenten.com\/fi\/wp-json\/wp\/v2\/product_brand?post=142328"},{"taxonomy":"product_cat","embeddable":true,"href":"https:\/\/stylingagenten.com\/fi\/wp-json\/wp\/v2\/product_cat?post=142328"},{"taxonomy":"product_tag","embeddable":true,"href":"https:\/\/stylingagenten.com\/fi\/wp-json\/wp\/v2\/product_tag?post=142328"},{"taxonomy":"berocket_brand","embeddable":true,"href":"https:\/\/stylingagenten.com\/fi\/wp-json\/wp\/v2\/berocket_brand?post=142328"}],"curies":[{"name":"wp","href":"https:\/\/api.w.org\/{rel}","templated":true}]}}