{"id":142286,"date":"2025-05-18T23:18:47","date_gmt":"2025-05-18T23:18:47","guid":{"rendered":"https:\/\/staging2.stylingagenten.com\/fi\/produkt\/ren-everhydrate-marine-moisture-restore-serum-30ml\/"},"modified":"2026-03-20T07:18:07","modified_gmt":"2026-03-20T07:18:07","slug":"ren-everhydrate-marine-moisture-restore-serum-30ml","status":"publish","type":"product","link":"https:\/\/stylingagenten.com\/fi\/tuote\/ren-everhydrate-marine-moisture-restore-serum-30ml\/","title":{"rendered":"REN Everhydrate Marine Moisture-Restore Serum 30ml"},"content":{"rendered":"<p>REN Everhydrate Marine Moisture-Restore Serum on kosteuttava seerumi, joka sis\u00e4lt\u00e4\u00e4 hyaluronihappoa ja antaa iholle energiaa sek\u00e4 kosteutusta jopa 72 tunnin ajan, tehden ihosta n\u00e4kyv\u00e4sti t\u00e4ytel\u00e4isen ja elinvoimaisen. Makean veden lev\u00e4t tarjoavat iholle vitamiineja, mineraaleja ja antioksidantteja. Hyaluronihappo yll\u00e4pit\u00e4\u00e4 ihon kosteustasapainoa ja sill\u00e4 on silottava vaikutus. Sopii my\u00f6s herk\u00e4lle iholle.<br \/>\n<br \/>30ml<\/p>\n","protected":false},"excerpt":{"rendered":"<p>REN Everhydrate Marine Moisture-Restore Serum on kosteuttava seerumi, joka sis\u00e4lt\u00e4\u00e4 hyaluronihappoa ja antaa iholle energiaa sek\u00e4 kosteutusta jopa 72 tunnin ajan, tehden ihosta n\u00e4kyv\u00e4sti t\u00e4ytel\u00e4isen ja elinvoimaisen. Makean veden lev\u00e4t tarjoavat iholle vitamiineja, mineraaleja ja antioksidantteja. Hyaluronihappo yll\u00e4pit\u00e4\u00e4 ihon kosteustasapainoa ja sill\u00e4 on silottava vaikutus. Sopii my\u00f6s herk\u00e4lle iholle. 30ml<\/p>\n","protected":false},"featured_media":142277,"comment_status":"open","ping_status":"closed","template":"","meta":{"_trash_the_other_posts":false},"product_brand":[],"product_cat":[614],"product_tag":[],"berocket_brand":[1275],"class_list":{"0":"post-142286","1":"product","2":"type-product","3":"status-publish","4":"has-post-thumbnail","6":"product_cat-seerumi","7":"pa_brand-ren","8":"berocket_brand-ren","10":"first","11":"instock","12":"sale","13":"taxable","14":"shipping-taxable","15":"purchasable","16":"product-type-simple"},"_links":{"self":[{"href":"https:\/\/stylingagenten.com\/fi\/wp-json\/wp\/v2\/product\/142286","targetHints":{"allow":["GET"]}}],"collection":[{"href":"https:\/\/stylingagenten.com\/fi\/wp-json\/wp\/v2\/product"}],"about":[{"href":"https:\/\/stylingagenten.com\/fi\/wp-json\/wp\/v2\/types\/product"}],"replies":[{"embeddable":true,"href":"https:\/\/stylingagenten.com\/fi\/wp-json\/wp\/v2\/comments?post=142286"}],"version-history":[{"count":0,"href":"https:\/\/stylingagenten.com\/fi\/wp-json\/wp\/v2\/product\/142286\/revisions"}],"wp:featuredmedia":[{"embeddable":true,"href":"https:\/\/stylingagenten.com\/fi\/wp-json\/wp\/v2\/media\/142277"}],"wp:attachment":[{"href":"https:\/\/stylingagenten.com\/fi\/wp-json\/wp\/v2\/media?parent=142286"}],"wp:term":[{"taxonomy":"product_brand","embeddable":true,"href":"https:\/\/stylingagenten.com\/fi\/wp-json\/wp\/v2\/product_brand?post=142286"},{"taxonomy":"product_cat","embeddable":true,"href":"https:\/\/stylingagenten.com\/fi\/wp-json\/wp\/v2\/product_cat?post=142286"},{"taxonomy":"product_tag","embeddable":true,"href":"https:\/\/stylingagenten.com\/fi\/wp-json\/wp\/v2\/product_tag?post=142286"},{"taxonomy":"berocket_brand","embeddable":true,"href":"https:\/\/stylingagenten.com\/fi\/wp-json\/wp\/v2\/berocket_brand?post=142286"}],"curies":[{"name":"wp","href":"https:\/\/api.w.org\/{rel}","templated":true}]}}