{"id":142273,"date":"2025-05-18T23:18:43","date_gmt":"2025-05-18T23:18:43","guid":{"rendered":"https:\/\/staging2.stylingagenten.com\/fi\/produkt\/purito-pure-vitamin-c-serum-60ml\/"},"modified":"2026-04-01T14:02:48","modified_gmt":"2026-04-01T14:02:48","slug":"purito-pure-vitamin-c-serum-60ml","status":"publish","type":"product","link":"https:\/\/stylingagenten.com\/fi\/tuote\/purito-pure-vitamin-c-serum-60ml\/","title":{"rendered":"Purito Pure Vitamin C Serum 60ml"},"content":{"rendered":"<p>Purito Pure Vitamin C Serum on seerumi, jossa on 10 % C-vitamiinia + 94 % hyaluronihappoa. Se palauttaa ihon luonnollisen s\u00e4vyn, v\u00e4hent\u00e4\u00e4 n\u00e4kyv\u00e4sti aknen ja auringon aiheuttamia l\u00e4iski\u00e4, tasoittaa hienoja juonteita ja v\u00e4hent\u00e4\u00e4 ik\u00e4\u00e4ntymisen merkkej\u00e4.<\/p>\n<p>60ml<\/p>\n","protected":false},"excerpt":{"rendered":"<p>Purito Pure Vitamin C Serum on seerumi, jossa on 10 % C-vitamiinia + 94 % hyaluronihappoa. Se palauttaa ihon luonnollisen s\u00e4vyn, v\u00e4hent\u00e4\u00e4 n\u00e4kyv\u00e4sti aknen ja auringon aiheuttamia l\u00e4iski\u00e4, tasoittaa hienoja juonteita ja v\u00e4hent\u00e4\u00e4 ik\u00e4\u00e4ntymisen merkkej\u00e4. 60ml<\/p>\n","protected":false},"featured_media":142251,"comment_status":"open","ping_status":"closed","template":"","meta":{"_trash_the_other_posts":false},"product_brand":[],"product_cat":[614],"product_tag":[],"berocket_brand":[1412],"class_list":{"0":"post-142273","1":"product","2":"type-product","3":"status-publish","4":"has-post-thumbnail","6":"product_cat-seerumi","7":"pa_brand-purito","8":"berocket_brand-purito","10":"first","11":"instock","12":"sale","13":"taxable","14":"shipping-taxable","15":"purchasable","16":"product-type-simple"},"_links":{"self":[{"href":"https:\/\/stylingagenten.com\/fi\/wp-json\/wp\/v2\/product\/142273","targetHints":{"allow":["GET"]}}],"collection":[{"href":"https:\/\/stylingagenten.com\/fi\/wp-json\/wp\/v2\/product"}],"about":[{"href":"https:\/\/stylingagenten.com\/fi\/wp-json\/wp\/v2\/types\/product"}],"replies":[{"embeddable":true,"href":"https:\/\/stylingagenten.com\/fi\/wp-json\/wp\/v2\/comments?post=142273"}],"version-history":[{"count":0,"href":"https:\/\/stylingagenten.com\/fi\/wp-json\/wp\/v2\/product\/142273\/revisions"}],"wp:featuredmedia":[{"embeddable":true,"href":"https:\/\/stylingagenten.com\/fi\/wp-json\/wp\/v2\/media\/142251"}],"wp:attachment":[{"href":"https:\/\/stylingagenten.com\/fi\/wp-json\/wp\/v2\/media?parent=142273"}],"wp:term":[{"taxonomy":"product_brand","embeddable":true,"href":"https:\/\/stylingagenten.com\/fi\/wp-json\/wp\/v2\/product_brand?post=142273"},{"taxonomy":"product_cat","embeddable":true,"href":"https:\/\/stylingagenten.com\/fi\/wp-json\/wp\/v2\/product_cat?post=142273"},{"taxonomy":"product_tag","embeddable":true,"href":"https:\/\/stylingagenten.com\/fi\/wp-json\/wp\/v2\/product_tag?post=142273"},{"taxonomy":"berocket_brand","embeddable":true,"href":"https:\/\/stylingagenten.com\/fi\/wp-json\/wp\/v2\/berocket_brand?post=142273"}],"curies":[{"name":"wp","href":"https:\/\/api.w.org\/{rel}","templated":true}]}}