{"id":142270,"date":"2025-05-18T23:18:42","date_gmt":"2025-05-18T23:18:42","guid":{"rendered":"https:\/\/staging2.stylingagenten.com\/fi\/produkt\/skin1004-madagascar-centella-ampoule-55ml\/"},"modified":"2026-03-24T05:57:43","modified_gmt":"2026-03-24T05:57:43","slug":"skin1004-madagascar-centella-ampoule-55ml","status":"publish","type":"product","link":"https:\/\/stylingagenten.com\/fi\/tuote\/skin1004-madagascar-centella-ampoule-55ml\/","title":{"rendered":"SKIN1004 Madagascar Centella Ampoule 55ml"},"content":{"rendered":"<p>SKIN1004 Madagascar Centella Ampoule on tehokas seerumi heikentyneen ja \u00e4rtyneen ihon suojakerroksen hoitoon. T\u00e4m\u00e4 SKIN1004-seerumi on suunniteltu vahvistamaan ihon suojakerrosta ja auttamaan s\u00e4\u00e4telem\u00e4\u00e4n ihon \u00f6ljy\/vesitasapainoa, jotta saavutetaan optimaalinen kosteustaso, joka ei ole liian rasvainen tai liian kuiva.<\/p>\n<p>Madagascar Centella Ampoule perustuu Madagaskarilta per\u00e4isin olevaan Centella Asiatica -uutteeseen, joka kosteuttaa, hoitaa ja vahvistaa ihon suojakerrosta, antaen iholle terveen hehkun. Centella Asiatica on aasialainen yrtti, joka tunnetaan rauhoittavista, hoitavista ja tulehdusta ehk\u00e4isevist\u00e4 ominaisuuksistaan iholla.<\/p>\n<p>Seerumi sopii kaikille ihotyypeille ja iho-olosuhteille, jotka haluavat hoitaa heikentynytt\u00e4 ja \u00e4rtynytt\u00e4 ihon suojakerrosta.<\/p>\n<p>55ml<\/p>\n","protected":false},"excerpt":{"rendered":"<p>SKIN1004 Madagascar Centella Ampoule on tehokas seerumi heikentyneen ja \u00e4rtyneen ihon suojakerroksen hoitoon. T\u00e4m\u00e4 SKIN1004-seerumi on suunniteltu vahvistamaan ihon suojakerrosta ja auttamaan s\u00e4\u00e4telem\u00e4\u00e4n ihon \u00f6ljy\/vesitasapainoa, jotta saavutetaan optimaalinen kosteustaso, joka ei ole liian rasvainen tai liian kuiva. Madagascar Centella Ampoule perustuu Madagaskarilta per\u00e4isin olevaan Centella Asiatica -uutteeseen, joka kosteuttaa, hoitaa ja vahvistaa ihon suojakerrosta, antaen [&hellip;]<\/p>\n","protected":false},"featured_media":142254,"comment_status":"open","ping_status":"closed","template":"","meta":{"_trash_the_other_posts":false},"product_brand":[],"product_cat":[614],"product_tag":[4001],"berocket_brand":[1999],"class_list":{"0":"post-142270","1":"product","2":"type-product","3":"status-publish","4":"has-post-thumbnail","6":"product_cat-seerumi","7":"product_tag-skin1004-madagascar-centella-ampoule","8":"pa_brand-skin1005","9":"pa_variantti-55ml","10":"berocket_brand-skin1005","12":"first","13":"instock","14":"sale","15":"taxable","16":"shipping-taxable","17":"purchasable","18":"product-type-simple"},"_links":{"self":[{"href":"https:\/\/stylingagenten.com\/fi\/wp-json\/wp\/v2\/product\/142270","targetHints":{"allow":["GET"]}}],"collection":[{"href":"https:\/\/stylingagenten.com\/fi\/wp-json\/wp\/v2\/product"}],"about":[{"href":"https:\/\/stylingagenten.com\/fi\/wp-json\/wp\/v2\/types\/product"}],"replies":[{"embeddable":true,"href":"https:\/\/stylingagenten.com\/fi\/wp-json\/wp\/v2\/comments?post=142270"}],"version-history":[{"count":0,"href":"https:\/\/stylingagenten.com\/fi\/wp-json\/wp\/v2\/product\/142270\/revisions"}],"wp:featuredmedia":[{"embeddable":true,"href":"https:\/\/stylingagenten.com\/fi\/wp-json\/wp\/v2\/media\/142254"}],"wp:attachment":[{"href":"https:\/\/stylingagenten.com\/fi\/wp-json\/wp\/v2\/media?parent=142270"}],"wp:term":[{"taxonomy":"product_brand","embeddable":true,"href":"https:\/\/stylingagenten.com\/fi\/wp-json\/wp\/v2\/product_brand?post=142270"},{"taxonomy":"product_cat","embeddable":true,"href":"https:\/\/stylingagenten.com\/fi\/wp-json\/wp\/v2\/product_cat?post=142270"},{"taxonomy":"product_tag","embeddable":true,"href":"https:\/\/stylingagenten.com\/fi\/wp-json\/wp\/v2\/product_tag?post=142270"},{"taxonomy":"berocket_brand","embeddable":true,"href":"https:\/\/stylingagenten.com\/fi\/wp-json\/wp\/v2\/berocket_brand?post=142270"}],"curies":[{"name":"wp","href":"https:\/\/api.w.org\/{rel}","templated":true}]}}