{"id":142249,"date":"2025-05-18T23:18:37","date_gmt":"2025-05-18T23:18:37","guid":{"rendered":"https:\/\/staging2.stylingagenten.com\/fi\/produkt\/purito-fermented-complex-94-boosting-essence-150ml\/"},"modified":"2025-11-19T12:48:25","modified_gmt":"2025-11-19T12:48:25","slug":"purito-fermented-complex-94-boosting-essence-150ml","status":"publish","type":"product","link":"https:\/\/stylingagenten.com\/fi\/tuote\/purito-fermented-complex-94-boosting-essence-150ml\/","title":{"rendered":"Purito Fermented Complex 94 Boosting Essence 150ml"},"content":{"rendered":"<p>Purito Fermented Complex 94 Boosting Essence on tehokas essenssi, jossa on 94 % fermentoituja yhdisteit\u00e4.<br \/>\n<br \/>Lactobacillus\/riisifermentti toimii hell\u00e4varaisesti ihons\u00e4vyyn ja v\u00e4hent\u00e4\u00e4 hyperpigmentaatiota, kun taas bifida ferment lysaatti auttaa kiinnittym\u00e4\u00e4n ihoon, kosteuttaa ja ehk\u00e4isee ihovaurioita.<\/p>\n<p>Essenssi sis\u00e4lt\u00e4\u00e4 my\u00f6s 3 % niasiiniamidia, jota monet pit\u00e4v\u00e4t v\u00e4ltt\u00e4m\u00e4tt\u00f6m\u00e4n\u00e4 ihonhoidossa ja joka auttaa tasoittamaan ja pehment\u00e4m\u00e4\u00e4n ihon s\u00e4vy\u00e4.<\/p>\n<p>150ml<\/p>\n","protected":false},"excerpt":{"rendered":"<p>Purito Fermented Complex 94 Boosting Essence on tehokas essenssi, jossa on 94 % fermentoituja yhdisteit\u00e4. Lactobacillus\/riisifermentti toimii hell\u00e4varaisesti ihons\u00e4vyyn ja v\u00e4hent\u00e4\u00e4 hyperpigmentaatiota, kun taas bifida ferment lysaatti auttaa kiinnittym\u00e4\u00e4n ihoon, kosteuttaa ja ehk\u00e4isee ihovaurioita. Essenssi sis\u00e4lt\u00e4\u00e4 my\u00f6s 3 % niasiiniamidia, jota monet pit\u00e4v\u00e4t v\u00e4ltt\u00e4m\u00e4tt\u00f6m\u00e4n\u00e4 ihonhoidossa ja joka auttaa tasoittamaan ja pehment\u00e4m\u00e4\u00e4n ihon s\u00e4vy\u00e4. 150ml<\/p>\n","protected":false},"featured_media":142234,"comment_status":"open","ping_status":"closed","template":"","meta":{"_trash_the_other_posts":false},"product_brand":[],"product_cat":[614],"product_tag":[],"berocket_brand":[1412],"class_list":{"0":"post-142249","1":"product","2":"type-product","3":"status-publish","4":"has-post-thumbnail","6":"product_cat-seerumi","7":"pa_brand-purito","8":"berocket_brand-purito","10":"first","11":"instock","12":"sale","13":"taxable","14":"shipping-taxable","15":"purchasable","16":"product-type-simple"},"_links":{"self":[{"href":"https:\/\/stylingagenten.com\/fi\/wp-json\/wp\/v2\/product\/142249","targetHints":{"allow":["GET"]}}],"collection":[{"href":"https:\/\/stylingagenten.com\/fi\/wp-json\/wp\/v2\/product"}],"about":[{"href":"https:\/\/stylingagenten.com\/fi\/wp-json\/wp\/v2\/types\/product"}],"replies":[{"embeddable":true,"href":"https:\/\/stylingagenten.com\/fi\/wp-json\/wp\/v2\/comments?post=142249"}],"version-history":[{"count":0,"href":"https:\/\/stylingagenten.com\/fi\/wp-json\/wp\/v2\/product\/142249\/revisions"}],"wp:featuredmedia":[{"embeddable":true,"href":"https:\/\/stylingagenten.com\/fi\/wp-json\/wp\/v2\/media\/142234"}],"wp:attachment":[{"href":"https:\/\/stylingagenten.com\/fi\/wp-json\/wp\/v2\/media?parent=142249"}],"wp:term":[{"taxonomy":"product_brand","embeddable":true,"href":"https:\/\/stylingagenten.com\/fi\/wp-json\/wp\/v2\/product_brand?post=142249"},{"taxonomy":"product_cat","embeddable":true,"href":"https:\/\/stylingagenten.com\/fi\/wp-json\/wp\/v2\/product_cat?post=142249"},{"taxonomy":"product_tag","embeddable":true,"href":"https:\/\/stylingagenten.com\/fi\/wp-json\/wp\/v2\/product_tag?post=142249"},{"taxonomy":"berocket_brand","embeddable":true,"href":"https:\/\/stylingagenten.com\/fi\/wp-json\/wp\/v2\/berocket_brand?post=142249"}],"curies":[{"name":"wp","href":"https:\/\/api.w.org\/{rel}","templated":true}]}}