{"id":142237,"date":"2025-05-18T23:18:35","date_gmt":"2025-05-18T23:18:35","guid":{"rendered":"https:\/\/staging2.stylingagenten.com\/fi\/produkt\/anua-retinol-0-3-niacin-renewing-serum-30ml\/"},"modified":"2025-11-19T12:50:42","modified_gmt":"2025-11-19T12:50:42","slug":"anua-retinol-0-3-niacin-renewing-serum-30ml","status":"publish","type":"product","link":"https:\/\/stylingagenten.com\/fi\/tuote\/anua-retinol-0-3-niacin-renewing-serum-30ml\/","title":{"rendered":"Anua Retinol 0.3% + Niacin Renewing Serum 30ml"},"content":{"rendered":"<p>ANUA Retinol 0.3% + Niacin Renewing Serum on tehokas hehkua lis\u00e4\u00e4v\u00e4 seerumi, joka sis\u00e4lt\u00e4\u00e4 retinolia ja niasiiniamidia. Se tasoittaa hienoja juonteita ja parantaa hyperpigmentaatiota samalla kun se palauttaa ihon elastisuuden. Rikastettu 8 eri peptidill\u00e4 tehostamaan kosteuttavaa vaikutusta ja v\u00e4hent\u00e4m\u00e4\u00e4n ryppyj\u00e4 entisest\u00e4\u00e4n, samalla kun se minimoi ihohuokosia ja kiinteytt\u00e4\u00e4 velttoa ihoa.<\/p>\n<p>Seerumilla on kosteuttava ja rauhoittava koostumus, joka sis\u00e4lt\u00e4\u00e4 teepuu\u00f6ljy\u00e4, Carapa Guianensis -siemen\u00f6ljy\u00e4 ja keramidia. Tuote on testattu ihon \u00e4rsytyksen varalta ja sopii herk\u00e4lle iholle.<\/p>\n<p>30ml<\/p>\n","protected":false},"excerpt":{"rendered":"<p>ANUA Retinol 0.3% + Niacin Renewing Serum on tehokas hehkua lis\u00e4\u00e4v\u00e4 seerumi, joka sis\u00e4lt\u00e4\u00e4 retinolia ja niasiiniamidia. Se tasoittaa hienoja juonteita ja parantaa hyperpigmentaatiota samalla kun se palauttaa ihon elastisuuden. Rikastettu 8 eri peptidill\u00e4 tehostamaan kosteuttavaa vaikutusta ja v\u00e4hent\u00e4m\u00e4\u00e4n ryppyj\u00e4 entisest\u00e4\u00e4n, samalla kun se minimoi ihohuokosia ja kiinteytt\u00e4\u00e4 velttoa ihoa. Seerumilla on kosteuttava ja rauhoittava [&hellip;]<\/p>\n","protected":false},"featured_media":142224,"comment_status":"open","ping_status":"closed","template":"","meta":{"_trash_the_other_posts":false},"product_brand":[],"product_cat":[614],"product_tag":[],"berocket_brand":[1421],"class_list":{"0":"post-142237","1":"product","2":"type-product","3":"status-publish","4":"has-post-thumbnail","6":"product_cat-seerumi","7":"pa_brand-anua","8":"berocket_brand-anua","10":"first","11":"instock","12":"taxable","13":"shipping-taxable","14":"purchasable","15":"product-type-simple"},"_links":{"self":[{"href":"https:\/\/stylingagenten.com\/fi\/wp-json\/wp\/v2\/product\/142237","targetHints":{"allow":["GET"]}}],"collection":[{"href":"https:\/\/stylingagenten.com\/fi\/wp-json\/wp\/v2\/product"}],"about":[{"href":"https:\/\/stylingagenten.com\/fi\/wp-json\/wp\/v2\/types\/product"}],"replies":[{"embeddable":true,"href":"https:\/\/stylingagenten.com\/fi\/wp-json\/wp\/v2\/comments?post=142237"}],"version-history":[{"count":0,"href":"https:\/\/stylingagenten.com\/fi\/wp-json\/wp\/v2\/product\/142237\/revisions"}],"wp:featuredmedia":[{"embeddable":true,"href":"https:\/\/stylingagenten.com\/fi\/wp-json\/wp\/v2\/media\/142224"}],"wp:attachment":[{"href":"https:\/\/stylingagenten.com\/fi\/wp-json\/wp\/v2\/media?parent=142237"}],"wp:term":[{"taxonomy":"product_brand","embeddable":true,"href":"https:\/\/stylingagenten.com\/fi\/wp-json\/wp\/v2\/product_brand?post=142237"},{"taxonomy":"product_cat","embeddable":true,"href":"https:\/\/stylingagenten.com\/fi\/wp-json\/wp\/v2\/product_cat?post=142237"},{"taxonomy":"product_tag","embeddable":true,"href":"https:\/\/stylingagenten.com\/fi\/wp-json\/wp\/v2\/product_tag?post=142237"},{"taxonomy":"berocket_brand","embeddable":true,"href":"https:\/\/stylingagenten.com\/fi\/wp-json\/wp\/v2\/berocket_brand?post=142237"}],"curies":[{"name":"wp","href":"https:\/\/api.w.org\/{rel}","templated":true}]}}