{"id":142221,"date":"2025-05-18T23:18:31","date_gmt":"2025-05-18T23:18:31","guid":{"rendered":"https:\/\/staging2.stylingagenten.com\/fi\/produkt\/skin1004-madagascar-centella-probio-cica-intensive-ampoule-50ml\/"},"modified":"2025-12-01T08:41:59","modified_gmt":"2025-12-01T08:41:59","slug":"skin1004-madagascar-centella-probio-cica-intensive-ampoule-50ml","status":"publish","type":"product","link":"https:\/\/stylingagenten.com\/fi\/tuote\/skin1004-madagascar-centella-probio-cica-intensive-ampoule-50ml\/","title":{"rendered":"SKIN1004 Madagascar Centella Probio-Cica Intensive Ampoule 50ml"},"content":{"rendered":"<p>SKIN1004 Madagascar Centella Probio-Cica Intensive Ampoule on korkeapitoisuuksinen ampulli, joka tarjoaa maksimaaliset rauhoittavat vaikutukset ja vahvistaa ihon suojakerroksen itsens\u00e4 korjaamiskyky\u00e4. Se imeytyy helposti ihoon ja j\u00e4tt\u00e4\u00e4 silkkisen pinnan ilman j\u00e4\u00e4mi\u00e4 tai tahmeutta.<\/p>\n<p>50ml<\/p>\n","protected":false},"excerpt":{"rendered":"<p>SKIN1004 Madagascar Centella Probio-Cica Intensive Ampoule on korkeapitoisuuksinen ampulli, joka tarjoaa maksimaaliset rauhoittavat vaikutukset ja vahvistaa ihon suojakerroksen itsens\u00e4 korjaamiskyky\u00e4. Se imeytyy helposti ihoon ja j\u00e4tt\u00e4\u00e4 silkkisen pinnan ilman j\u00e4\u00e4mi\u00e4 tai tahmeutta. 50ml<\/p>\n","protected":false},"featured_media":142198,"comment_status":"open","ping_status":"closed","template":"","meta":{"_trash_the_other_posts":false},"product_brand":[],"product_cat":[614],"product_tag":[4003],"berocket_brand":[2004],"class_list":{"0":"post-142221","1":"product","2":"type-product","3":"status-publish","4":"has-post-thumbnail","6":"product_cat-seerumi","7":"product_tag-skin1004-madagascar-centella-probio-cica-intensive-ampoule","8":"pa_brand-skin1007","9":"pa_variantti-50ml","10":"berocket_brand-skin1007","12":"first","13":"instock","14":"sale","15":"taxable","16":"shipping-taxable","17":"purchasable","18":"product-type-simple"},"_links":{"self":[{"href":"https:\/\/stylingagenten.com\/fi\/wp-json\/wp\/v2\/product\/142221","targetHints":{"allow":["GET"]}}],"collection":[{"href":"https:\/\/stylingagenten.com\/fi\/wp-json\/wp\/v2\/product"}],"about":[{"href":"https:\/\/stylingagenten.com\/fi\/wp-json\/wp\/v2\/types\/product"}],"replies":[{"embeddable":true,"href":"https:\/\/stylingagenten.com\/fi\/wp-json\/wp\/v2\/comments?post=142221"}],"version-history":[{"count":0,"href":"https:\/\/stylingagenten.com\/fi\/wp-json\/wp\/v2\/product\/142221\/revisions"}],"wp:featuredmedia":[{"embeddable":true,"href":"https:\/\/stylingagenten.com\/fi\/wp-json\/wp\/v2\/media\/142198"}],"wp:attachment":[{"href":"https:\/\/stylingagenten.com\/fi\/wp-json\/wp\/v2\/media?parent=142221"}],"wp:term":[{"taxonomy":"product_brand","embeddable":true,"href":"https:\/\/stylingagenten.com\/fi\/wp-json\/wp\/v2\/product_brand?post=142221"},{"taxonomy":"product_cat","embeddable":true,"href":"https:\/\/stylingagenten.com\/fi\/wp-json\/wp\/v2\/product_cat?post=142221"},{"taxonomy":"product_tag","embeddable":true,"href":"https:\/\/stylingagenten.com\/fi\/wp-json\/wp\/v2\/product_tag?post=142221"},{"taxonomy":"berocket_brand","embeddable":true,"href":"https:\/\/stylingagenten.com\/fi\/wp-json\/wp\/v2\/berocket_brand?post=142221"}],"curies":[{"name":"wp","href":"https:\/\/api.w.org\/{rel}","templated":true}]}}