{"id":142217,"date":"2025-05-18T23:18:29","date_gmt":"2025-05-18T23:18:29","guid":{"rendered":"https:\/\/staging2.stylingagenten.com\/fi\/produkt\/elemis-pro-collagen-future-restore-serum-30ml\/"},"modified":"2026-04-09T06:39:12","modified_gmt":"2026-04-09T06:39:12","slug":"elemis-pro-collagen-future-restore-serum-30ml","status":"publish","type":"product","link":"https:\/\/stylingagenten.com\/fi\/tuote\/elemis-pro-collagen-future-restore-serum-30ml\/","title":{"rendered":"Elemis Pro-Collagen Future Restore Serum 30ml"},"content":{"rendered":"<p>Elemis Pro-Collagen Future Restore Serum sis\u00e4lt\u00e4\u00e4 maailman ensimm\u00e4isen merellisen innovaation \u2013 eksklusiivisen Opal Skin Algae Complex -yhdisteemme \u2013 joka yhdess\u00e4 tehokkaiden merellisten aktiiviaineiden kanssa parantaa ihon kiinteytt\u00e4 jopa 46 % vain 4 p\u00e4iv\u00e4ss\u00e4.* Edistynyt koostumus kohdistuu kollageenin v\u00e4henemisen vaikutuksiin ihossa ja parantaa ik\u00e4\u00e4ntymisen n\u00e4kyvi\u00e4 merkkej\u00e4 ajan my\u00f6t\u00e4. Oma Opal Skin Algae Complex -yhdistelm\u00e4mme koostuu kolmesta merimikrolev\u00e4diatomista, joista yhden ELEMIS on l\u00f6yt\u00e4nyt yksinoikeudella, ja ne on kapseloitu \u00e4lykk\u00e4\u00e4seen kuljetusj\u00e4rjestelm\u00e4\u00e4n. Uudistavat merelliset solulipidit, elvytt\u00e4v\u00e4 Marine Bacillus Ferment ja kosteuttava Padina Pavonica Ferment tukevat ihon optimaalista toimintaa sek\u00e4 edist\u00e4v\u00e4t sen kest\u00e4vyytt\u00e4 ja eheytt\u00e4. Hienot juonteet ja syvemm\u00e4t rypyt^ v\u00e4henev\u00e4t n\u00e4kyv\u00e4sti jo 4 p\u00e4iv\u00e4ss\u00e4*, ja ihon volyymi ja kimmoisuus paranevat. Iho n\u00e4ytt\u00e4\u00e4 tasaisemmalta ja hehkuvammalta. Bioteknologian avulla voimme monistaa tarvitsemamme avainainesosat pienest\u00e4 lev\u00e4n\u00e4ytteest\u00e4, jolloin tulokset maksimoidaan ja ymp\u00e4rist\u00f6vaikutukset minimoidaan. Innovatiivinen 100 % kierr\u00e4tett\u00e4v\u00e4 pullomme on suunniteltu niin, ett\u00e4 jokainen pisara t\u00e4t\u00e4 uraauurtavaa koostumusta voidaan hy\u00f6dynt\u00e4\u00e4.<br \/>*Riippumattomat kliiniset tutkimukset 2024, 30 henkil\u00f6\u00e4, 4 viikon ajan<\/p>\n<p>30 ml<\/p>\n","protected":false},"excerpt":{"rendered":"<p>Elemis Pro-Collagen Future Restore Serum sis\u00e4lt\u00e4\u00e4 maailman ensimm\u00e4isen merellisen innovaation \u2013 eksklusiivisen Opal Skin Algae Complex -yhdisteemme \u2013 joka yhdess\u00e4 tehokkaiden merellisten aktiiviaineiden kanssa parantaa ihon kiinteytt\u00e4 jopa 46 % vain 4 p\u00e4iv\u00e4ss\u00e4.* Edistynyt koostumus kohdistuu kollageenin v\u00e4henemisen vaikutuksiin ihossa ja parantaa ik\u00e4\u00e4ntymisen n\u00e4kyvi\u00e4 merkkej\u00e4 ajan my\u00f6t\u00e4. Oma Opal Skin Algae Complex -yhdistelm\u00e4mme koostuu kolmesta [&hellip;]<\/p>\n","protected":false},"featured_media":142197,"comment_status":"open","ping_status":"closed","template":"","meta":{"_trash_the_other_posts":false},"product_brand":[],"product_cat":[614],"product_tag":[],"berocket_brand":[1301],"class_list":{"0":"post-142217","1":"product","2":"type-product","3":"status-publish","4":"has-post-thumbnail","6":"product_cat-seerumi","7":"pa_brand-elemis","8":"berocket_brand-elemis","10":"first","11":"instock","12":"sale","13":"taxable","14":"shipping-taxable","15":"purchasable","16":"product-type-simple"},"_links":{"self":[{"href":"https:\/\/stylingagenten.com\/fi\/wp-json\/wp\/v2\/product\/142217","targetHints":{"allow":["GET"]}}],"collection":[{"href":"https:\/\/stylingagenten.com\/fi\/wp-json\/wp\/v2\/product"}],"about":[{"href":"https:\/\/stylingagenten.com\/fi\/wp-json\/wp\/v2\/types\/product"}],"replies":[{"embeddable":true,"href":"https:\/\/stylingagenten.com\/fi\/wp-json\/wp\/v2\/comments?post=142217"}],"version-history":[{"count":0,"href":"https:\/\/stylingagenten.com\/fi\/wp-json\/wp\/v2\/product\/142217\/revisions"}],"wp:featuredmedia":[{"embeddable":true,"href":"https:\/\/stylingagenten.com\/fi\/wp-json\/wp\/v2\/media\/142197"}],"wp:attachment":[{"href":"https:\/\/stylingagenten.com\/fi\/wp-json\/wp\/v2\/media?parent=142217"}],"wp:term":[{"taxonomy":"product_brand","embeddable":true,"href":"https:\/\/stylingagenten.com\/fi\/wp-json\/wp\/v2\/product_brand?post=142217"},{"taxonomy":"product_cat","embeddable":true,"href":"https:\/\/stylingagenten.com\/fi\/wp-json\/wp\/v2\/product_cat?post=142217"},{"taxonomy":"product_tag","embeddable":true,"href":"https:\/\/stylingagenten.com\/fi\/wp-json\/wp\/v2\/product_tag?post=142217"},{"taxonomy":"berocket_brand","embeddable":true,"href":"https:\/\/stylingagenten.com\/fi\/wp-json\/wp\/v2\/berocket_brand?post=142217"}],"curies":[{"name":"wp","href":"https:\/\/api.w.org\/{rel}","templated":true}]}}