{"id":142214,"date":"2025-05-18T23:18:29","date_gmt":"2025-05-18T23:18:29","guid":{"rendered":"https:\/\/staging2.stylingagenten.com\/fi\/produkt\/tocobo-bifida-biome-essence-50ml\/"},"modified":"2025-11-19T12:48:18","modified_gmt":"2025-11-19T12:48:18","slug":"tocobo-bifida-biome-essence-50ml","status":"publish","type":"product","link":"https:\/\/stylingagenten.com\/fi\/tuote\/tocobo-bifida-biome-essence-50ml\/","title":{"rendered":"TOCOBO Bifida Biome Essence 50ml"},"content":{"rendered":"<p>TOCOBO Bifida Biome Essence virkist\u00e4\u00e4 ihoa samalla, kun sen probioottiset ainesosat vahvistavat ihon suojaestett\u00e4, joka on heikentynyt ulkoisten \u00e4rsykkeiden vuoksi.<\/p>\n<p>Bifida 45%<br \/>\n<br \/>Lactobacillus 50 000 ppm<br \/>\n<br \/>Lactococcus 10 000 ppm<\/p>\n<p>50ml<\/p>\n","protected":false},"excerpt":{"rendered":"<p>TOCOBO Bifida Biome Essence virkist\u00e4\u00e4 ihoa samalla, kun sen probioottiset ainesosat vahvistavat ihon suojaestett\u00e4, joka on heikentynyt ulkoisten \u00e4rsykkeiden vuoksi. Bifida 45% Lactobacillus 50 000 ppm Lactococcus 10 000 ppm 50ml<\/p>\n","protected":false},"featured_media":142202,"comment_status":"open","ping_status":"closed","template":"","meta":{"_trash_the_other_posts":false},"product_brand":[],"product_cat":[614],"product_tag":[],"berocket_brand":[1423],"class_list":{"0":"post-142214","1":"product","2":"type-product","3":"status-publish","4":"has-post-thumbnail","6":"product_cat-seerumi","7":"pa_brand-tocobo","8":"berocket_brand-tocobo","10":"first","11":"instock","12":"sale","13":"taxable","14":"shipping-taxable","15":"purchasable","16":"product-type-simple"},"_links":{"self":[{"href":"https:\/\/stylingagenten.com\/fi\/wp-json\/wp\/v2\/product\/142214","targetHints":{"allow":["GET"]}}],"collection":[{"href":"https:\/\/stylingagenten.com\/fi\/wp-json\/wp\/v2\/product"}],"about":[{"href":"https:\/\/stylingagenten.com\/fi\/wp-json\/wp\/v2\/types\/product"}],"replies":[{"embeddable":true,"href":"https:\/\/stylingagenten.com\/fi\/wp-json\/wp\/v2\/comments?post=142214"}],"version-history":[{"count":0,"href":"https:\/\/stylingagenten.com\/fi\/wp-json\/wp\/v2\/product\/142214\/revisions"}],"wp:featuredmedia":[{"embeddable":true,"href":"https:\/\/stylingagenten.com\/fi\/wp-json\/wp\/v2\/media\/142202"}],"wp:attachment":[{"href":"https:\/\/stylingagenten.com\/fi\/wp-json\/wp\/v2\/media?parent=142214"}],"wp:term":[{"taxonomy":"product_brand","embeddable":true,"href":"https:\/\/stylingagenten.com\/fi\/wp-json\/wp\/v2\/product_brand?post=142214"},{"taxonomy":"product_cat","embeddable":true,"href":"https:\/\/stylingagenten.com\/fi\/wp-json\/wp\/v2\/product_cat?post=142214"},{"taxonomy":"product_tag","embeddable":true,"href":"https:\/\/stylingagenten.com\/fi\/wp-json\/wp\/v2\/product_tag?post=142214"},{"taxonomy":"berocket_brand","embeddable":true,"href":"https:\/\/stylingagenten.com\/fi\/wp-json\/wp\/v2\/berocket_brand?post=142214"}],"curies":[{"name":"wp","href":"https:\/\/api.w.org\/{rel}","templated":true}]}}