{"id":142195,"date":"2025-05-18T23:18:24","date_gmt":"2025-05-18T23:18:24","guid":{"rendered":"https:\/\/staging2.stylingagenten.com\/fi\/produkt\/elemis-pro-collagen-rose-micro-serum-30ml\/"},"modified":"2026-01-23T11:29:45","modified_gmt":"2026-01-23T11:29:45","slug":"elemis-pro-collagen-rose-micro-serum-30ml","status":"publish","type":"product","link":"https:\/\/stylingagenten.com\/fi\/tuote\/elemis-pro-collagen-rose-micro-serum-30ml\/","title":{"rendered":"Elemis Pro-Collagen Rose Micro Serum 30ml"},"content":{"rendered":"<p>Elemis Pro-Collagen Rose Micro Serum sis\u00e4lt\u00e4\u00e4 edistyksellisen koostumuksen, jonka on kliinisesti todistettu kosteuttavan ihoa 72 tunnin ajan ja tekem\u00e4\u00e4n siit\u00e4 t\u00e4ytel\u00e4isemm\u00e4n*. T\u00e4m\u00e4 innovatiivinen ja kevyt, ruusun inspiroima seerumi sis\u00e4lt\u00e4\u00e4 yli 7000 ruusumikropisaraa, jotka maksimoivat kosteutuksen ja tukevat ihon suojamuuria, j\u00e4tt\u00e4en ihon n\u00e4kyv\u00e4sti parantuneeksi \u2013 pehme\u00e4mm\u00e4ksi ja tasaisemmaksi. T\u00e4ytel\u00f6itt\u00e4\u00e4, kiinteytt\u00e4\u00e4 ja silottaa juonteita ja ryppyj\u00e4* 14 p\u00e4iv\u00e4ss\u00e4. Iho j\u00e4\u00e4 syv\u00e4kosteutetuksi ja saa uutta hehkua.<\/p>\n<p>*Riippumattomat kliiniset tutkimukset 2022<\/p>\n<p>30 ml<\/p>\n","protected":false},"excerpt":{"rendered":"<p>Elemis Pro-Collagen Rose Micro Serum sis\u00e4lt\u00e4\u00e4 edistyksellisen koostumuksen, jonka on kliinisesti todistettu kosteuttavan ihoa 72 tunnin ajan ja tekem\u00e4\u00e4n siit\u00e4 t\u00e4ytel\u00e4isemm\u00e4n*. T\u00e4m\u00e4 innovatiivinen ja kevyt, ruusun inspiroima seerumi sis\u00e4lt\u00e4\u00e4 yli 7000 ruusumikropisaraa, jotka maksimoivat kosteutuksen ja tukevat ihon suojamuuria, j\u00e4tt\u00e4en ihon n\u00e4kyv\u00e4sti parantuneeksi \u2013 pehme\u00e4mm\u00e4ksi ja tasaisemmaksi. T\u00e4ytel\u00f6itt\u00e4\u00e4, kiinteytt\u00e4\u00e4 ja silottaa juonteita ja ryppyj\u00e4* 14 [&hellip;]<\/p>\n","protected":false},"featured_media":142178,"comment_status":"open","ping_status":"closed","template":"","meta":{"_trash_the_other_posts":false},"product_brand":[],"product_cat":[614],"product_tag":[],"berocket_brand":[1301],"class_list":{"0":"post-142195","1":"product","2":"type-product","3":"status-publish","4":"has-post-thumbnail","6":"product_cat-seerumi","7":"pa_brand-elemis","8":"berocket_brand-elemis","10":"first","11":"instock","12":"sale","13":"taxable","14":"shipping-taxable","15":"purchasable","16":"product-type-simple"},"_links":{"self":[{"href":"https:\/\/stylingagenten.com\/fi\/wp-json\/wp\/v2\/product\/142195","targetHints":{"allow":["GET"]}}],"collection":[{"href":"https:\/\/stylingagenten.com\/fi\/wp-json\/wp\/v2\/product"}],"about":[{"href":"https:\/\/stylingagenten.com\/fi\/wp-json\/wp\/v2\/types\/product"}],"replies":[{"embeddable":true,"href":"https:\/\/stylingagenten.com\/fi\/wp-json\/wp\/v2\/comments?post=142195"}],"version-history":[{"count":0,"href":"https:\/\/stylingagenten.com\/fi\/wp-json\/wp\/v2\/product\/142195\/revisions"}],"wp:featuredmedia":[{"embeddable":true,"href":"https:\/\/stylingagenten.com\/fi\/wp-json\/wp\/v2\/media\/142178"}],"wp:attachment":[{"href":"https:\/\/stylingagenten.com\/fi\/wp-json\/wp\/v2\/media?parent=142195"}],"wp:term":[{"taxonomy":"product_brand","embeddable":true,"href":"https:\/\/stylingagenten.com\/fi\/wp-json\/wp\/v2\/product_brand?post=142195"},{"taxonomy":"product_cat","embeddable":true,"href":"https:\/\/stylingagenten.com\/fi\/wp-json\/wp\/v2\/product_cat?post=142195"},{"taxonomy":"product_tag","embeddable":true,"href":"https:\/\/stylingagenten.com\/fi\/wp-json\/wp\/v2\/product_tag?post=142195"},{"taxonomy":"berocket_brand","embeddable":true,"href":"https:\/\/stylingagenten.com\/fi\/wp-json\/wp\/v2\/berocket_brand?post=142195"}],"curies":[{"name":"wp","href":"https:\/\/api.w.org\/{rel}","templated":true}]}}