{"id":142148,"date":"2025-05-18T23:18:05","date_gmt":"2025-05-18T23:18:05","guid":{"rendered":"https:\/\/staging2.stylingagenten.com\/fi\/produkt\/paul-mitchell-platinum-blonde-shampoo-300ml\/"},"modified":"2026-02-18T11:23:40","modified_gmt":"2026-02-18T11:23:40","slug":"paul-mitchell-platinum-blonde-shampoo-300ml","status":"publish","type":"product","link":"https:\/\/stylingagenten.com\/fi\/tuote\/paul-mitchell-platinum-blonde-shampoo-300ml\/","title":{"rendered":"Paul Mitchell Platinum Blonde Shampoo 300ml"},"content":{"rendered":"<p>Kylm\u00e4n violetit pigmentit pehment\u00e4v\u00e4t kullan s\u00e4vyj\u00e4.<br \/>Kosteus&ndash; ja kiiltoa antava.<br \/>Erinomainen p&aring; vaaleat, valkoiset ja harmaat hiukset.<\/p>\n","protected":false},"excerpt":{"rendered":"<p>Kylm\u00e4n violetit pigmentit pehment\u00e4v\u00e4t kullan s\u00e4vyj\u00e4.Kosteus&ndash; ja kiiltoa antava.Erinomainen p&aring; vaaleat, valkoiset ja harmaat hiukset.<\/p>\n","protected":false},"featured_media":441530,"comment_status":"open","ping_status":"closed","template":"","meta":{"_trash_the_other_posts":false},"product_brand":[],"product_cat":[1004,563],"product_tag":[3790],"berocket_brand":[1053],"class_list":{"0":"post-142148","1":"product","2":"type-product","3":"status-publish","4":"has-post-thumbnail","6":"product_cat-hopeashampoo","7":"product_cat-shampoo","8":"product_tag-paul-mitchell-platinum-blonde-shampoo","9":"pa_brand-paul-mitchell","10":"pa_variantti-300ml","11":"berocket_brand-paul-mitchell","13":"first","14":"instock","15":"sale","16":"taxable","17":"shipping-taxable","18":"purchasable","19":"product-type-simple"},"_links":{"self":[{"href":"https:\/\/stylingagenten.com\/fi\/wp-json\/wp\/v2\/product\/142148","targetHints":{"allow":["GET"]}}],"collection":[{"href":"https:\/\/stylingagenten.com\/fi\/wp-json\/wp\/v2\/product"}],"about":[{"href":"https:\/\/stylingagenten.com\/fi\/wp-json\/wp\/v2\/types\/product"}],"replies":[{"embeddable":true,"href":"https:\/\/stylingagenten.com\/fi\/wp-json\/wp\/v2\/comments?post=142148"}],"version-history":[{"count":0,"href":"https:\/\/stylingagenten.com\/fi\/wp-json\/wp\/v2\/product\/142148\/revisions"}],"wp:featuredmedia":[{"embeddable":true,"href":"https:\/\/stylingagenten.com\/fi\/wp-json\/wp\/v2\/media\/441530"}],"wp:attachment":[{"href":"https:\/\/stylingagenten.com\/fi\/wp-json\/wp\/v2\/media?parent=142148"}],"wp:term":[{"taxonomy":"product_brand","embeddable":true,"href":"https:\/\/stylingagenten.com\/fi\/wp-json\/wp\/v2\/product_brand?post=142148"},{"taxonomy":"product_cat","embeddable":true,"href":"https:\/\/stylingagenten.com\/fi\/wp-json\/wp\/v2\/product_cat?post=142148"},{"taxonomy":"product_tag","embeddable":true,"href":"https:\/\/stylingagenten.com\/fi\/wp-json\/wp\/v2\/product_tag?post=142148"},{"taxonomy":"berocket_brand","embeddable":true,"href":"https:\/\/stylingagenten.com\/fi\/wp-json\/wp\/v2\/berocket_brand?post=142148"}],"curies":[{"name":"wp","href":"https:\/\/api.w.org\/{rel}","templated":true}]}}