{"id":142144,"date":"2025-05-18T23:18:04","date_gmt":"2025-05-18T23:18:04","guid":{"rendered":"https:\/\/staging2.stylingagenten.com\/fi\/produkt\/paul-mitchell-super-strong-daily-shampoo-300ml\/"},"modified":"2026-02-18T11:23:28","modified_gmt":"2026-02-18T11:23:28","slug":"paul-mitchell-super-strong-daily-shampoo-300ml","status":"publish","type":"product","link":"https:\/\/stylingagenten.com\/fi\/tuote\/paul-mitchell-super-strong-daily-shampoo-300ml\/","title":{"rendered":"Paul Mitchell Super Strong Daily Shampoo 300ml"},"content":{"rendered":"<p>Rakentaa uudelleen hiusten sis\u00e4isen rakenteen. Hell\u00e4varaisesti puhdistava ja v\u00e4rej\u00e4 kirkastava.<br \/> Hoitoaineet antavat kauniin tunteen ja kiillon. Vehn\u00e4proteiini vahvistaa hiuksia.<\/p>\n","protected":false},"excerpt":{"rendered":"<p>Rakentaa uudelleen hiusten sis\u00e4isen rakenteen. Hell\u00e4varaisesti puhdistava ja v\u00e4rej\u00e4 kirkastava. Hoitoaineet antavat kauniin tunteen ja kiillon. Vehn\u00e4proteiini vahvistaa hiuksia.<\/p>\n","protected":false},"featured_media":142141,"comment_status":"open","ping_status":"closed","template":"","meta":{"_trash_the_other_posts":false},"product_brand":[],"product_cat":[563],"product_tag":[3793],"berocket_brand":[1053],"class_list":{"0":"post-142144","1":"product","2":"type-product","3":"status-publish","4":"has-post-thumbnail","6":"product_cat-shampoo","7":"product_tag-paul-mitchell-super-strong-daily-shampoo","8":"pa_brand-paul-mitchell","9":"pa_variantti-300ml","10":"berocket_brand-paul-mitchell","12":"first","13":"instock","14":"sale","15":"taxable","16":"shipping-taxable","17":"purchasable","18":"product-type-simple"},"_links":{"self":[{"href":"https:\/\/stylingagenten.com\/fi\/wp-json\/wp\/v2\/product\/142144","targetHints":{"allow":["GET"]}}],"collection":[{"href":"https:\/\/stylingagenten.com\/fi\/wp-json\/wp\/v2\/product"}],"about":[{"href":"https:\/\/stylingagenten.com\/fi\/wp-json\/wp\/v2\/types\/product"}],"replies":[{"embeddable":true,"href":"https:\/\/stylingagenten.com\/fi\/wp-json\/wp\/v2\/comments?post=142144"}],"version-history":[{"count":0,"href":"https:\/\/stylingagenten.com\/fi\/wp-json\/wp\/v2\/product\/142144\/revisions"}],"wp:featuredmedia":[{"embeddable":true,"href":"https:\/\/stylingagenten.com\/fi\/wp-json\/wp\/v2\/media\/142141"}],"wp:attachment":[{"href":"https:\/\/stylingagenten.com\/fi\/wp-json\/wp\/v2\/media?parent=142144"}],"wp:term":[{"taxonomy":"product_brand","embeddable":true,"href":"https:\/\/stylingagenten.com\/fi\/wp-json\/wp\/v2\/product_brand?post=142144"},{"taxonomy":"product_cat","embeddable":true,"href":"https:\/\/stylingagenten.com\/fi\/wp-json\/wp\/v2\/product_cat?post=142144"},{"taxonomy":"product_tag","embeddable":true,"href":"https:\/\/stylingagenten.com\/fi\/wp-json\/wp\/v2\/product_tag?post=142144"},{"taxonomy":"berocket_brand","embeddable":true,"href":"https:\/\/stylingagenten.com\/fi\/wp-json\/wp\/v2\/berocket_brand?post=142144"}],"curies":[{"name":"wp","href":"https:\/\/api.w.org\/{rel}","templated":true}]}}