{"id":142089,"date":"2025-05-18T23:17:41","date_gmt":"2025-05-18T23:17:41","guid":{"rendered":"https:\/\/staging2.stylingagenten.com\/fi\/produkt\/paul-mitchell-mitch-heavy-hitter-shampoo-1000ml\/"},"modified":"2026-03-24T13:47:40","modified_gmt":"2026-03-24T13:47:40","slug":"paul-mitchell-mitch-heavy-hitter-shampoo-1000ml","status":"publish","type":"product","link":"https:\/\/stylingagenten.com\/fi\/tuote\/paul-mitchell-mitch-heavy-hitter-shampoo-1000ml\/","title":{"rendered":"Paul Mitchell Mitch Heavy Hitter Shampoo 1000ml"},"content":{"rendered":"<p>Paul Mitchell Mitch Heavy Hitter on syv\u00e4puhdistava shampoo, joka pesee pois lian ja tuotej\u00e4\u00e4m\u00e4t poistamatta luonnollisia \u00f6ljyj\u00e4. T\u00e4ydellinen p\u00e4ivitt\u00e4iseen k\u00e4ytt\u00f6\u00f6n. Luo puhtaan ja raikkaan tunteen. Agave-tuoksu antaa maskuliinisen tuoksun.<\/p>\n","protected":false},"excerpt":{"rendered":"<p>Paul Mitchell Mitch Heavy Hitter on syv\u00e4puhdistava shampoo, joka pesee pois lian ja tuotej\u00e4\u00e4m\u00e4t poistamatta luonnollisia \u00f6ljyj\u00e4. T\u00e4ydellinen p\u00e4ivitt\u00e4iseen k\u00e4ytt\u00f6\u00f6n. Luo puhtaan ja raikkaan tunteen. Agave-tuoksu antaa maskuliinisen tuoksun.<\/p>\n","protected":false},"featured_media":142088,"comment_status":"open","ping_status":"closed","template":"","meta":{"_trash_the_other_posts":false},"product_brand":[],"product_cat":[563],"product_tag":[3784],"berocket_brand":[1053],"class_list":{"0":"post-142089","1":"product","2":"type-product","3":"status-publish","4":"has-post-thumbnail","6":"product_cat-shampoo","7":"product_tag-paul-mitchell-mitch-heavy-hitter-shampoo","8":"pa_brand-paul-mitchell","9":"pa_variantti-1000ml","10":"berocket_brand-paul-mitchell","12":"first","13":"instock","14":"sale","15":"taxable","16":"shipping-taxable","17":"purchasable","18":"product-type-simple"},"_links":{"self":[{"href":"https:\/\/stylingagenten.com\/fi\/wp-json\/wp\/v2\/product\/142089","targetHints":{"allow":["GET"]}}],"collection":[{"href":"https:\/\/stylingagenten.com\/fi\/wp-json\/wp\/v2\/product"}],"about":[{"href":"https:\/\/stylingagenten.com\/fi\/wp-json\/wp\/v2\/types\/product"}],"replies":[{"embeddable":true,"href":"https:\/\/stylingagenten.com\/fi\/wp-json\/wp\/v2\/comments?post=142089"}],"version-history":[{"count":0,"href":"https:\/\/stylingagenten.com\/fi\/wp-json\/wp\/v2\/product\/142089\/revisions"}],"wp:featuredmedia":[{"embeddable":true,"href":"https:\/\/stylingagenten.com\/fi\/wp-json\/wp\/v2\/media\/142088"}],"wp:attachment":[{"href":"https:\/\/stylingagenten.com\/fi\/wp-json\/wp\/v2\/media?parent=142089"}],"wp:term":[{"taxonomy":"product_brand","embeddable":true,"href":"https:\/\/stylingagenten.com\/fi\/wp-json\/wp\/v2\/product_brand?post=142089"},{"taxonomy":"product_cat","embeddable":true,"href":"https:\/\/stylingagenten.com\/fi\/wp-json\/wp\/v2\/product_cat?post=142089"},{"taxonomy":"product_tag","embeddable":true,"href":"https:\/\/stylingagenten.com\/fi\/wp-json\/wp\/v2\/product_tag?post=142089"},{"taxonomy":"berocket_brand","embeddable":true,"href":"https:\/\/stylingagenten.com\/fi\/wp-json\/wp\/v2\/berocket_brand?post=142089"}],"curies":[{"name":"wp","href":"https:\/\/api.w.org\/{rel}","templated":true}]}}