{"id":142085,"date":"2025-05-18T23:17:38","date_gmt":"2025-05-18T23:17:38","guid":{"rendered":"https:\/\/staging2.stylingagenten.com\/fi\/produkt\/fanola-no-yellow-shampoo-1000ml\/"},"modified":"2026-04-14T15:17:30","modified_gmt":"2026-04-14T15:17:30","slug":"fanola-no-yellow-shampoo-1000ml","status":"publish","type":"product","link":"https:\/\/stylingagenten.com\/fi\/tuote\/fanola-no-yellow-shampoo-1000ml\/","title":{"rendered":"Fanola No Yellow Shampoo 1000ml"},"content":{"rendered":"<h1>Anna hiuksillesi uusi el\u00e4m\u00e4 Fanola No Yellow Shampoon avulla! &nbsp;&nbsp;<\/h1>\n<p><\/p>\n<h2>Fanola No Yellow Shampoo on hopeashampoo, jossa on violetteja pigmenttej\u00e4 ja joka tasoittaa ei-toivottuja keltaisia \u200b\u200bs\u00e4vyj\u00e4 ja auttaa sinua harmaissa, pitsiss\u00e4 tai kiharissa hiuksissa.<\/h2>\n<p><\/p>\n<h2><strong>K\u00e4ytt\u00f6:<\/strong>Levit\u00e4 kosteisiin hiuksiin ja anna vaikuttaa 1-5 minuuttia riippuen milt\u00e4 hiukset n\u00e4ytt\u00e4v\u00e4t ja kuinka huokoisia ne ovat. Huuhtele tuote sitten huolellisesti.<\/p>\n<p><\/p>\n<p>Cruelty-Free<\/h2>\n","protected":false},"excerpt":{"rendered":"<p>Anna hiuksillesi uusi el\u00e4m\u00e4 Fanola No Yellow Shampoon avulla! &nbsp;&nbsp; Fanola No Yellow Shampoo on hopeashampoo, jossa on violetteja pigmenttej\u00e4 ja joka tasoittaa ei-toivottuja keltaisia \u200b\u200bs\u00e4vyj\u00e4 ja auttaa sinua harmaissa, pitsiss\u00e4 tai kiharissa hiuksissa. K\u00e4ytt\u00f6:Levit\u00e4 kosteisiin hiuksiin ja anna vaikuttaa 1-5 minuuttia riippuen milt\u00e4 hiukset n\u00e4ytt\u00e4v\u00e4t ja kuinka huokoisia ne ovat. Huuhtele tuote sitten huolellisesti. [&hellip;]<\/p>\n","protected":false},"featured_media":142083,"comment_status":"open","ping_status":"closed","template":"","meta":{"_trash_the_other_posts":false},"product_brand":[],"product_cat":[1004,1003,563],"product_tag":[2909],"berocket_brand":[1312],"class_list":{"0":"post-142085","1":"product","2":"type-product","3":"status-publish","4":"has-post-thumbnail","6":"product_cat-hopeashampoo","7":"product_cat-myydyimmat","8":"product_cat-shampoo","9":"product_tag-fanola-no-yellow-shampoo","10":"pa_brand-fanola","11":"pa_variantti-1000ml","12":"berocket_brand-fanola","14":"first","15":"instock","16":"sale","17":"taxable","18":"shipping-taxable","19":"purchasable","20":"product-type-simple"},"_links":{"self":[{"href":"https:\/\/stylingagenten.com\/fi\/wp-json\/wp\/v2\/product\/142085","targetHints":{"allow":["GET"]}}],"collection":[{"href":"https:\/\/stylingagenten.com\/fi\/wp-json\/wp\/v2\/product"}],"about":[{"href":"https:\/\/stylingagenten.com\/fi\/wp-json\/wp\/v2\/types\/product"}],"replies":[{"embeddable":true,"href":"https:\/\/stylingagenten.com\/fi\/wp-json\/wp\/v2\/comments?post=142085"}],"version-history":[{"count":0,"href":"https:\/\/stylingagenten.com\/fi\/wp-json\/wp\/v2\/product\/142085\/revisions"}],"wp:featuredmedia":[{"embeddable":true,"href":"https:\/\/stylingagenten.com\/fi\/wp-json\/wp\/v2\/media\/142083"}],"wp:attachment":[{"href":"https:\/\/stylingagenten.com\/fi\/wp-json\/wp\/v2\/media?parent=142085"}],"wp:term":[{"taxonomy":"product_brand","embeddable":true,"href":"https:\/\/stylingagenten.com\/fi\/wp-json\/wp\/v2\/product_brand?post=142085"},{"taxonomy":"product_cat","embeddable":true,"href":"https:\/\/stylingagenten.com\/fi\/wp-json\/wp\/v2\/product_cat?post=142085"},{"taxonomy":"product_tag","embeddable":true,"href":"https:\/\/stylingagenten.com\/fi\/wp-json\/wp\/v2\/product_tag?post=142085"},{"taxonomy":"berocket_brand","embeddable":true,"href":"https:\/\/stylingagenten.com\/fi\/wp-json\/wp\/v2\/berocket_brand?post=142085"}],"curies":[{"name":"wp","href":"https:\/\/api.w.org\/{rel}","templated":true}]}}