{"id":142052,"date":"2025-05-18T23:17:23","date_gmt":"2025-05-18T23:17:23","guid":{"rendered":"https:\/\/staging2.stylingagenten.com\/fi\/produkt\/paul-mitchell-super-strong-daily-shampoo-1000ml\/"},"modified":"2026-03-28T06:58:26","modified_gmt":"2026-03-28T06:58:26","slug":"paul-mitchell-super-strong-daily-shampoo-1000ml","status":"publish","type":"product","link":"https:\/\/stylingagenten.com\/fi\/tuote\/paul-mitchell-super-strong-daily-shampoo-1000ml\/","title":{"rendered":"Paul Mitchell Super Strong Daily Shampoo 1000ml"},"content":{"rendered":"<p>Super Strong Daily Shampoo rakentaa uudelleen hiusten sis\u00e4isen rakenteen. Mieto puhdistus- ja v\u00e4rinpoistoaine. Hoitoaineet antavat kauniin tunteen ja kiillon. P\u00e4ivitt\u00e4iseen k\u00e4ytt\u00f6\u00f6n.<\/p>\n<p>&Aring;rakentaa hiusten sis\u00e4isen rakenteen<br \/>Mieto puhdistus ja v\u00e4rj\u00e4ys<br \/>hoitoaineet antavat kauniin tunteen ja kiillon <br \/>P\u00e4ivitt\u00e4iseen k\u00e4ytt\u00f6\u00f6n&nbsp;<\/p>\n","protected":false},"excerpt":{"rendered":"<p>Super Strong Daily Shampoo rakentaa uudelleen hiusten sis\u00e4isen rakenteen. Mieto puhdistus- ja v\u00e4rinpoistoaine. Hoitoaineet antavat kauniin tunteen ja kiillon. P\u00e4ivitt\u00e4iseen k\u00e4ytt\u00f6\u00f6n. &Aring;rakentaa hiusten sis\u00e4isen rakenteenMieto puhdistus ja v\u00e4rj\u00e4yshoitoaineet antavat kauniin tunteen ja kiillon P\u00e4ivitt\u00e4iseen k\u00e4ytt\u00f6\u00f6n&nbsp;<\/p>\n","protected":false},"featured_media":142048,"comment_status":"open","ping_status":"closed","template":"","meta":{"_trash_the_other_posts":false},"product_brand":[],"product_cat":[563],"product_tag":[3793],"berocket_brand":[1053],"class_list":{"0":"post-142052","1":"product","2":"type-product","3":"status-publish","4":"has-post-thumbnail","6":"product_cat-shampoo","7":"product_tag-paul-mitchell-super-strong-daily-shampoo","8":"pa_brand-paul-mitchell","9":"pa_variantti-1000ml","10":"berocket_brand-paul-mitchell","12":"first","13":"instock","14":"sale","15":"taxable","16":"shipping-taxable","17":"purchasable","18":"product-type-simple"},"_links":{"self":[{"href":"https:\/\/stylingagenten.com\/fi\/wp-json\/wp\/v2\/product\/142052","targetHints":{"allow":["GET"]}}],"collection":[{"href":"https:\/\/stylingagenten.com\/fi\/wp-json\/wp\/v2\/product"}],"about":[{"href":"https:\/\/stylingagenten.com\/fi\/wp-json\/wp\/v2\/types\/product"}],"replies":[{"embeddable":true,"href":"https:\/\/stylingagenten.com\/fi\/wp-json\/wp\/v2\/comments?post=142052"}],"version-history":[{"count":0,"href":"https:\/\/stylingagenten.com\/fi\/wp-json\/wp\/v2\/product\/142052\/revisions"}],"wp:featuredmedia":[{"embeddable":true,"href":"https:\/\/stylingagenten.com\/fi\/wp-json\/wp\/v2\/media\/142048"}],"wp:attachment":[{"href":"https:\/\/stylingagenten.com\/fi\/wp-json\/wp\/v2\/media?parent=142052"}],"wp:term":[{"taxonomy":"product_brand","embeddable":true,"href":"https:\/\/stylingagenten.com\/fi\/wp-json\/wp\/v2\/product_brand?post=142052"},{"taxonomy":"product_cat","embeddable":true,"href":"https:\/\/stylingagenten.com\/fi\/wp-json\/wp\/v2\/product_cat?post=142052"},{"taxonomy":"product_tag","embeddable":true,"href":"https:\/\/stylingagenten.com\/fi\/wp-json\/wp\/v2\/product_tag?post=142052"},{"taxonomy":"berocket_brand","embeddable":true,"href":"https:\/\/stylingagenten.com\/fi\/wp-json\/wp\/v2\/berocket_brand?post=142052"}],"curies":[{"name":"wp","href":"https:\/\/api.w.org\/{rel}","templated":true}]}}