{"id":142035,"date":"2025-05-18T23:17:15","date_gmt":"2025-05-18T23:17:15","guid":{"rendered":"https:\/\/staging2.stylingagenten.com\/fi\/produkt\/paul-mitchell-forever-blonde-shampoo-710ml\/"},"modified":"2026-03-26T12:48:44","modified_gmt":"2026-03-26T12:48:44","slug":"paul-mitchell-forever-blonde-shampoo-710ml","status":"publish","type":"product","link":"https:\/\/stylingagenten.com\/fi\/tuote\/paul-mitchell-forever-blonde-shampoo-710ml\/","title":{"rendered":"Paul Mitchell Forever Blonde Shampoo 1000ml"},"content":{"rendered":"<p>Puhdistaa hell\u00e4varaisesti ja pit\u00e4\u00e4 vaaleat hiukset kirkkaina. Rikastettu ainutlaatuisella KerActive-proteiinilla ja ohdakekukilla. Auttaa korjaamaan vaurioita ja viimeistelem\u00e4\u00e4n ihokerroksen.<\/p>\n","protected":false},"excerpt":{"rendered":"<p>Puhdistaa hell\u00e4varaisesti ja pit\u00e4\u00e4 vaaleat hiukset kirkkaina. Rikastettu ainutlaatuisella KerActive-proteiinilla ja ohdakekukilla. Auttaa korjaamaan vaurioita ja viimeistelem\u00e4\u00e4n ihokerroksen.<\/p>\n","protected":false},"featured_media":441542,"comment_status":"open","ping_status":"closed","template":"","meta":{"_trash_the_other_posts":false},"product_brand":[],"product_cat":[1004,563],"product_tag":[3776],"berocket_brand":[1053],"class_list":{"0":"post-142035","1":"product","2":"type-product","3":"status-publish","4":"has-post-thumbnail","6":"product_cat-hopeashampoo","7":"product_cat-shampoo","8":"product_tag-paul-mitchell-forever-blonde-shampoo","9":"pa_brand-paul-mitchell","10":"pa_variantti-710ml","11":"berocket_brand-paul-mitchell","13":"first","14":"instock","15":"sale","16":"taxable","17":"shipping-taxable","18":"purchasable","19":"product-type-simple"},"_links":{"self":[{"href":"https:\/\/stylingagenten.com\/fi\/wp-json\/wp\/v2\/product\/142035","targetHints":{"allow":["GET"]}}],"collection":[{"href":"https:\/\/stylingagenten.com\/fi\/wp-json\/wp\/v2\/product"}],"about":[{"href":"https:\/\/stylingagenten.com\/fi\/wp-json\/wp\/v2\/types\/product"}],"replies":[{"embeddable":true,"href":"https:\/\/stylingagenten.com\/fi\/wp-json\/wp\/v2\/comments?post=142035"}],"version-history":[{"count":0,"href":"https:\/\/stylingagenten.com\/fi\/wp-json\/wp\/v2\/product\/142035\/revisions"}],"wp:featuredmedia":[{"embeddable":true,"href":"https:\/\/stylingagenten.com\/fi\/wp-json\/wp\/v2\/media\/441542"}],"wp:attachment":[{"href":"https:\/\/stylingagenten.com\/fi\/wp-json\/wp\/v2\/media?parent=142035"}],"wp:term":[{"taxonomy":"product_brand","embeddable":true,"href":"https:\/\/stylingagenten.com\/fi\/wp-json\/wp\/v2\/product_brand?post=142035"},{"taxonomy":"product_cat","embeddable":true,"href":"https:\/\/stylingagenten.com\/fi\/wp-json\/wp\/v2\/product_cat?post=142035"},{"taxonomy":"product_tag","embeddable":true,"href":"https:\/\/stylingagenten.com\/fi\/wp-json\/wp\/v2\/product_tag?post=142035"},{"taxonomy":"berocket_brand","embeddable":true,"href":"https:\/\/stylingagenten.com\/fi\/wp-json\/wp\/v2\/berocket_brand?post=142035"}],"curies":[{"name":"wp","href":"https:\/\/api.w.org\/{rel}","templated":true}]}}