{"id":142018,"date":"2025-05-18T23:17:04","date_gmt":"2025-05-18T23:17:04","guid":{"rendered":"https:\/\/staging2.stylingagenten.com\/fi\/produkt\/paul-mitchell-lemon-sage-thickening-shampoo-1000ml\/"},"modified":"2026-04-06T12:58:27","modified_gmt":"2026-04-06T12:58:27","slug":"paul-mitchell-lemon-sage-thickening-shampoo-1000ml","status":"publish","type":"product","link":"https:\/\/stylingagenten.com\/fi\/tuote\/paul-mitchell-lemon-sage-thickening-shampoo-1000ml\/","title":{"rendered":"Paul Mitchell Lemon Sage Thickening Shampoo 1000ml"},"content":{"rendered":"<p>T\u00e4ss\u00e4 shampoossa on ainutlaatuinen ainesosien yhdistelm\u00e4, joka antaa hiuksille t\u00e4ytel\u00e4isyytt\u00e4, vahvistaa niit\u00e4 ja ehk\u00e4isee hiusten halkeamista. <br \/>Se sis\u00e4lt\u00e4\u00e4 my\u00f6s; salvia-, sitruuna-, teepuu- ja piparminttuuutteet, jotka stimuloivat aisteja ja joilla on virkist\u00e4v\u00e4 vaikutus. Sopii ohuille\/normaaleille hiuksille.<\/p>\n","protected":false},"excerpt":{"rendered":"<p>T\u00e4ss\u00e4 shampoossa on ainutlaatuinen ainesosien yhdistelm\u00e4, joka antaa hiuksille t\u00e4ytel\u00e4isyytt\u00e4, vahvistaa niit\u00e4 ja ehk\u00e4isee hiusten halkeamista. Se sis\u00e4lt\u00e4\u00e4 my\u00f6s; salvia-, sitruuna-, teepuu- ja piparminttuuutteet, jotka stimuloivat aisteja ja joilla on virkist\u00e4v\u00e4 vaikutus. Sopii ohuille\/normaaleille hiuksille.<\/p>\n","protected":false},"featured_media":437906,"comment_status":"open","ping_status":"closed","template":"","meta":{"_trash_the_other_posts":false},"product_brand":[],"product_cat":[563],"product_tag":[3783],"berocket_brand":[1053],"class_list":{"0":"post-142018","1":"product","2":"type-product","3":"status-publish","4":"has-post-thumbnail","6":"product_cat-shampoo","7":"product_tag-paul-mitchell-lemon-sage-thickening-shampoo","8":"pa_brand-paul-mitchell","9":"pa_variantti-1000ml","10":"berocket_brand-paul-mitchell","12":"first","13":"instock","14":"sale","15":"taxable","16":"shipping-taxable","17":"purchasable","18":"product-type-simple"},"_links":{"self":[{"href":"https:\/\/stylingagenten.com\/fi\/wp-json\/wp\/v2\/product\/142018","targetHints":{"allow":["GET"]}}],"collection":[{"href":"https:\/\/stylingagenten.com\/fi\/wp-json\/wp\/v2\/product"}],"about":[{"href":"https:\/\/stylingagenten.com\/fi\/wp-json\/wp\/v2\/types\/product"}],"replies":[{"embeddable":true,"href":"https:\/\/stylingagenten.com\/fi\/wp-json\/wp\/v2\/comments?post=142018"}],"version-history":[{"count":0,"href":"https:\/\/stylingagenten.com\/fi\/wp-json\/wp\/v2\/product\/142018\/revisions"}],"wp:featuredmedia":[{"embeddable":true,"href":"https:\/\/stylingagenten.com\/fi\/wp-json\/wp\/v2\/media\/437906"}],"wp:attachment":[{"href":"https:\/\/stylingagenten.com\/fi\/wp-json\/wp\/v2\/media?parent=142018"}],"wp:term":[{"taxonomy":"product_brand","embeddable":true,"href":"https:\/\/stylingagenten.com\/fi\/wp-json\/wp\/v2\/product_brand?post=142018"},{"taxonomy":"product_cat","embeddable":true,"href":"https:\/\/stylingagenten.com\/fi\/wp-json\/wp\/v2\/product_cat?post=142018"},{"taxonomy":"product_tag","embeddable":true,"href":"https:\/\/stylingagenten.com\/fi\/wp-json\/wp\/v2\/product_tag?post=142018"},{"taxonomy":"berocket_brand","embeddable":true,"href":"https:\/\/stylingagenten.com\/fi\/wp-json\/wp\/v2\/berocket_brand?post=142018"}],"curies":[{"name":"wp","href":"https:\/\/api.w.org\/{rel}","templated":true}]}}