{"id":141902,"date":"2025-05-18T23:14:21","date_gmt":"2025-05-18T23:14:21","guid":{"rendered":"https:\/\/staging2.stylingagenten.com\/fi\/produkt\/fudge-clean-blonde-damage-rewind-violet-shampoo-50ml\/"},"modified":"2026-04-12T22:08:26","modified_gmt":"2026-04-12T22:08:26","slug":"fudge-clean-blonde-damage-rewind-violet-shampoo-50ml","status":"publish","type":"product","link":"https:\/\/stylingagenten.com\/fi\/tuote\/fudge-clean-blonde-damage-rewind-violet-shampoo-50ml\/","title":{"rendered":"Fudge Clean Blonde Damage Rewind Violet Shampoo 50ml"},"content":{"rendered":"<p>Clean Blonde Damage Rewind Violet Toning Shampoo on sulfaattiton shampoo, jossa on intensiivisi\u00e4 ja tehokkaita violetteja mikropigmenttej\u00e4, jotka taistelevat v\u00e4litt\u00f6m\u00e4sti vaaleiden hiusten keltaisia \u200b\u200bs\u00e4vyj\u00e4 vastaan. Rikastettu Opti-plex&trade; Teknologia, joka vahvistaa ja suojaa hiuksia pit\u00e4\u00e4kseen ne t\u00e4ydellisess\u00e4 kunnossa.<\/p>\n<p>Opti-Plex sis\u00e4lt\u00e4\u00e4 hydrattua kasviproteiinia, joka vahvistaa hiuksia sis\u00e4lt\u00e4 ulosp\u00e4in. V&auml; ulkopuolella ja j\u00e4tt\u00e4\u00e4 siit\u00e4 vahvemman, kiilt\u00e4v\u00e4mm\u00e4n ja tasaisen suomukerroksen. Abil ME 45 toimii t\u00e4rke\u00e4n\u00e4 kosteuttajana ja auttaa my\u00f6s suojaamaan hiuksia v\u00e4rin h\u00e4vi\u00e4miselt\u00e4 sek\u00e4 l\u00e4mm\u00f6n, muotoilun ja ymp\u00e4rist\u00f6n aiheuttamilta vaurioilta. Shampoo tekee hiuksista 90 % vahvemmat ja kaksi kertaa vahvemmat; pehme\u00e4.<\/p>\n","protected":false},"excerpt":{"rendered":"<p>Clean Blonde Damage Rewind Violet Toning Shampoo on sulfaattiton shampoo, jossa on intensiivisi\u00e4 ja tehokkaita violetteja mikropigmenttej\u00e4, jotka taistelevat v\u00e4litt\u00f6m\u00e4sti vaaleiden hiusten keltaisia \u200b\u200bs\u00e4vyj\u00e4 vastaan. Rikastettu Opti-plex&trade; Teknologia, joka vahvistaa ja suojaa hiuksia pit\u00e4\u00e4kseen ne t\u00e4ydellisess\u00e4 kunnossa. Opti-Plex sis\u00e4lt\u00e4\u00e4 hydrattua kasviproteiinia, joka vahvistaa hiuksia sis\u00e4lt\u00e4 ulosp\u00e4in. V&auml; ulkopuolella ja j\u00e4tt\u00e4\u00e4 siit\u00e4 vahvemman, kiilt\u00e4v\u00e4mm\u00e4n ja tasaisen [&hellip;]<\/p>\n","protected":false},"featured_media":141901,"comment_status":"open","ping_status":"closed","template":"","meta":{"_trash_the_other_posts":false},"product_brand":[],"product_cat":[1004,563],"product_tag":[2916],"berocket_brand":[1319],"class_list":{"0":"post-141902","1":"product","2":"type-product","3":"status-publish","4":"has-post-thumbnail","6":"product_cat-hopeashampoo","7":"product_cat-shampoo","8":"product_tag-fudge-clean-blonde-damage-rewind-violet-shampoo","9":"pa_brand-fudge","10":"pa_variantti-50ml","11":"berocket_brand-fudge","13":"first","14":"instock","15":"sale","16":"taxable","17":"shipping-taxable","18":"purchasable","19":"product-type-simple"},"_links":{"self":[{"href":"https:\/\/stylingagenten.com\/fi\/wp-json\/wp\/v2\/product\/141902","targetHints":{"allow":["GET"]}}],"collection":[{"href":"https:\/\/stylingagenten.com\/fi\/wp-json\/wp\/v2\/product"}],"about":[{"href":"https:\/\/stylingagenten.com\/fi\/wp-json\/wp\/v2\/types\/product"}],"replies":[{"embeddable":true,"href":"https:\/\/stylingagenten.com\/fi\/wp-json\/wp\/v2\/comments?post=141902"}],"version-history":[{"count":0,"href":"https:\/\/stylingagenten.com\/fi\/wp-json\/wp\/v2\/product\/141902\/revisions"}],"wp:featuredmedia":[{"embeddable":true,"href":"https:\/\/stylingagenten.com\/fi\/wp-json\/wp\/v2\/media\/141901"}],"wp:attachment":[{"href":"https:\/\/stylingagenten.com\/fi\/wp-json\/wp\/v2\/media?parent=141902"}],"wp:term":[{"taxonomy":"product_brand","embeddable":true,"href":"https:\/\/stylingagenten.com\/fi\/wp-json\/wp\/v2\/product_brand?post=141902"},{"taxonomy":"product_cat","embeddable":true,"href":"https:\/\/stylingagenten.com\/fi\/wp-json\/wp\/v2\/product_cat?post=141902"},{"taxonomy":"product_tag","embeddable":true,"href":"https:\/\/stylingagenten.com\/fi\/wp-json\/wp\/v2\/product_tag?post=141902"},{"taxonomy":"berocket_brand","embeddable":true,"href":"https:\/\/stylingagenten.com\/fi\/wp-json\/wp\/v2\/berocket_brand?post=141902"}],"curies":[{"name":"wp","href":"https:\/\/api.w.org\/{rel}","templated":true}]}}