{"id":141881,"date":"2025-05-18T23:14:16","date_gmt":"2025-05-18T23:14:16","guid":{"rendered":"https:\/\/staging2.stylingagenten.com\/fi\/produkt\/goldwell-dualsenses-silver-shampoo-250ml\/"},"modified":"2026-03-30T07:31:48","modified_gmt":"2026-03-30T07:31:48","slug":"goldwell-dualsenses-silver-shampoo-250ml","status":"publish","type":"product","link":"https:\/\/stylingagenten.com\/fi\/tuote\/goldwell-dualsenses-silver-shampoo-250ml\/","title":{"rendered":"Goldwell Dualsenses Silver Shampoo 250ml"},"content":{"rendered":"<p>&nbsp;Goldwell Dualsenses Silver Shampoo neutralisoi ei-toivotut keltaiset siirtym\u00e4t ja antaa v\u00e4litt\u00f6m\u00e4n viile\u00e4n vaikutuksen vaaleissa tai harmaissa hiuksissa. Ainutlaatuinen FadeStopFormula on hell\u00e4varainen kuin vesi ja minimoi v\u00e4rin huuhtoutumisen.<\/p>\n","protected":false},"excerpt":{"rendered":"<p>&nbsp;Goldwell Dualsenses Silver Shampoo neutralisoi ei-toivotut keltaiset siirtym\u00e4t ja antaa v\u00e4litt\u00f6m\u00e4n viile\u00e4n vaikutuksen vaaleissa tai harmaissa hiuksissa. Ainutlaatuinen FadeStopFormula on hell\u00e4varainen kuin vesi ja minimoi v\u00e4rin huuhtoutumisen.<\/p>\n","protected":false},"featured_media":141879,"comment_status":"open","ping_status":"closed","template":"","meta":{"_trash_the_other_posts":false},"product_brand":[],"product_cat":[1004,563],"product_tag":[],"berocket_brand":[1328],"class_list":{"0":"post-141881","1":"product","2":"type-product","3":"status-publish","4":"has-post-thumbnail","6":"product_cat-hopeashampoo","7":"product_cat-shampoo","8":"pa_brand-goldwell","9":"berocket_brand-goldwell","11":"first","12":"instock","13":"sale","14":"taxable","15":"shipping-taxable","16":"purchasable","17":"product-type-simple"},"_links":{"self":[{"href":"https:\/\/stylingagenten.com\/fi\/wp-json\/wp\/v2\/product\/141881","targetHints":{"allow":["GET"]}}],"collection":[{"href":"https:\/\/stylingagenten.com\/fi\/wp-json\/wp\/v2\/product"}],"about":[{"href":"https:\/\/stylingagenten.com\/fi\/wp-json\/wp\/v2\/types\/product"}],"replies":[{"embeddable":true,"href":"https:\/\/stylingagenten.com\/fi\/wp-json\/wp\/v2\/comments?post=141881"}],"version-history":[{"count":0,"href":"https:\/\/stylingagenten.com\/fi\/wp-json\/wp\/v2\/product\/141881\/revisions"}],"wp:featuredmedia":[{"embeddable":true,"href":"https:\/\/stylingagenten.com\/fi\/wp-json\/wp\/v2\/media\/141879"}],"wp:attachment":[{"href":"https:\/\/stylingagenten.com\/fi\/wp-json\/wp\/v2\/media?parent=141881"}],"wp:term":[{"taxonomy":"product_brand","embeddable":true,"href":"https:\/\/stylingagenten.com\/fi\/wp-json\/wp\/v2\/product_brand?post=141881"},{"taxonomy":"product_cat","embeddable":true,"href":"https:\/\/stylingagenten.com\/fi\/wp-json\/wp\/v2\/product_cat?post=141881"},{"taxonomy":"product_tag","embeddable":true,"href":"https:\/\/stylingagenten.com\/fi\/wp-json\/wp\/v2\/product_tag?post=141881"},{"taxonomy":"berocket_brand","embeddable":true,"href":"https:\/\/stylingagenten.com\/fi\/wp-json\/wp\/v2\/berocket_brand?post=141881"}],"curies":[{"name":"wp","href":"https:\/\/api.w.org\/{rel}","templated":true}]}}