{"id":141876,"date":"2025-05-18T23:14:14","date_gmt":"2025-05-18T23:14:14","guid":{"rendered":"https:\/\/staging2.stylingagenten.com\/fi\/produkt\/goldwell-dualsenses-just-smooth-taming-shampoo-250ml\/"},"modified":"2026-03-30T07:31:47","modified_gmt":"2026-03-30T07:31:47","slug":"goldwell-dualsenses-just-smooth-taming-shampoo-250ml","status":"publish","type":"product","link":"https:\/\/stylingagenten.com\/fi\/tuote\/goldwell-dualsenses-just-smooth-taming-shampoo-250ml\/","title":{"rendered":"Goldwell Dualsenses Just Smooth Taming Shampoo 250ml"},"content":{"rendered":"<p>Goldwell Dualsenses Just Smooth Taming Shampoo sopii hallitsemattomille ja p\u00f6rr\u00f6isille hiuksille. MicroPROtecin ja kosteuttavista ominaisuuksistaan \u200b\u200btunnetun Kukui Nut Oil -seoksen avulla hiuksista tulee helpommin hoidettavia, p\u00f6rr\u00f6isyytt\u00e4 hallinnassa ja hiuksista s\u00e4teilev\u00e4\u00e4 kiiltoa. Ainutlaatuinen FadeStopFormula, joka on hell\u00e4varainen kuin vesi, minimoi v\u00e4rin haalistumisen jokaisella k\u00e4ytt\u00f6kerralla.<\/p>\n","protected":false},"excerpt":{"rendered":"<p>Goldwell Dualsenses Just Smooth Taming Shampoo sopii hallitsemattomille ja p\u00f6rr\u00f6isille hiuksille. MicroPROtecin ja kosteuttavista ominaisuuksistaan \u200b\u200btunnetun Kukui Nut Oil -seoksen avulla hiuksista tulee helpommin hoidettavia, p\u00f6rr\u00f6isyytt\u00e4 hallinnassa ja hiuksista s\u00e4teilev\u00e4\u00e4 kiiltoa. Ainutlaatuinen FadeStopFormula, joka on hell\u00e4varainen kuin vesi, minimoi v\u00e4rin haalistumisen jokaisella k\u00e4ytt\u00f6kerralla.<\/p>\n","protected":false},"featured_media":141875,"comment_status":"open","ping_status":"closed","template":"","meta":{"_trash_the_other_posts":false},"product_brand":[],"product_cat":[1003,563],"product_tag":[],"berocket_brand":[1328],"class_list":{"0":"post-141876","1":"product","2":"type-product","3":"status-publish","4":"has-post-thumbnail","6":"product_cat-myydyimmat","7":"product_cat-shampoo","8":"pa_brand-goldwell","9":"berocket_brand-goldwell","11":"first","12":"instock","13":"sale","14":"taxable","15":"shipping-taxable","16":"purchasable","17":"product-type-simple"},"_links":{"self":[{"href":"https:\/\/stylingagenten.com\/fi\/wp-json\/wp\/v2\/product\/141876","targetHints":{"allow":["GET"]}}],"collection":[{"href":"https:\/\/stylingagenten.com\/fi\/wp-json\/wp\/v2\/product"}],"about":[{"href":"https:\/\/stylingagenten.com\/fi\/wp-json\/wp\/v2\/types\/product"}],"replies":[{"embeddable":true,"href":"https:\/\/stylingagenten.com\/fi\/wp-json\/wp\/v2\/comments?post=141876"}],"version-history":[{"count":0,"href":"https:\/\/stylingagenten.com\/fi\/wp-json\/wp\/v2\/product\/141876\/revisions"}],"wp:featuredmedia":[{"embeddable":true,"href":"https:\/\/stylingagenten.com\/fi\/wp-json\/wp\/v2\/media\/141875"}],"wp:attachment":[{"href":"https:\/\/stylingagenten.com\/fi\/wp-json\/wp\/v2\/media?parent=141876"}],"wp:term":[{"taxonomy":"product_brand","embeddable":true,"href":"https:\/\/stylingagenten.com\/fi\/wp-json\/wp\/v2\/product_brand?post=141876"},{"taxonomy":"product_cat","embeddable":true,"href":"https:\/\/stylingagenten.com\/fi\/wp-json\/wp\/v2\/product_cat?post=141876"},{"taxonomy":"product_tag","embeddable":true,"href":"https:\/\/stylingagenten.com\/fi\/wp-json\/wp\/v2\/product_tag?post=141876"},{"taxonomy":"berocket_brand","embeddable":true,"href":"https:\/\/stylingagenten.com\/fi\/wp-json\/wp\/v2\/berocket_brand?post=141876"}],"curies":[{"name":"wp","href":"https:\/\/api.w.org\/{rel}","templated":true}]}}