{"id":141871,"date":"2025-05-18T23:14:14","date_gmt":"2025-05-18T23:14:14","guid":{"rendered":"https:\/\/staging2.stylingagenten.com\/fi\/produkt\/ellwo-moisturizing-shampoo-350ml\/"},"modified":"2026-04-03T15:15:26","modified_gmt":"2026-04-03T15:15:26","slug":"ellwo-moisturizing-shampoo-350ml","status":"publish","type":"product","link":"https:\/\/stylingagenten.com\/fi\/tuote\/ellwo-moisturizing-shampoo-350ml\/","title":{"rendered":"Ellwo Moisturizing Shampoo 350ml"},"content":{"rendered":"<p>Ellwo Moisturizing Shampoo on v\u00e4ri\u00e4 s\u00e4ilytt\u00e4v\u00e4 shampoo, joka palauttaa hiusten luonnollisen kosteustasapainon ja lis\u00e4\u00e4 kiiltoa ja kiiltoa. Sopii kaikille hiustyypeille, my\u00f6s kemiallisesti k\u00e4sitellyille hiuksille. Shampoon tuoksu on kukkainen ja hedelm\u00e4inen, ja siin\u00e4 on vivahteita jasmiinista, ja se on rikastettu argan\u00f6ljyll\u00e4, jojoba\u00f6ljyll\u00e4 ja oliivi\u00f6ljyll\u00e4.<\/p>\n<p>Sulfaatti- ja parabeeniton<br \/>vegaaninen<br \/>V\u00e4ris\u00e4ilytys<br \/>UV-suoja <\/p>\n<p><\/p>\n<p><\/p>\n","protected":false},"excerpt":{"rendered":"<p>Ellwo Moisturizing Shampoo on v\u00e4ri\u00e4 s\u00e4ilytt\u00e4v\u00e4 shampoo, joka palauttaa hiusten luonnollisen kosteustasapainon ja lis\u00e4\u00e4 kiiltoa ja kiiltoa. Sopii kaikille hiustyypeille, my\u00f6s kemiallisesti k\u00e4sitellyille hiuksille. Shampoon tuoksu on kukkainen ja hedelm\u00e4inen, ja siin\u00e4 on vivahteita jasmiinista, ja se on rikastettu argan\u00f6ljyll\u00e4, jojoba\u00f6ljyll\u00e4 ja oliivi\u00f6ljyll\u00e4. Sulfaatti- ja parabeenitonvegaaninenV\u00e4ris\u00e4ilytysUV-suoja<\/p>\n","protected":false},"featured_media":141868,"comment_status":"open","ping_status":"closed","template":"","meta":{"_trash_the_other_posts":false},"product_brand":[],"product_cat":[563],"product_tag":[],"berocket_brand":[1305],"class_list":{"0":"post-141871","1":"product","2":"type-product","3":"status-publish","4":"has-post-thumbnail","6":"product_cat-shampoo","7":"pa_brand-ellwo-professional","8":"berocket_brand-ellwo-professional","10":"first","11":"instock","12":"sale","13":"taxable","14":"shipping-taxable","15":"purchasable","16":"product-type-simple"},"_links":{"self":[{"href":"https:\/\/stylingagenten.com\/fi\/wp-json\/wp\/v2\/product\/141871","targetHints":{"allow":["GET"]}}],"collection":[{"href":"https:\/\/stylingagenten.com\/fi\/wp-json\/wp\/v2\/product"}],"about":[{"href":"https:\/\/stylingagenten.com\/fi\/wp-json\/wp\/v2\/types\/product"}],"replies":[{"embeddable":true,"href":"https:\/\/stylingagenten.com\/fi\/wp-json\/wp\/v2\/comments?post=141871"}],"version-history":[{"count":0,"href":"https:\/\/stylingagenten.com\/fi\/wp-json\/wp\/v2\/product\/141871\/revisions"}],"wp:featuredmedia":[{"embeddable":true,"href":"https:\/\/stylingagenten.com\/fi\/wp-json\/wp\/v2\/media\/141868"}],"wp:attachment":[{"href":"https:\/\/stylingagenten.com\/fi\/wp-json\/wp\/v2\/media?parent=141871"}],"wp:term":[{"taxonomy":"product_brand","embeddable":true,"href":"https:\/\/stylingagenten.com\/fi\/wp-json\/wp\/v2\/product_brand?post=141871"},{"taxonomy":"product_cat","embeddable":true,"href":"https:\/\/stylingagenten.com\/fi\/wp-json\/wp\/v2\/product_cat?post=141871"},{"taxonomy":"product_tag","embeddable":true,"href":"https:\/\/stylingagenten.com\/fi\/wp-json\/wp\/v2\/product_tag?post=141871"},{"taxonomy":"berocket_brand","embeddable":true,"href":"https:\/\/stylingagenten.com\/fi\/wp-json\/wp\/v2\/berocket_brand?post=141871"}],"curies":[{"name":"wp","href":"https:\/\/api.w.org\/{rel}","templated":true}]}}