{"id":141867,"date":"2025-05-18T23:14:13","date_gmt":"2025-05-18T23:14:13","guid":{"rendered":"https:\/\/staging2.stylingagenten.com\/fi\/produkt\/ida-warg-repair-shampoo-250ml\/"},"modified":"2026-03-11T21:49:21","modified_gmt":"2026-03-11T21:49:21","slug":"ida-warg-repair-shampoo-250ml","status":"publish","type":"product","link":"https:\/\/stylingagenten.com\/fi\/tuote\/ida-warg-repair-shampoo-250ml\/","title":{"rendered":"Ida Warg Repair Shampoo 250ml"},"content":{"rendered":"<p>Ida Warg Repair Shampoo on kermainen shampoo, joka korjaa hiuksia syvyys. Shampoo on my\u00f6s kosteuttava ja vahvistava, mik\u00e4 tekee hiuksista pehme\u00e4t ja joustavat. Voidaan k\u00e4ytt\u00e4\u00e4 p\u00e4ivitt\u00e4in.&nbsp;<\/p>\n<p>cruelty free, 100% vegaan.<\/p>\n","protected":false},"excerpt":{"rendered":"<p>Ida Warg Repair Shampoo on kermainen shampoo, joka korjaa hiuksia syvyys. Shampoo on my\u00f6s kosteuttava ja vahvistava, mik\u00e4 tekee hiuksista pehme\u00e4t ja joustavat. Voidaan k\u00e4ytt\u00e4\u00e4 p\u00e4ivitt\u00e4in.&nbsp; cruelty free, 100% vegaan.<\/p>\n","protected":false},"featured_media":141860,"comment_status":"open","ping_status":"closed","template":"","meta":{"_trash_the_other_posts":false},"product_brand":[],"product_cat":[563],"product_tag":[3012],"berocket_brand":[1346],"class_list":{"0":"post-141867","1":"product","2":"type-product","3":"status-publish","4":"has-post-thumbnail","6":"product_cat-shampoo","7":"product_tag-ida-warg-repair-shampoo","8":"pa_brand-ida-warg","9":"pa_variantti-250ml","10":"berocket_brand-ida-warg","12":"first","13":"instock","14":"sale","15":"taxable","16":"shipping-taxable","17":"purchasable","18":"product-type-simple"},"_links":{"self":[{"href":"https:\/\/stylingagenten.com\/fi\/wp-json\/wp\/v2\/product\/141867","targetHints":{"allow":["GET"]}}],"collection":[{"href":"https:\/\/stylingagenten.com\/fi\/wp-json\/wp\/v2\/product"}],"about":[{"href":"https:\/\/stylingagenten.com\/fi\/wp-json\/wp\/v2\/types\/product"}],"replies":[{"embeddable":true,"href":"https:\/\/stylingagenten.com\/fi\/wp-json\/wp\/v2\/comments?post=141867"}],"version-history":[{"count":0,"href":"https:\/\/stylingagenten.com\/fi\/wp-json\/wp\/v2\/product\/141867\/revisions"}],"wp:featuredmedia":[{"embeddable":true,"href":"https:\/\/stylingagenten.com\/fi\/wp-json\/wp\/v2\/media\/141860"}],"wp:attachment":[{"href":"https:\/\/stylingagenten.com\/fi\/wp-json\/wp\/v2\/media?parent=141867"}],"wp:term":[{"taxonomy":"product_brand","embeddable":true,"href":"https:\/\/stylingagenten.com\/fi\/wp-json\/wp\/v2\/product_brand?post=141867"},{"taxonomy":"product_cat","embeddable":true,"href":"https:\/\/stylingagenten.com\/fi\/wp-json\/wp\/v2\/product_cat?post=141867"},{"taxonomy":"product_tag","embeddable":true,"href":"https:\/\/stylingagenten.com\/fi\/wp-json\/wp\/v2\/product_tag?post=141867"},{"taxonomy":"berocket_brand","embeddable":true,"href":"https:\/\/stylingagenten.com\/fi\/wp-json\/wp\/v2\/berocket_brand?post=141867"}],"curies":[{"name":"wp","href":"https:\/\/api.w.org\/{rel}","templated":true}]}}