{"id":141835,"date":"2025-05-18T23:14:07","date_gmt":"2025-05-18T23:14:07","guid":{"rendered":"https:\/\/staging2.stylingagenten.com\/fi\/produkt\/lanza-keratin-healing-oil-lustrous-shampoo-300ml\/"},"modified":"2026-03-11T21:55:34","modified_gmt":"2026-03-11T21:55:34","slug":"lanza-keratin-healing-oil-lustrous-shampoo-300ml","status":"publish","type":"product","link":"https:\/\/stylingagenten.com\/fi\/tuote\/lanza-keratin-healing-oil-lustrous-shampoo-300ml\/","title":{"rendered":"L&#8217;anza Keratin Healing Oil Lustrous Shampoo 300ml"},"content":{"rendered":"<p>L&rsquo;ANZA Healing Oil Lustrous Shampoo &auml;on ylellinen, korjaava shampoo, joka t\u00e4ydent\u00e4\u00e4 p&aring; V\u00e4ltt\u00e4m\u00e4t\u00f6n keratiiniproteiini hiusten volyymin palauttamiseksi. Sis\u00e4lt\u00e4\u00e4 Phyto Complexin, erikoisseoksen nelj\u00e4st\u00e4 kasvitieteellisest\u00e4 \u00f6ljyst\u00e4; abessinian kukka\u00f6ljy, kahvinsiemen\u00f6ljy, acai-hedelm\u00e4\u00f6ljy, babassun ydin\u00f6ljy.&nbsp;<\/p>\n<p>&bull; &Aring;ter&auml;ller kosteutta, joustavuutta ja lujuutta.<br \/>&bull; Tekee huomattavasti t\u00e4ytel\u00e4isyytt\u00e4 ja volyymia.<br \/>&bull; Sulfaatti-, gluteeni-, parabeeni- ja natriumkloriditon.<br \/>&bull; T\u00e4ysi UV-suoja.<br \/>&bull; V\u00e4rin s\u00e4ilyminen.<\/p>\n","protected":false},"excerpt":{"rendered":"<p>L&rsquo;ANZA Healing Oil Lustrous Shampoo &auml;on ylellinen, korjaava shampoo, joka t\u00e4ydent\u00e4\u00e4 p&aring; V\u00e4ltt\u00e4m\u00e4t\u00f6n keratiiniproteiini hiusten volyymin palauttamiseksi. Sis\u00e4lt\u00e4\u00e4 Phyto Complexin, erikoisseoksen nelj\u00e4st\u00e4 kasvitieteellisest\u00e4 \u00f6ljyst\u00e4; abessinian kukka\u00f6ljy, kahvinsiemen\u00f6ljy, acai-hedelm\u00e4\u00f6ljy, babassun ydin\u00f6ljy.&nbsp; &bull; &Aring;ter&auml;ller kosteutta, joustavuutta ja lujuutta.&bull; Tekee huomattavasti t\u00e4ytel\u00e4isyytt\u00e4 ja volyymia.&bull; Sulfaatti-, gluteeni-, parabeeni- ja natriumkloriditon.&bull; T\u00e4ysi UV-suoja.&bull; V\u00e4rin s\u00e4ilyminen.<\/p>\n","protected":false},"featured_media":141828,"comment_status":"open","ping_status":"closed","template":"","meta":{"_trash_the_other_posts":false},"product_brand":[],"product_cat":[563],"product_tag":[3209],"berocket_brand":[1082],"class_list":{"0":"post-141835","1":"product","2":"type-product","3":"status-publish","4":"has-post-thumbnail","6":"product_cat-shampoo","7":"product_tag-lanza-keratin-healing-oil-lustrous-shampoo","8":"pa_brand-lanza","9":"pa_variantti-300ml","10":"berocket_brand-lanza","12":"first","13":"instock","14":"sale","15":"taxable","16":"shipping-taxable","17":"purchasable","18":"product-type-simple"},"_links":{"self":[{"href":"https:\/\/stylingagenten.com\/fi\/wp-json\/wp\/v2\/product\/141835","targetHints":{"allow":["GET"]}}],"collection":[{"href":"https:\/\/stylingagenten.com\/fi\/wp-json\/wp\/v2\/product"}],"about":[{"href":"https:\/\/stylingagenten.com\/fi\/wp-json\/wp\/v2\/types\/product"}],"replies":[{"embeddable":true,"href":"https:\/\/stylingagenten.com\/fi\/wp-json\/wp\/v2\/comments?post=141835"}],"version-history":[{"count":0,"href":"https:\/\/stylingagenten.com\/fi\/wp-json\/wp\/v2\/product\/141835\/revisions"}],"wp:featuredmedia":[{"embeddable":true,"href":"https:\/\/stylingagenten.com\/fi\/wp-json\/wp\/v2\/media\/141828"}],"wp:attachment":[{"href":"https:\/\/stylingagenten.com\/fi\/wp-json\/wp\/v2\/media?parent=141835"}],"wp:term":[{"taxonomy":"product_brand","embeddable":true,"href":"https:\/\/stylingagenten.com\/fi\/wp-json\/wp\/v2\/product_brand?post=141835"},{"taxonomy":"product_cat","embeddable":true,"href":"https:\/\/stylingagenten.com\/fi\/wp-json\/wp\/v2\/product_cat?post=141835"},{"taxonomy":"product_tag","embeddable":true,"href":"https:\/\/stylingagenten.com\/fi\/wp-json\/wp\/v2\/product_tag?post=141835"},{"taxonomy":"berocket_brand","embeddable":true,"href":"https:\/\/stylingagenten.com\/fi\/wp-json\/wp\/v2\/berocket_brand?post=141835"}],"curies":[{"name":"wp","href":"https:\/\/api.w.org\/{rel}","templated":true}]}}