{"id":141827,"date":"2025-05-18T23:14:06","date_gmt":"2025-05-18T23:14:06","guid":{"rendered":"https:\/\/staging2.stylingagenten.com\/fi\/produkt\/brave-new-hair-balance-shampoo-250ml\/"},"modified":"2026-03-25T09:36:26","modified_gmt":"2026-03-25T09:36:26","slug":"brave-new-hair-balance-shampoo-250ml","status":"publish","type":"product","link":"https:\/\/stylingagenten.com\/fi\/tuote\/brave-new-hair-balance-shampoo-250ml\/","title":{"rendered":"Brave. New. Hair. Balance Shampoo 250ml"},"content":{"rendered":"<p>Brave New Hairin Balance Shampoo on syv\u00e4puhdistava detox-shampoo herk\u00e4lle ja rasvaiselle hiuspohjalle.<\/p>\n<p>Edut:<\/p>\n<p>\u00e2\u2014 Aktivoitu bambuhiili imee ylim\u00e4\u00e4r\u00e4isen talin ja puhdistaa p\u00e4\u00e4nahan ilman sen uudelleenk\u00e4sittely<\/p>\n<p>\u00e2\u2014 Poistaa ymp\u00e4rist\u00f6n ep\u00e4puhtaudet<\/p>\n<p>\u00e2\u2014 S\u00e4\u00e4telee hiuksia kehon bakteeriymp\u00e4rist\u00f6\u00e4<\/p>\n<p>\u00e2\u2014 Normalisoi talinerityst\u00e4<\/p>\n<p> \u00e2\u2014 Pident\u00e4\u00e4 pesujen v\u00e4list\u00e4 aikaa<\/p>\n<p>\u00e2\u2014 Neutraloi hilsett\u00e4<\/p>\n<p>\u00e2\u2014 p&gt;<\/p>\n<p>\u00e2\u2014 Rauhoittaa p\u00e4\u00e4nahkaa ja puhdistaa myrkkyj\u00e4<\/p>\n<p>\u00e2\u2014 Parantaa hiusten ulkon\u00e4k\u00f6\u00e4 ja kiiltoa<\/p>\n<p>\u00e2\u2014 Antistaattinen vaikutus<\/p>\n<p>&lt; K\u00e4ytt\u00f6ohje: Hiero shampoo kosteisiin hiuksiin ja huuhtele vedell\u00e4. Toista prosessi ja hiero hiuksia ja p\u00e4\u00e4nahkaa, kunnes se vaahtoaa, ja huuhtele sitten huolellisesti vedell\u00e4. S\u00e4\u00e4nn\u00f6llist\u00e4 k\u00e4ytt\u00f6\u00e4 suositellaan parhaan tuloksen saavuttamiseksi.<\/p>\n<p>V\u00e4lt\u00e4 ihokosketusta!<\/p>\n<p>Ei sis\u00e4ll\u00e4:<br \/>Sulfaatteja<br \/>Silikoneja<br \/>Lis\u00e4tty\u00e4 suolaa <br \/>Vaseliinia<br \/> El\u00e4inper\u00e4iset ainesosat<\/p>\n","protected":false},"excerpt":{"rendered":"<p>Brave New Hairin Balance Shampoo on syv\u00e4puhdistava detox-shampoo herk\u00e4lle ja rasvaiselle hiuspohjalle. Edut: \u00e2\u2014 Aktivoitu bambuhiili imee ylim\u00e4\u00e4r\u00e4isen talin ja puhdistaa p\u00e4\u00e4nahan ilman sen uudelleenk\u00e4sittely \u00e2\u2014 Poistaa ymp\u00e4rist\u00f6n ep\u00e4puhtaudet \u00e2\u2014 S\u00e4\u00e4telee hiuksia kehon bakteeriymp\u00e4rist\u00f6\u00e4 \u00e2\u2014 Normalisoi talinerityst\u00e4 \u00e2\u2014 Pident\u00e4\u00e4 pesujen v\u00e4list\u00e4 aikaa \u00e2\u2014 Neutraloi hilsett\u00e4 \u00e2\u2014 p&gt; \u00e2\u2014 Rauhoittaa p\u00e4\u00e4nahkaa ja puhdistaa myrkkyj\u00e4 \u00e2\u2014 Parantaa [&hellip;]<\/p>\n","protected":false},"featured_media":141822,"comment_status":"open","ping_status":"closed","template":"","meta":{"_trash_the_other_posts":false},"product_brand":[],"product_cat":[563],"product_tag":[],"berocket_brand":[1211],"class_list":{"0":"post-141827","1":"product","2":"type-product","3":"status-publish","4":"has-post-thumbnail","6":"product_cat-shampoo","7":"pa_brand-brave-new-hair","8":"berocket_brand-brave-new-hair","10":"first","11":"instock","12":"sale","13":"taxable","14":"shipping-taxable","15":"purchasable","16":"product-type-simple"},"_links":{"self":[{"href":"https:\/\/stylingagenten.com\/fi\/wp-json\/wp\/v2\/product\/141827","targetHints":{"allow":["GET"]}}],"collection":[{"href":"https:\/\/stylingagenten.com\/fi\/wp-json\/wp\/v2\/product"}],"about":[{"href":"https:\/\/stylingagenten.com\/fi\/wp-json\/wp\/v2\/types\/product"}],"replies":[{"embeddable":true,"href":"https:\/\/stylingagenten.com\/fi\/wp-json\/wp\/v2\/comments?post=141827"}],"version-history":[{"count":0,"href":"https:\/\/stylingagenten.com\/fi\/wp-json\/wp\/v2\/product\/141827\/revisions"}],"wp:featuredmedia":[{"embeddable":true,"href":"https:\/\/stylingagenten.com\/fi\/wp-json\/wp\/v2\/media\/141822"}],"wp:attachment":[{"href":"https:\/\/stylingagenten.com\/fi\/wp-json\/wp\/v2\/media?parent=141827"}],"wp:term":[{"taxonomy":"product_brand","embeddable":true,"href":"https:\/\/stylingagenten.com\/fi\/wp-json\/wp\/v2\/product_brand?post=141827"},{"taxonomy":"product_cat","embeddable":true,"href":"https:\/\/stylingagenten.com\/fi\/wp-json\/wp\/v2\/product_cat?post=141827"},{"taxonomy":"product_tag","embeddable":true,"href":"https:\/\/stylingagenten.com\/fi\/wp-json\/wp\/v2\/product_tag?post=141827"},{"taxonomy":"berocket_brand","embeddable":true,"href":"https:\/\/stylingagenten.com\/fi\/wp-json\/wp\/v2\/berocket_brand?post=141827"}],"curies":[{"name":"wp","href":"https:\/\/api.w.org\/{rel}","templated":true}]}}