{"id":141796,"date":"2025-05-18T23:14:00","date_gmt":"2025-05-18T23:14:00","guid":{"rendered":"https:\/\/staging2.stylingagenten.com\/fi\/produkt\/moroccanoil-blonde-perfecting-purple-shampoo-200ml\/"},"modified":"2025-11-19T11:41:25","modified_gmt":"2025-11-19T11:41:25","slug":"moroccanoil-blonde-perfecting-purple-shampoo-200ml","status":"publish","type":"product","link":"https:\/\/stylingagenten.com\/fi\/tuote\/moroccanoil-blonde-perfecting-purple-shampoo-200ml\/","title":{"rendered":"Moroccanoil Blonde Perfecting Purple Shampoo 200ml"},"content":{"rendered":"<p>Moroccanoil Blonde Perfecting Purple Shampoo 200 ml.<\/p>\n<p>Ammattimaista lujuutta ja violetteja pigmenttej\u00e4, jotka est\u00e4v\u00e4t voimakkaita keltaisia \u200b\u200bja oransseja s\u00e4vyj\u00e4, jotka johtavat ei-toivottuihin kuparin s\u00e4vyihin. Sis\u00e4lt\u00e4\u00e4 ArganID&trade; teknologia, jossa on positiivisesti varautuneita mikrohiukkasia, jotka houkuttelevat negatiivisesti varautuneita hiuskuituja ja toimittavat argan\u00f6ljyn antioksidanttivoiman syv\u00e4lle aivokuoreen, korjaaen ja tiivist\u00e4en hiuksia. V\u00e4rin s\u00e4ilytt\u00e4minen. Ei sis\u00e4ll\u00e4 sulfaattia eik\u00e4 parabeeneja.<\/p>\n","protected":false},"excerpt":{"rendered":"<p>Moroccanoil Blonde Perfecting Purple Shampoo 200 ml. Ammattimaista lujuutta ja violetteja pigmenttej\u00e4, jotka est\u00e4v\u00e4t voimakkaita keltaisia \u200b\u200bja oransseja s\u00e4vyj\u00e4, jotka johtavat ei-toivottuihin kuparin s\u00e4vyihin. Sis\u00e4lt\u00e4\u00e4 ArganID&trade; teknologia, jossa on positiivisesti varautuneita mikrohiukkasia, jotka houkuttelevat negatiivisesti varautuneita hiuskuituja ja toimittavat argan\u00f6ljyn antioksidanttivoiman syv\u00e4lle aivokuoreen, korjaaen ja tiivist\u00e4en hiuksia. V\u00e4rin s\u00e4ilytt\u00e4minen. Ei sis\u00e4ll\u00e4 sulfaattia eik\u00e4 parabeeneja.<\/p>\n","protected":false},"featured_media":141795,"comment_status":"open","ping_status":"closed","template":"","meta":{"_trash_the_other_posts":false},"product_brand":[],"product_cat":[1004,563],"product_tag":[],"berocket_brand":[1021],"class_list":{"0":"post-141796","1":"product","2":"type-product","3":"status-publish","4":"has-post-thumbnail","6":"product_cat-hopeashampoo","7":"product_cat-shampoo","8":"pa_brand-moroccanoil","9":"berocket_brand-moroccanoil","11":"first","12":"outofstock","13":"sale","14":"taxable","15":"shipping-taxable","16":"purchasable","17":"product-type-simple"},"_links":{"self":[{"href":"https:\/\/stylingagenten.com\/fi\/wp-json\/wp\/v2\/product\/141796","targetHints":{"allow":["GET"]}}],"collection":[{"href":"https:\/\/stylingagenten.com\/fi\/wp-json\/wp\/v2\/product"}],"about":[{"href":"https:\/\/stylingagenten.com\/fi\/wp-json\/wp\/v2\/types\/product"}],"replies":[{"embeddable":true,"href":"https:\/\/stylingagenten.com\/fi\/wp-json\/wp\/v2\/comments?post=141796"}],"version-history":[{"count":0,"href":"https:\/\/stylingagenten.com\/fi\/wp-json\/wp\/v2\/product\/141796\/revisions"}],"wp:featuredmedia":[{"embeddable":true,"href":"https:\/\/stylingagenten.com\/fi\/wp-json\/wp\/v2\/media\/141795"}],"wp:attachment":[{"href":"https:\/\/stylingagenten.com\/fi\/wp-json\/wp\/v2\/media?parent=141796"}],"wp:term":[{"taxonomy":"product_brand","embeddable":true,"href":"https:\/\/stylingagenten.com\/fi\/wp-json\/wp\/v2\/product_brand?post=141796"},{"taxonomy":"product_cat","embeddable":true,"href":"https:\/\/stylingagenten.com\/fi\/wp-json\/wp\/v2\/product_cat?post=141796"},{"taxonomy":"product_tag","embeddable":true,"href":"https:\/\/stylingagenten.com\/fi\/wp-json\/wp\/v2\/product_tag?post=141796"},{"taxonomy":"berocket_brand","embeddable":true,"href":"https:\/\/stylingagenten.com\/fi\/wp-json\/wp\/v2\/berocket_brand?post=141796"}],"curies":[{"name":"wp","href":"https:\/\/api.w.org\/{rel}","templated":true}]}}