{"id":141643,"date":"2025-05-18T23:13:27","date_gmt":"2025-05-18T23:13:27","guid":{"rendered":"https:\/\/staging2.stylingagenten.com\/fi\/produkt\/loreal-professionnel-absolut-repair-shampoo-300-ml\/"},"modified":"2026-02-16T14:19:27","modified_gmt":"2026-02-16T14:19:27","slug":"loreal-professionnel-absolut-repair-shampoo-300-ml","status":"publish","type":"product","link":"https:\/\/stylingagenten.com\/fi\/tuote\/loreal-professionnel-absolut-repair-shampoo-300-ml\/","title":{"rendered":"LOreal Professionnel Absolut Repair Shampoo 300 ml"},"content":{"rendered":"<p>Ammattimainen shampoo, joka korjaa hiukset v\u00e4litt\u00f6m\u00e4sti*, kuiville ja vaurioituneille hiuksille. Rikastettu vehn\u00e4proteiinijohdannaisilla ja kultaisella kvinoan siemenuutteella. Siin\u00e4 yhdistyv\u00e4t intensiivinen korjaus ja kevyt tunne hiuksissa. Hiukset muuttuvat v\u00e4litt\u00f6m\u00e4sti: hiukset saavat enemm\u00e4n vastustuskyky\u00e4, tulevat pehme\u00e4mmiksi ja kiilt\u00e4vimmiksi. *Instrumentaalinen testishampoo + hoitoaine. Serie Expert pyrkii v\u00e4hent\u00e4m\u00e4\u00e4n ymp\u00e4rist\u00f6vaikutuksia. Uudelleen suunniteltu pakkaus 100 % kierr\u00e4tetyst\u00e4 muovista &amp; kevyempi esipakkaus.<\/p>\n","protected":false},"excerpt":{"rendered":"<p>Ammattimainen shampoo, joka korjaa hiukset v\u00e4litt\u00f6m\u00e4sti*, kuiville ja vaurioituneille hiuksille. Rikastettu vehn\u00e4proteiinijohdannaisilla ja kultaisella kvinoan siemenuutteella. Siin\u00e4 yhdistyv\u00e4t intensiivinen korjaus ja kevyt tunne hiuksissa. Hiukset muuttuvat v\u00e4litt\u00f6m\u00e4sti: hiukset saavat enemm\u00e4n vastustuskyky\u00e4, tulevat pehme\u00e4mmiksi ja kiilt\u00e4vimmiksi. *Instrumentaalinen testishampoo + hoitoaine. Serie Expert pyrkii v\u00e4hent\u00e4m\u00e4\u00e4n ymp\u00e4rist\u00f6vaikutuksia. Uudelleen suunniteltu pakkaus 100 % kierr\u00e4tetyst\u00e4 muovista &amp; kevyempi esipakkaus.<\/p>\n","protected":false},"featured_media":141642,"comment_status":"open","ping_status":"closed","template":"","meta":{"_trash_the_other_posts":false},"product_brand":[],"product_cat":[563],"product_tag":[],"berocket_brand":[2000],"class_list":{"0":"post-141643","1":"product","2":"type-product","3":"status-publish","4":"has-post-thumbnail","6":"product_cat-shampoo","7":"pa_brand-loreal-paris-2","8":"berocket_brand-loreal-paris","10":"first","11":"instock","12":"sale","13":"taxable","14":"shipping-taxable","15":"purchasable","16":"product-type-simple"},"_links":{"self":[{"href":"https:\/\/stylingagenten.com\/fi\/wp-json\/wp\/v2\/product\/141643","targetHints":{"allow":["GET"]}}],"collection":[{"href":"https:\/\/stylingagenten.com\/fi\/wp-json\/wp\/v2\/product"}],"about":[{"href":"https:\/\/stylingagenten.com\/fi\/wp-json\/wp\/v2\/types\/product"}],"replies":[{"embeddable":true,"href":"https:\/\/stylingagenten.com\/fi\/wp-json\/wp\/v2\/comments?post=141643"}],"version-history":[{"count":0,"href":"https:\/\/stylingagenten.com\/fi\/wp-json\/wp\/v2\/product\/141643\/revisions"}],"wp:featuredmedia":[{"embeddable":true,"href":"https:\/\/stylingagenten.com\/fi\/wp-json\/wp\/v2\/media\/141642"}],"wp:attachment":[{"href":"https:\/\/stylingagenten.com\/fi\/wp-json\/wp\/v2\/media?parent=141643"}],"wp:term":[{"taxonomy":"product_brand","embeddable":true,"href":"https:\/\/stylingagenten.com\/fi\/wp-json\/wp\/v2\/product_brand?post=141643"},{"taxonomy":"product_cat","embeddable":true,"href":"https:\/\/stylingagenten.com\/fi\/wp-json\/wp\/v2\/product_cat?post=141643"},{"taxonomy":"product_tag","embeddable":true,"href":"https:\/\/stylingagenten.com\/fi\/wp-json\/wp\/v2\/product_tag?post=141643"},{"taxonomy":"berocket_brand","embeddable":true,"href":"https:\/\/stylingagenten.com\/fi\/wp-json\/wp\/v2\/berocket_brand?post=141643"}],"curies":[{"name":"wp","href":"https:\/\/api.w.org\/{rel}","templated":true}]}}