{"id":141605,"date":"2025-05-18T23:13:20","date_gmt":"2025-05-18T23:13:20","guid":{"rendered":"https:\/\/staging2.stylingagenten.com\/fi\/produkt\/milk_shake-curl-passion-shampoo-300ml\/"},"modified":"2026-04-14T07:18:33","modified_gmt":"2026-04-14T07:18:33","slug":"milk_shake-curl-passion-shampoo-300ml","status":"publish","type":"product","link":"https:\/\/stylingagenten.com\/fi\/tuote\/milk_shake-curl-passion-shampoo-300ml\/","title":{"rendered":"Milk_Shake Curl Passion Shampoo 300ml"},"content":{"rendered":"<p>Shampoo kiharille hiuksille. Puhdistaa ja hoitaa kaikkia hiustyyppej\u00e4 hell\u00e4varaisesti ja syv\u00e4sti antaen pehmeytt\u00e4 ja hallittavuutta. Auttaa tekem\u00e4\u00e4n kiharoista kimmoisat, joustavat ja pitk\u00e4kestoiset. Sis\u00e4lt\u00e4\u00e4 luomupracaxi- ja babassu\u00f6ljyj\u00e4, maitoproteiineja, hedelm\u00e4uutteita, Integrity 41\u00ae ja kvinoaproteiineja. <\/p>\n<p>K\u00e4ytt\u00f6:<br \/>Levit\u00e4 tasaisesti kosteisiin hiuksiin, vaahdota ja huuhtele. Toista tarvittaessa. Jatka milk_shake\u00ae curl passion hoitoaineella.<\/p>\n","protected":false},"excerpt":{"rendered":"<p>Shampoo kiharille hiuksille. Puhdistaa ja hoitaa kaikkia hiustyyppej\u00e4 hell\u00e4varaisesti ja syv\u00e4sti antaen pehmeytt\u00e4 ja hallittavuutta. Auttaa tekem\u00e4\u00e4n kiharoista kimmoisat, joustavat ja pitk\u00e4kestoiset. Sis\u00e4lt\u00e4\u00e4 luomupracaxi- ja babassu\u00f6ljyj\u00e4, maitoproteiineja, hedelm\u00e4uutteita, Integrity 41\u00ae ja kvinoaproteiineja. K\u00e4ytt\u00f6:Levit\u00e4 tasaisesti kosteisiin hiuksiin, vaahdota ja huuhtele. Toista tarvittaessa. Jatka milk_shake\u00ae curl passion hoitoaineella.<\/p>\n","protected":false},"featured_media":141602,"comment_status":"open","ping_status":"closed","template":"","meta":{"_trash_the_other_posts":false},"product_brand":[],"product_cat":[1003,563],"product_tag":[3573],"berocket_brand":[1085],"class_list":{"0":"post-141605","1":"product","2":"type-product","3":"status-publish","4":"has-post-thumbnail","6":"product_cat-myydyimmat","7":"product_cat-shampoo","8":"product_tag-milk_shake-curl-passion-shampoo","9":"pa_brand-milk_shake","10":"pa_variantti-300ml","11":"berocket_brand-milk_shake","13":"first","14":"instock","15":"sale","16":"taxable","17":"shipping-taxable","18":"purchasable","19":"product-type-simple"},"_links":{"self":[{"href":"https:\/\/stylingagenten.com\/fi\/wp-json\/wp\/v2\/product\/141605","targetHints":{"allow":["GET"]}}],"collection":[{"href":"https:\/\/stylingagenten.com\/fi\/wp-json\/wp\/v2\/product"}],"about":[{"href":"https:\/\/stylingagenten.com\/fi\/wp-json\/wp\/v2\/types\/product"}],"replies":[{"embeddable":true,"href":"https:\/\/stylingagenten.com\/fi\/wp-json\/wp\/v2\/comments?post=141605"}],"version-history":[{"count":0,"href":"https:\/\/stylingagenten.com\/fi\/wp-json\/wp\/v2\/product\/141605\/revisions"}],"wp:featuredmedia":[{"embeddable":true,"href":"https:\/\/stylingagenten.com\/fi\/wp-json\/wp\/v2\/media\/141602"}],"wp:attachment":[{"href":"https:\/\/stylingagenten.com\/fi\/wp-json\/wp\/v2\/media?parent=141605"}],"wp:term":[{"taxonomy":"product_brand","embeddable":true,"href":"https:\/\/stylingagenten.com\/fi\/wp-json\/wp\/v2\/product_brand?post=141605"},{"taxonomy":"product_cat","embeddable":true,"href":"https:\/\/stylingagenten.com\/fi\/wp-json\/wp\/v2\/product_cat?post=141605"},{"taxonomy":"product_tag","embeddable":true,"href":"https:\/\/stylingagenten.com\/fi\/wp-json\/wp\/v2\/product_tag?post=141605"},{"taxonomy":"berocket_brand","embeddable":true,"href":"https:\/\/stylingagenten.com\/fi\/wp-json\/wp\/v2\/berocket_brand?post=141605"}],"curies":[{"name":"wp","href":"https:\/\/api.w.org\/{rel}","templated":true}]}}