{"id":141592,"date":"2025-05-18T23:13:16","date_gmt":"2025-05-18T23:13:16","guid":{"rendered":"https:\/\/staging2.stylingagenten.com\/fi\/produkt\/joico-moisture-recovery-shampoo-300ml\/"},"modified":"2026-04-11T07:18:26","modified_gmt":"2026-04-11T07:18:26","slug":"joico-moisture-recovery-shampoo-300ml","status":"publish","type":"product","link":"https:\/\/stylingagenten.com\/fi\/tuote\/joico-moisture-recovery-shampoo-300ml\/","title":{"rendered":"Joico Moisture Recovery Shampoo 300ml"},"content":{"rendered":"<p>Moisture Recovery Moisturizing Shampoo<br \/>Ylellinen shampoo, joka tekee kaikista paksuista\/karkeista ja janoisista hiuksista uskomattoman pehmeit\u00e4. Elvytt\u00e4\u00e4 ja palauttaa joustavuuden ja sileyden joka pesulla.<\/p>\n","protected":false},"excerpt":{"rendered":"<p>Moisture Recovery Moisturizing ShampooYlellinen shampoo, joka tekee kaikista paksuista\/karkeista ja janoisista hiuksista uskomattoman pehmeit\u00e4. Elvytt\u00e4\u00e4 ja palauttaa joustavuuden ja sileyden joka pesulla.<\/p>\n","protected":false},"featured_media":141589,"comment_status":"open","ping_status":"closed","template":"","meta":{"_trash_the_other_posts":false},"product_brand":[],"product_cat":[1003,563],"product_tag":[3078],"berocket_brand":[1372],"class_list":{"0":"post-141592","1":"product","2":"type-product","3":"status-publish","4":"has-post-thumbnail","6":"product_cat-myydyimmat","7":"product_cat-shampoo","8":"product_tag-joico-moisture-recovery-shampoo","9":"pa_brand-joico","10":"pa_variantti-300ml","11":"berocket_brand-joico","13":"first","14":"instock","15":"sale","16":"taxable","17":"shipping-taxable","18":"purchasable","19":"product-type-simple"},"_links":{"self":[{"href":"https:\/\/stylingagenten.com\/fi\/wp-json\/wp\/v2\/product\/141592","targetHints":{"allow":["GET"]}}],"collection":[{"href":"https:\/\/stylingagenten.com\/fi\/wp-json\/wp\/v2\/product"}],"about":[{"href":"https:\/\/stylingagenten.com\/fi\/wp-json\/wp\/v2\/types\/product"}],"replies":[{"embeddable":true,"href":"https:\/\/stylingagenten.com\/fi\/wp-json\/wp\/v2\/comments?post=141592"}],"version-history":[{"count":0,"href":"https:\/\/stylingagenten.com\/fi\/wp-json\/wp\/v2\/product\/141592\/revisions"}],"wp:featuredmedia":[{"embeddable":true,"href":"https:\/\/stylingagenten.com\/fi\/wp-json\/wp\/v2\/media\/141589"}],"wp:attachment":[{"href":"https:\/\/stylingagenten.com\/fi\/wp-json\/wp\/v2\/media?parent=141592"}],"wp:term":[{"taxonomy":"product_brand","embeddable":true,"href":"https:\/\/stylingagenten.com\/fi\/wp-json\/wp\/v2\/product_brand?post=141592"},{"taxonomy":"product_cat","embeddable":true,"href":"https:\/\/stylingagenten.com\/fi\/wp-json\/wp\/v2\/product_cat?post=141592"},{"taxonomy":"product_tag","embeddable":true,"href":"https:\/\/stylingagenten.com\/fi\/wp-json\/wp\/v2\/product_tag?post=141592"},{"taxonomy":"berocket_brand","embeddable":true,"href":"https:\/\/stylingagenten.com\/fi\/wp-json\/wp\/v2\/berocket_brand?post=141592"}],"curies":[{"name":"wp","href":"https:\/\/api.w.org\/{rel}","templated":true}]}}