{"id":141591,"date":"2025-05-18T23:13:16","date_gmt":"2025-05-18T23:13:16","guid":{"rendered":"https:\/\/staging2.stylingagenten.com\/fi\/produkt\/joico-k-pak-clarifying-shampoo-300ml\/"},"modified":"2026-04-14T14:48:31","modified_gmt":"2026-04-14T14:48:31","slug":"joico-k-pak-clarifying-shampoo-300ml","status":"publish","type":"product","link":"https:\/\/stylingagenten.com\/fi\/tuote\/joico-k-pak-clarifying-shampoo-300ml\/","title":{"rendered":"Joico K-Pak Clarifying Shampoo 300ml"},"content":{"rendered":"<p>Syv\u00e4puhdistava shampoo, joka puhdistaa hell\u00e4varaisesti hiukset ja poistaa tehokkaasti tuotej\u00e4\u00e4m\u00e4t ja ep\u00e4puhtaudet, joita muotoilutuotteet, kloori, kova vesi ja ulkoiset ymp\u00e4rist\u00f6vaikutukset voivat j\u00e4tt\u00e4\u00e4 j\u00e4lkeens\u00e4. Tuloksena on kiilt\u00e4v\u00e4t ja terveet hiukset.<\/p>\n<p>Ominaisuudet:<br \/>\u2022 Puhdistaa hiuksista kovan veden, kloorin ja mineraalien myrkyt<br \/>\u2022 Suojaa hiuksia ulkoisilta ymp\u00e4rist\u00f6vaikutuksilta<\/p>\n","protected":false},"excerpt":{"rendered":"<p>Syv\u00e4puhdistava shampoo, joka puhdistaa hell\u00e4varaisesti hiukset ja poistaa tehokkaasti tuotej\u00e4\u00e4m\u00e4t ja ep\u00e4puhtaudet, joita muotoilutuotteet, kloori, kova vesi ja ulkoiset ymp\u00e4rist\u00f6vaikutukset voivat j\u00e4tt\u00e4\u00e4 j\u00e4lkeens\u00e4. Tuloksena on kiilt\u00e4v\u00e4t ja terveet hiukset. Ominaisuudet:\u2022 Puhdistaa hiuksista kovan veden, kloorin ja mineraalien myrkyt\u2022 Suojaa hiuksia ulkoisilta ymp\u00e4rist\u00f6vaikutuksilta<\/p>\n","protected":false},"featured_media":141587,"comment_status":"open","ping_status":"closed","template":"","meta":{"_trash_the_other_posts":false},"product_brand":[],"product_cat":[563],"product_tag":[3069],"berocket_brand":[1372],"class_list":{"0":"post-141591","1":"product","2":"type-product","3":"status-publish","4":"has-post-thumbnail","6":"product_cat-shampoo","7":"product_tag-joico-k-pak-clarifying-shampoo","8":"pa_brand-joico","9":"pa_variantti-300ml","10":"berocket_brand-joico","12":"first","13":"instock","14":"sale","15":"taxable","16":"shipping-taxable","17":"purchasable","18":"product-type-simple"},"_links":{"self":[{"href":"https:\/\/stylingagenten.com\/fi\/wp-json\/wp\/v2\/product\/141591","targetHints":{"allow":["GET"]}}],"collection":[{"href":"https:\/\/stylingagenten.com\/fi\/wp-json\/wp\/v2\/product"}],"about":[{"href":"https:\/\/stylingagenten.com\/fi\/wp-json\/wp\/v2\/types\/product"}],"replies":[{"embeddable":true,"href":"https:\/\/stylingagenten.com\/fi\/wp-json\/wp\/v2\/comments?post=141591"}],"version-history":[{"count":0,"href":"https:\/\/stylingagenten.com\/fi\/wp-json\/wp\/v2\/product\/141591\/revisions"}],"wp:featuredmedia":[{"embeddable":true,"href":"https:\/\/stylingagenten.com\/fi\/wp-json\/wp\/v2\/media\/141587"}],"wp:attachment":[{"href":"https:\/\/stylingagenten.com\/fi\/wp-json\/wp\/v2\/media?parent=141591"}],"wp:term":[{"taxonomy":"product_brand","embeddable":true,"href":"https:\/\/stylingagenten.com\/fi\/wp-json\/wp\/v2\/product_brand?post=141591"},{"taxonomy":"product_cat","embeddable":true,"href":"https:\/\/stylingagenten.com\/fi\/wp-json\/wp\/v2\/product_cat?post=141591"},{"taxonomy":"product_tag","embeddable":true,"href":"https:\/\/stylingagenten.com\/fi\/wp-json\/wp\/v2\/product_tag?post=141591"},{"taxonomy":"berocket_brand","embeddable":true,"href":"https:\/\/stylingagenten.com\/fi\/wp-json\/wp\/v2\/berocket_brand?post=141591"}],"curies":[{"name":"wp","href":"https:\/\/api.w.org\/{rel}","templated":true}]}}