{"id":141586,"date":"2025-05-18T23:13:16","date_gmt":"2025-05-18T23:13:16","guid":{"rendered":"https:\/\/staging2.stylingagenten.com\/fi\/produkt\/joico-k-pak-color-therapy-shampoo-300ml\/"},"modified":"2026-03-18T07:48:00","modified_gmt":"2026-03-18T07:48:00","slug":"joico-k-pak-color-therapy-shampoo-300ml","status":"publish","type":"product","link":"https:\/\/stylingagenten.com\/fi\/tuote\/joico-k-pak-color-therapy-shampoo-300ml\/","title":{"rendered":"Joico K-Pak Color Therapy Shampoo 300ml"},"content":{"rendered":"<p>K-PAK Color Therapy Color-Protecting Shampoo<br \/>V\u00e4ris\u00e4ilytys ja t\u00e4ytel\u00e4inen vaahtoava shampoo, joka poistaa hell\u00e4varaisesti lian ja ep\u00e4puhtaudet. Laajentaa hiusv\u00e4rin eloisuutta samalla kun se uudistaa ja suojaa hiuksia.<\/p>\n","protected":false},"excerpt":{"rendered":"<p>K-PAK Color Therapy Color-Protecting ShampooV\u00e4ris\u00e4ilytys ja t\u00e4ytel\u00e4inen vaahtoava shampoo, joka poistaa hell\u00e4varaisesti lian ja ep\u00e4puhtaudet. Laajentaa hiusv\u00e4rin eloisuutta samalla kun se uudistaa ja suojaa hiuksia.<\/p>\n","protected":false},"featured_media":141584,"comment_status":"open","ping_status":"closed","template":"","meta":{"_trash_the_other_posts":false},"product_brand":[],"product_cat":[1003,563],"product_tag":[3072],"berocket_brand":[1372],"class_list":{"0":"post-141586","1":"product","2":"type-product","3":"status-publish","4":"has-post-thumbnail","6":"product_cat-myydyimmat","7":"product_cat-shampoo","8":"product_tag-joico-k-pak-color-therapy-shampoo","9":"pa_brand-joico","10":"pa_variantti-300ml","11":"berocket_brand-joico","13":"first","14":"outofstock","15":"sale","16":"taxable","17":"shipping-taxable","18":"purchasable","19":"product-type-simple"},"_links":{"self":[{"href":"https:\/\/stylingagenten.com\/fi\/wp-json\/wp\/v2\/product\/141586","targetHints":{"allow":["GET"]}}],"collection":[{"href":"https:\/\/stylingagenten.com\/fi\/wp-json\/wp\/v2\/product"}],"about":[{"href":"https:\/\/stylingagenten.com\/fi\/wp-json\/wp\/v2\/types\/product"}],"replies":[{"embeddable":true,"href":"https:\/\/stylingagenten.com\/fi\/wp-json\/wp\/v2\/comments?post=141586"}],"version-history":[{"count":0,"href":"https:\/\/stylingagenten.com\/fi\/wp-json\/wp\/v2\/product\/141586\/revisions"}],"wp:featuredmedia":[{"embeddable":true,"href":"https:\/\/stylingagenten.com\/fi\/wp-json\/wp\/v2\/media\/141584"}],"wp:attachment":[{"href":"https:\/\/stylingagenten.com\/fi\/wp-json\/wp\/v2\/media?parent=141586"}],"wp:term":[{"taxonomy":"product_brand","embeddable":true,"href":"https:\/\/stylingagenten.com\/fi\/wp-json\/wp\/v2\/product_brand?post=141586"},{"taxonomy":"product_cat","embeddable":true,"href":"https:\/\/stylingagenten.com\/fi\/wp-json\/wp\/v2\/product_cat?post=141586"},{"taxonomy":"product_tag","embeddable":true,"href":"https:\/\/stylingagenten.com\/fi\/wp-json\/wp\/v2\/product_tag?post=141586"},{"taxonomy":"berocket_brand","embeddable":true,"href":"https:\/\/stylingagenten.com\/fi\/wp-json\/wp\/v2\/berocket_brand?post=141586"}],"curies":[{"name":"wp","href":"https:\/\/api.w.org\/{rel}","templated":true}]}}