{"id":141548,"date":"2025-05-18T23:13:08","date_gmt":"2025-05-18T23:13:08","guid":{"rendered":"https:\/\/staging2.stylingagenten.com\/fi\/produkt\/wella-sp-balance-scalp-shampoo-250ml\/"},"modified":"2026-04-07T08:39:39","modified_gmt":"2026-04-07T08:39:39","slug":"wella-sp-balance-scalp-shampoo-250ml","status":"publish","type":"product","link":"https:\/\/stylingagenten.com\/fi\/tuote\/wella-sp-balance-scalp-shampoo-250ml\/","title":{"rendered":"Wella SP Balance Scalp Shampoo 250ml"},"content":{"rendered":"<p>Wella SP Balance Scalp Shampoo on shampoo, joka puhdistaa ja rauhoittaa herkk\u00e4\u00e4 p\u00e4\u00e4nahkaa. <\/p>\n<p>Hell\u00e4varaisella pH-tasapainolla Balance Scalp Shampoo ehk\u00e4isee hiustenl\u00e4ht\u00f6\u00e4 tasapainottamalla ja rauhoittamalla \u00e4rtynytt\u00e4 p\u00e4\u00e4nahkaa. Shampoo on rikastettu Zinc Pyriothon -kompleksilla, joka auttaa vahvistamaan hiuksia v\u00e4hent\u00e4en hiustenl\u00e4ht\u00f6\u00e4 ja lievitt\u00e4m\u00e4\u00e4n kutiavaa tai \u00e4rtynytt\u00e4 p\u00e4\u00e4nahkaa.<\/p>\n<p>K\u00e4ytt\u00f6:<br \/>Hieronta sek\u00e4 hiuksiin ett\u00e4 p\u00e4\u00e4nahkaan. Muodosta pehme\u00e4 vaahto ennen kuin huuhtelet haalealla vedell\u00e4.<\/p>\n","protected":false},"excerpt":{"rendered":"<p>Wella SP Balance Scalp Shampoo on shampoo, joka puhdistaa ja rauhoittaa herkk\u00e4\u00e4 p\u00e4\u00e4nahkaa. Hell\u00e4varaisella pH-tasapainolla Balance Scalp Shampoo ehk\u00e4isee hiustenl\u00e4ht\u00f6\u00e4 tasapainottamalla ja rauhoittamalla \u00e4rtynytt\u00e4 p\u00e4\u00e4nahkaa. Shampoo on rikastettu Zinc Pyriothon -kompleksilla, joka auttaa vahvistamaan hiuksia v\u00e4hent\u00e4en hiustenl\u00e4ht\u00f6\u00e4 ja lievitt\u00e4m\u00e4\u00e4n kutiavaa tai \u00e4rtynytt\u00e4 p\u00e4\u00e4nahkaa. K\u00e4ytt\u00f6:Hieronta sek\u00e4 hiuksiin ett\u00e4 p\u00e4\u00e4nahkaan. Muodosta pehme\u00e4 vaahto ennen kuin huuhtelet haalealla [&hellip;]<\/p>\n","protected":false},"featured_media":141547,"comment_status":"open","ping_status":"closed","template":"","meta":{"_trash_the_other_posts":false},"product_brand":[],"product_cat":[1003,563],"product_tag":[4069],"berocket_brand":[1030],"class_list":{"0":"post-141548","1":"product","2":"type-product","3":"status-publish","4":"has-post-thumbnail","6":"product_cat-myydyimmat","7":"product_cat-shampoo","8":"product_tag-wella-sp-balance-scalp-shampoo","9":"pa_brand-wella","10":"pa_variantti-250ml","11":"berocket_brand-wella","13":"first","14":"instock","15":"sale","16":"taxable","17":"shipping-taxable","18":"purchasable","19":"product-type-simple"},"_links":{"self":[{"href":"https:\/\/stylingagenten.com\/fi\/wp-json\/wp\/v2\/product\/141548","targetHints":{"allow":["GET"]}}],"collection":[{"href":"https:\/\/stylingagenten.com\/fi\/wp-json\/wp\/v2\/product"}],"about":[{"href":"https:\/\/stylingagenten.com\/fi\/wp-json\/wp\/v2\/types\/product"}],"replies":[{"embeddable":true,"href":"https:\/\/stylingagenten.com\/fi\/wp-json\/wp\/v2\/comments?post=141548"}],"version-history":[{"count":0,"href":"https:\/\/stylingagenten.com\/fi\/wp-json\/wp\/v2\/product\/141548\/revisions"}],"wp:featuredmedia":[{"embeddable":true,"href":"https:\/\/stylingagenten.com\/fi\/wp-json\/wp\/v2\/media\/141547"}],"wp:attachment":[{"href":"https:\/\/stylingagenten.com\/fi\/wp-json\/wp\/v2\/media?parent=141548"}],"wp:term":[{"taxonomy":"product_brand","embeddable":true,"href":"https:\/\/stylingagenten.com\/fi\/wp-json\/wp\/v2\/product_brand?post=141548"},{"taxonomy":"product_cat","embeddable":true,"href":"https:\/\/stylingagenten.com\/fi\/wp-json\/wp\/v2\/product_cat?post=141548"},{"taxonomy":"product_tag","embeddable":true,"href":"https:\/\/stylingagenten.com\/fi\/wp-json\/wp\/v2\/product_tag?post=141548"},{"taxonomy":"berocket_brand","embeddable":true,"href":"https:\/\/stylingagenten.com\/fi\/wp-json\/wp\/v2\/berocket_brand?post=141548"}],"curies":[{"name":"wp","href":"https:\/\/api.w.org\/{rel}","templated":true}]}}