{"id":141482,"date":"2025-05-18T23:12:58","date_gmt":"2025-05-18T23:12:58","guid":{"rendered":"https:\/\/staging2.stylingagenten.com\/fi\/produkt\/wella-sp-silver-blond-shampoo-250ml\/"},"modified":"2026-03-30T07:08:38","modified_gmt":"2026-03-30T07:08:38","slug":"wella-sp-silver-blond-shampoo-250ml","status":"publish","type":"product","link":"https:\/\/stylingagenten.com\/fi\/tuote\/wella-sp-silver-blond-shampoo-250ml\/","title":{"rendered":"Wella SP Silver Blond Shampoo 250ml"},"content":{"rendered":"<p>SP SILVER BLOND SHAMPOO<br \/>Korostaa viileit\u00e4 s\u00e4vyj\u00e4 vaaleissa hiuksissa ja taistelee kellastuvia vaikutuksia. Est\u00e4\u00e4 hiuksia kuivumasta. Koostumus sis\u00e4lt\u00e4\u00e4 sinist\u00e4 pigmentti\u00e4, joka korostaa viileit\u00e4 s\u00e4vyj\u00e4 vaaleissa, vaaleissa, kiharoissa ja luonnonharmaissa hiuksissa.<\/p>\n","protected":false},"excerpt":{"rendered":"<p>SP SILVER BLOND SHAMPOOKorostaa viileit\u00e4 s\u00e4vyj\u00e4 vaaleissa hiuksissa ja taistelee kellastuvia vaikutuksia. Est\u00e4\u00e4 hiuksia kuivumasta. Koostumus sis\u00e4lt\u00e4\u00e4 sinist\u00e4 pigmentti\u00e4, joka korostaa viileit\u00e4 s\u00e4vyj\u00e4 vaaleissa, vaaleissa, kiharoissa ja luonnonharmaissa hiuksissa.<\/p>\n","protected":false},"featured_media":141480,"comment_status":"open","ping_status":"closed","template":"","meta":{"_trash_the_other_posts":false},"product_brand":[],"product_cat":[1004,563],"product_tag":[],"berocket_brand":[1030],"class_list":{"0":"post-141482","1":"product","2":"type-product","3":"status-publish","4":"has-post-thumbnail","6":"product_cat-hopeashampoo","7":"product_cat-shampoo","8":"pa_brand-wella","9":"berocket_brand-wella","11":"first","12":"instock","13":"sale","14":"taxable","15":"shipping-taxable","16":"purchasable","17":"product-type-simple"},"_links":{"self":[{"href":"https:\/\/stylingagenten.com\/fi\/wp-json\/wp\/v2\/product\/141482","targetHints":{"allow":["GET"]}}],"collection":[{"href":"https:\/\/stylingagenten.com\/fi\/wp-json\/wp\/v2\/product"}],"about":[{"href":"https:\/\/stylingagenten.com\/fi\/wp-json\/wp\/v2\/types\/product"}],"replies":[{"embeddable":true,"href":"https:\/\/stylingagenten.com\/fi\/wp-json\/wp\/v2\/comments?post=141482"}],"version-history":[{"count":0,"href":"https:\/\/stylingagenten.com\/fi\/wp-json\/wp\/v2\/product\/141482\/revisions"}],"wp:featuredmedia":[{"embeddable":true,"href":"https:\/\/stylingagenten.com\/fi\/wp-json\/wp\/v2\/media\/141480"}],"wp:attachment":[{"href":"https:\/\/stylingagenten.com\/fi\/wp-json\/wp\/v2\/media?parent=141482"}],"wp:term":[{"taxonomy":"product_brand","embeddable":true,"href":"https:\/\/stylingagenten.com\/fi\/wp-json\/wp\/v2\/product_brand?post=141482"},{"taxonomy":"product_cat","embeddable":true,"href":"https:\/\/stylingagenten.com\/fi\/wp-json\/wp\/v2\/product_cat?post=141482"},{"taxonomy":"product_tag","embeddable":true,"href":"https:\/\/stylingagenten.com\/fi\/wp-json\/wp\/v2\/product_tag?post=141482"},{"taxonomy":"berocket_brand","embeddable":true,"href":"https:\/\/stylingagenten.com\/fi\/wp-json\/wp\/v2\/berocket_brand?post=141482"}],"curies":[{"name":"wp","href":"https:\/\/api.w.org\/{rel}","templated":true}]}}