{"id":141475,"date":"2025-05-18T23:12:56","date_gmt":"2025-05-18T23:12:56","guid":{"rendered":"https:\/\/staging2.stylingagenten.com\/fi\/produkt\/wella-sp-clear-scalp-shampeeling-150ml\/"},"modified":"2026-03-28T16:08:32","modified_gmt":"2026-03-28T16:08:32","slug":"wella-sp-clear-scalp-shampeeling-150ml","status":"publish","type":"product","link":"https:\/\/stylingagenten.com\/fi\/tuote\/wella-sp-clear-scalp-shampeeling-150ml\/","title":{"rendered":"Wella SP Clear Scalp Shampeeling 150ml"},"content":{"rendered":"<p>SP CLEAR SCALP SHAMPEELING<br \/>Wella SP Clear Scalp Shampeeling on intensiivinen ja s\u00e4\u00e4telev\u00e4 hilsehoito, joka antaa pitk\u00e4kestoisen ja hilsett\u00f6m\u00e4n tuloksen. Vain kahden kuukauden k\u00e4yt\u00f6n j\u00e4lkeen sinulla on kauniit ja hilsett\u00f6m\u00e4t hiukset.<\/p>\n","protected":false},"excerpt":{"rendered":"<p>SP CLEAR SCALP SHAMPEELINGWella SP Clear Scalp Shampeeling on intensiivinen ja s\u00e4\u00e4telev\u00e4 hilsehoito, joka antaa pitk\u00e4kestoisen ja hilsett\u00f6m\u00e4n tuloksen. Vain kahden kuukauden k\u00e4yt\u00f6n j\u00e4lkeen sinulla on kauniit ja hilsett\u00f6m\u00e4t hiukset.<\/p>\n","protected":false},"featured_media":141473,"comment_status":"open","ping_status":"closed","template":"","meta":{"_trash_the_other_posts":false},"product_brand":[],"product_cat":[563],"product_tag":[],"berocket_brand":[1030],"class_list":{"0":"post-141475","1":"product","2":"type-product","3":"status-publish","4":"has-post-thumbnail","6":"product_cat-shampoo","7":"pa_brand-wella","8":"berocket_brand-wella","10":"first","11":"instock","12":"sale","13":"taxable","14":"shipping-taxable","15":"purchasable","16":"product-type-simple"},"_links":{"self":[{"href":"https:\/\/stylingagenten.com\/fi\/wp-json\/wp\/v2\/product\/141475","targetHints":{"allow":["GET"]}}],"collection":[{"href":"https:\/\/stylingagenten.com\/fi\/wp-json\/wp\/v2\/product"}],"about":[{"href":"https:\/\/stylingagenten.com\/fi\/wp-json\/wp\/v2\/types\/product"}],"replies":[{"embeddable":true,"href":"https:\/\/stylingagenten.com\/fi\/wp-json\/wp\/v2\/comments?post=141475"}],"version-history":[{"count":0,"href":"https:\/\/stylingagenten.com\/fi\/wp-json\/wp\/v2\/product\/141475\/revisions"}],"wp:featuredmedia":[{"embeddable":true,"href":"https:\/\/stylingagenten.com\/fi\/wp-json\/wp\/v2\/media\/141473"}],"wp:attachment":[{"href":"https:\/\/stylingagenten.com\/fi\/wp-json\/wp\/v2\/media?parent=141475"}],"wp:term":[{"taxonomy":"product_brand","embeddable":true,"href":"https:\/\/stylingagenten.com\/fi\/wp-json\/wp\/v2\/product_brand?post=141475"},{"taxonomy":"product_cat","embeddable":true,"href":"https:\/\/stylingagenten.com\/fi\/wp-json\/wp\/v2\/product_cat?post=141475"},{"taxonomy":"product_tag","embeddable":true,"href":"https:\/\/stylingagenten.com\/fi\/wp-json\/wp\/v2\/product_tag?post=141475"},{"taxonomy":"berocket_brand","embeddable":true,"href":"https:\/\/stylingagenten.com\/fi\/wp-json\/wp\/v2\/berocket_brand?post=141475"}],"curies":[{"name":"wp","href":"https:\/\/api.w.org\/{rel}","templated":true}]}}