{"id":141474,"date":"2025-05-18T23:12:56","date_gmt":"2025-05-18T23:12:56","guid":{"rendered":"https:\/\/staging2.stylingagenten.com\/fi\/produkt\/wella-sp-clear-scalp-shampoo-250ml\/"},"modified":"2026-03-27T08:58:43","modified_gmt":"2026-03-27T08:58:43","slug":"wella-sp-clear-scalp-shampoo-250ml","status":"publish","type":"product","link":"https:\/\/stylingagenten.com\/fi\/tuote\/wella-sp-clear-scalp-shampoo-250ml\/","title":{"rendered":"Wella SP Clear Scalp Shampoo 250ml"},"content":{"rendered":"<p>SP CLEAR SCALP SHAMPOO<br \/>Wella SP Clear Scalp Shampoo taistelee hilsett\u00e4 vastaan \u200b\u200b\u00e4rsytt\u00e4m\u00e4tt\u00e4 p\u00e4\u00e4nahkaa. Hilseshampoo puhdistaa hiukset hell\u00e4varaisesti samalla kun hoitaa hiuksia ja p\u00e4\u00e4nahkaa est\u00e4\u00e4kseen hilseen muodostumista.<\/p>\n","protected":false},"excerpt":{"rendered":"<p>SP CLEAR SCALP SHAMPOOWella SP Clear Scalp Shampoo taistelee hilsett\u00e4 vastaan \u200b\u200b\u00e4rsytt\u00e4m\u00e4tt\u00e4 p\u00e4\u00e4nahkaa. Hilseshampoo puhdistaa hiukset hell\u00e4varaisesti samalla kun hoitaa hiuksia ja p\u00e4\u00e4nahkaa est\u00e4\u00e4kseen hilseen muodostumista.<\/p>\n","protected":false},"featured_media":141472,"comment_status":"open","ping_status":"closed","template":"","meta":{"_trash_the_other_posts":false},"product_brand":[],"product_cat":[563],"product_tag":[],"berocket_brand":[1030],"class_list":{"0":"post-141474","1":"product","2":"type-product","3":"status-publish","4":"has-post-thumbnail","6":"product_cat-shampoo","7":"pa_brand-wella","8":"berocket_brand-wella","10":"first","11":"instock","12":"sale","13":"taxable","14":"shipping-taxable","15":"purchasable","16":"product-type-simple"},"_links":{"self":[{"href":"https:\/\/stylingagenten.com\/fi\/wp-json\/wp\/v2\/product\/141474","targetHints":{"allow":["GET"]}}],"collection":[{"href":"https:\/\/stylingagenten.com\/fi\/wp-json\/wp\/v2\/product"}],"about":[{"href":"https:\/\/stylingagenten.com\/fi\/wp-json\/wp\/v2\/types\/product"}],"replies":[{"embeddable":true,"href":"https:\/\/stylingagenten.com\/fi\/wp-json\/wp\/v2\/comments?post=141474"}],"version-history":[{"count":0,"href":"https:\/\/stylingagenten.com\/fi\/wp-json\/wp\/v2\/product\/141474\/revisions"}],"wp:featuredmedia":[{"embeddable":true,"href":"https:\/\/stylingagenten.com\/fi\/wp-json\/wp\/v2\/media\/141472"}],"wp:attachment":[{"href":"https:\/\/stylingagenten.com\/fi\/wp-json\/wp\/v2\/media?parent=141474"}],"wp:term":[{"taxonomy":"product_brand","embeddable":true,"href":"https:\/\/stylingagenten.com\/fi\/wp-json\/wp\/v2\/product_brand?post=141474"},{"taxonomy":"product_cat","embeddable":true,"href":"https:\/\/stylingagenten.com\/fi\/wp-json\/wp\/v2\/product_cat?post=141474"},{"taxonomy":"product_tag","embeddable":true,"href":"https:\/\/stylingagenten.com\/fi\/wp-json\/wp\/v2\/product_tag?post=141474"},{"taxonomy":"berocket_brand","embeddable":true,"href":"https:\/\/stylingagenten.com\/fi\/wp-json\/wp\/v2\/berocket_brand?post=141474"}],"curies":[{"name":"wp","href":"https:\/\/api.w.org\/{rel}","templated":true}]}}