{"id":141467,"date":"2025-05-18T23:12:55","date_gmt":"2025-05-18T23:12:55","guid":{"rendered":"https:\/\/staging2.stylingagenten.com\/fi\/produkt\/wella-sp-volumize-shampoo-250ml\/"},"modified":"2026-04-09T06:39:30","modified_gmt":"2026-04-09T06:39:30","slug":"wella-sp-volumize-shampoo-250ml","status":"publish","type":"product","link":"https:\/\/stylingagenten.com\/fi\/tuote\/wella-sp-volumize-shampoo-250ml\/","title":{"rendered":"Wella SP Volumize Shampoo 250ml"},"content":{"rendered":"<p>SP VOLUMIZE SHAMPOO <br \/>vahvistaa hiuksiasi samalla kun se puhdistaa hell\u00e4varaisesti ja tarjoaa h\u00f6yhenenkevyt volyymia, joka kest\u00e4\u00e4.<br \/>Osana SP Volumize -sarjaa shampoo sis\u00e4lt\u00e4\u00e4 Creatonic Complex -yhdistett\u00e4, joka vahvistaa jokaista yksitt\u00e4ist\u00e4 hiuss\u00e4ikett\u00e4 ja luo maksimaalisen volyymin ilman painaa hiuksia.<\/p>\n","protected":false},"excerpt":{"rendered":"<p>SP VOLUMIZE SHAMPOO vahvistaa hiuksiasi samalla kun se puhdistaa hell\u00e4varaisesti ja tarjoaa h\u00f6yhenenkevyt volyymia, joka kest\u00e4\u00e4.Osana SP Volumize -sarjaa shampoo sis\u00e4lt\u00e4\u00e4 Creatonic Complex -yhdistett\u00e4, joka vahvistaa jokaista yksitt\u00e4ist\u00e4 hiuss\u00e4ikett\u00e4 ja luo maksimaalisen volyymin ilman painaa hiuksia.<\/p>\n","protected":false},"featured_media":141465,"comment_status":"open","ping_status":"closed","template":"","meta":{"_trash_the_other_posts":false},"product_brand":[],"product_cat":[563],"product_tag":[],"berocket_brand":[1030],"class_list":{"0":"post-141467","1":"product","2":"type-product","3":"status-publish","4":"has-post-thumbnail","6":"product_cat-shampoo","7":"pa_brand-wella","8":"berocket_brand-wella","10":"first","11":"instock","12":"sale","13":"taxable","14":"shipping-taxable","15":"purchasable","16":"product-type-simple"},"_links":{"self":[{"href":"https:\/\/stylingagenten.com\/fi\/wp-json\/wp\/v2\/product\/141467","targetHints":{"allow":["GET"]}}],"collection":[{"href":"https:\/\/stylingagenten.com\/fi\/wp-json\/wp\/v2\/product"}],"about":[{"href":"https:\/\/stylingagenten.com\/fi\/wp-json\/wp\/v2\/types\/product"}],"replies":[{"embeddable":true,"href":"https:\/\/stylingagenten.com\/fi\/wp-json\/wp\/v2\/comments?post=141467"}],"version-history":[{"count":0,"href":"https:\/\/stylingagenten.com\/fi\/wp-json\/wp\/v2\/product\/141467\/revisions"}],"wp:featuredmedia":[{"embeddable":true,"href":"https:\/\/stylingagenten.com\/fi\/wp-json\/wp\/v2\/media\/141465"}],"wp:attachment":[{"href":"https:\/\/stylingagenten.com\/fi\/wp-json\/wp\/v2\/media?parent=141467"}],"wp:term":[{"taxonomy":"product_brand","embeddable":true,"href":"https:\/\/stylingagenten.com\/fi\/wp-json\/wp\/v2\/product_brand?post=141467"},{"taxonomy":"product_cat","embeddable":true,"href":"https:\/\/stylingagenten.com\/fi\/wp-json\/wp\/v2\/product_cat?post=141467"},{"taxonomy":"product_tag","embeddable":true,"href":"https:\/\/stylingagenten.com\/fi\/wp-json\/wp\/v2\/product_tag?post=141467"},{"taxonomy":"berocket_brand","embeddable":true,"href":"https:\/\/stylingagenten.com\/fi\/wp-json\/wp\/v2\/berocket_brand?post=141467"}],"curies":[{"name":"wp","href":"https:\/\/api.w.org\/{rel}","templated":true}]}}