{"id":141463,"date":"2025-05-18T23:12:55","date_gmt":"2025-05-18T23:12:55","guid":{"rendered":"https:\/\/staging2.stylingagenten.com\/fi\/produkt\/olaplex-no-4c-bond-maintenance-clarifying-shampoo-250ml\/"},"modified":"2026-04-12T11:08:25","modified_gmt":"2026-04-12T11:08:25","slug":"olaplex-no-4c-bond-maintenance-clarifying-shampoo-250ml","status":"publish","type":"product","link":"https:\/\/stylingagenten.com\/fi\/tuote\/olaplex-no-4c-bond-maintenance-clarifying-shampoo-250ml\/","title":{"rendered":"Olaplex No.4C Bond Maintenance Clarifying Shampoo 250ml"},"content":{"rendered":"<p>Olaplex No.4C on edistyksellinen syv\u00e4puhdistava shampoo, joka perustuu Olaplexin ainutlaatuiseen puhdistusteknologiaan. Se tarjoaa tehokkaan syv\u00e4puhdistuksen ja poistaa tuotej\u00e4\u00e4m\u00e4t ja ep\u00e4puhtaudet luodakseen terveellisempi\u00e4 ja terveempi\u00e4 hiuksia &#8211; ilman, ett\u00e4 niist\u00e4 tulee kuivia tai juovia.<\/p>\n<p>\u2022 Poistaa pintamineraaleja kovasta vedest\u00e4, klooria, ylim\u00e4\u00e4r\u00e4isi\u00e4 \u00f6ljyj\u00e4 ja tuotej\u00e4\u00e4mi\u00e4 hiussuomuista jo yhden k\u00e4ytt\u00f6kerran j\u00e4lkeen<br \/>\u2022 Kosteuttava koostumus, joka j\u00e4tt\u00e4\u00e4 hiukset puhtaiksi, pehmeiksi, kiilt\u00e4viksi ja eloisiksi<br \/>\u2022 Sis\u00e4lt\u00e4\u00e4 OLAPLEXin patentoitua Bond-Building Technology\u2122 -tekniikkaa, joka vahvistaa hiuksia ja tekee niist\u00e4 kimmoisampia<\/p>\n<p>K\u00e4yt\u00e4 Olaplex 4C:t\u00e4 viikoittain , tai ennen hiusk\u00e4\u00e4rett\u00e4 ja muita hoitoja maksimaalisen suorituskyvyn saavuttamiseksi.<\/p>\n<p>K\u00e4ytt\u00f6:<br \/>Levit\u00e4 No.4C kosteisiin hiuksiin, hiero p\u00e4\u00e4nahkaan ja harjoittele ulosp\u00e4in hiuksia kohti. Anna vaikuttaa jopa 5 minuuttia. Huuhtele huolellisesti ja viimeistele Olaplex No.5 hoitoaineella tai Olaplex No.8 hiusk\u00e4\u00e4reell\u00e4.<\/p>\n","protected":false},"excerpt":{"rendered":"<p>Olaplex No.4C on edistyksellinen syv\u00e4puhdistava shampoo, joka perustuu Olaplexin ainutlaatuiseen puhdistusteknologiaan. Se tarjoaa tehokkaan syv\u00e4puhdistuksen ja poistaa tuotej\u00e4\u00e4m\u00e4t ja ep\u00e4puhtaudet luodakseen terveellisempi\u00e4 ja terveempi\u00e4 hiuksia &#8211; ilman, ett\u00e4 niist\u00e4 tulee kuivia tai juovia. \u2022 Poistaa pintamineraaleja kovasta vedest\u00e4, klooria, ylim\u00e4\u00e4r\u00e4isi\u00e4 \u00f6ljyj\u00e4 ja tuotej\u00e4\u00e4mi\u00e4 hiussuomuista jo yhden k\u00e4ytt\u00f6kerran j\u00e4lkeen\u2022 Kosteuttava koostumus, joka j\u00e4tt\u00e4\u00e4 hiukset puhtaiksi, pehmeiksi, [&hellip;]<\/p>\n","protected":false},"featured_media":141453,"comment_status":"open","ping_status":"closed","template":"","meta":{"_trash_the_other_posts":false},"product_brand":[],"product_cat":[1003,563],"product_tag":[3721],"berocket_brand":[1023],"class_list":{"0":"post-141463","1":"product","2":"type-product","3":"status-publish","4":"has-post-thumbnail","6":"product_cat-myydyimmat","7":"product_cat-shampoo","8":"product_tag-olaplex-no-4c-bond-maintenance-clarifying-shampoo","9":"pa_brand-olaplex","10":"pa_variantti-250ml","11":"berocket_brand-olaplex","13":"first","14":"instock","15":"sale","16":"taxable","17":"shipping-taxable","18":"purchasable","19":"product-type-simple"},"_links":{"self":[{"href":"https:\/\/stylingagenten.com\/fi\/wp-json\/wp\/v2\/product\/141463","targetHints":{"allow":["GET"]}}],"collection":[{"href":"https:\/\/stylingagenten.com\/fi\/wp-json\/wp\/v2\/product"}],"about":[{"href":"https:\/\/stylingagenten.com\/fi\/wp-json\/wp\/v2\/types\/product"}],"replies":[{"embeddable":true,"href":"https:\/\/stylingagenten.com\/fi\/wp-json\/wp\/v2\/comments?post=141463"}],"version-history":[{"count":0,"href":"https:\/\/stylingagenten.com\/fi\/wp-json\/wp\/v2\/product\/141463\/revisions"}],"wp:featuredmedia":[{"embeddable":true,"href":"https:\/\/stylingagenten.com\/fi\/wp-json\/wp\/v2\/media\/141453"}],"wp:attachment":[{"href":"https:\/\/stylingagenten.com\/fi\/wp-json\/wp\/v2\/media?parent=141463"}],"wp:term":[{"taxonomy":"product_brand","embeddable":true,"href":"https:\/\/stylingagenten.com\/fi\/wp-json\/wp\/v2\/product_brand?post=141463"},{"taxonomy":"product_cat","embeddable":true,"href":"https:\/\/stylingagenten.com\/fi\/wp-json\/wp\/v2\/product_cat?post=141463"},{"taxonomy":"product_tag","embeddable":true,"href":"https:\/\/stylingagenten.com\/fi\/wp-json\/wp\/v2\/product_tag?post=141463"},{"taxonomy":"berocket_brand","embeddable":true,"href":"https:\/\/stylingagenten.com\/fi\/wp-json\/wp\/v2\/berocket_brand?post=141463"}],"curies":[{"name":"wp","href":"https:\/\/api.w.org\/{rel}","templated":true}]}}