{"id":141425,"date":"2025-05-18T23:12:48","date_gmt":"2025-05-18T23:12:48","guid":{"rendered":"https:\/\/staging2.stylingagenten.com\/fi\/produkt\/maria-nila-luminous-colour-shampoo-1000ml\/"},"modified":"2026-03-25T11:38:32","modified_gmt":"2026-03-25T11:38:32","slug":"maria-nila-luminous-colour-shampoo-1000ml","status":"publish","type":"product","link":"https:\/\/stylingagenten.com\/fi\/tuote\/maria-nila-luminous-colour-shampoo-1000ml\/","title":{"rendered":"Maria Nila Luminous Colour Shampoo 1000ml"},"content":{"rendered":"<p>V\u00e4ri\u00e4 s\u00e4ilytt\u00e4v\u00e4 shampoo, joka sis\u00e4lt\u00e4\u00e4 kosteuttavaa granaattiomenauutetta ja Color Guard Complexia, joka vahvistaa hiuksia ja s\u00e4ilytt\u00e4\u00e4 hiusten v\u00e4rin samalla lis\u00e4\u00e4m\u00e4ll\u00e4 kiiltoa ja kiiltoa. Luminous Color Shampoossa on hedelm\u00e4inen omena-, karhunvatukka- ja persikkatuoksu.<\/p>\n<p>Antaa kiiltoa ja kiiltoa<br \/>Kosteuttava granaattiomenauute<br \/>V\u00e4ris\u00e4ilytys<br \/>100 % vegaaninen &amp; el\u00e4inyst\u00e4v\u00e4llinen<br \/>ilmastokompensoitu pakkaus<\/p>\n","protected":false},"excerpt":{"rendered":"<p>V\u00e4ri\u00e4 s\u00e4ilytt\u00e4v\u00e4 shampoo, joka sis\u00e4lt\u00e4\u00e4 kosteuttavaa granaattiomenauutetta ja Color Guard Complexia, joka vahvistaa hiuksia ja s\u00e4ilytt\u00e4\u00e4 hiusten v\u00e4rin samalla lis\u00e4\u00e4m\u00e4ll\u00e4 kiiltoa ja kiiltoa. Luminous Color Shampoossa on hedelm\u00e4inen omena-, karhunvatukka- ja persikkatuoksu. Antaa kiiltoa ja kiiltoaKosteuttava granaattiomenauuteV\u00e4ris\u00e4ilytys100 % vegaaninen &amp; el\u00e4inyst\u00e4v\u00e4llinenilmastokompensoitu pakkaus<\/p>\n","protected":false},"featured_media":141420,"comment_status":"open","ping_status":"closed","template":"","meta":{"_trash_the_other_posts":false},"product_brand":[],"product_cat":[1003,563],"product_tag":[3414],"berocket_brand":[1388],"class_list":{"0":"post-141425","1":"product","2":"type-product","3":"status-publish","4":"has-post-thumbnail","6":"product_cat-myydyimmat","7":"product_cat-shampoo","8":"product_tag-maria-nila-luminous-colour-shampoo","9":"pa_brand-maria-nila","10":"pa_variantti-1000ml","11":"berocket_brand-maria-nila","13":"first","14":"instock","15":"sale","16":"taxable","17":"shipping-taxable","18":"purchasable","19":"product-type-simple"},"_links":{"self":[{"href":"https:\/\/stylingagenten.com\/fi\/wp-json\/wp\/v2\/product\/141425","targetHints":{"allow":["GET"]}}],"collection":[{"href":"https:\/\/stylingagenten.com\/fi\/wp-json\/wp\/v2\/product"}],"about":[{"href":"https:\/\/stylingagenten.com\/fi\/wp-json\/wp\/v2\/types\/product"}],"replies":[{"embeddable":true,"href":"https:\/\/stylingagenten.com\/fi\/wp-json\/wp\/v2\/comments?post=141425"}],"version-history":[{"count":0,"href":"https:\/\/stylingagenten.com\/fi\/wp-json\/wp\/v2\/product\/141425\/revisions"}],"wp:featuredmedia":[{"embeddable":true,"href":"https:\/\/stylingagenten.com\/fi\/wp-json\/wp\/v2\/media\/141420"}],"wp:attachment":[{"href":"https:\/\/stylingagenten.com\/fi\/wp-json\/wp\/v2\/media?parent=141425"}],"wp:term":[{"taxonomy":"product_brand","embeddable":true,"href":"https:\/\/stylingagenten.com\/fi\/wp-json\/wp\/v2\/product_brand?post=141425"},{"taxonomy":"product_cat","embeddable":true,"href":"https:\/\/stylingagenten.com\/fi\/wp-json\/wp\/v2\/product_cat?post=141425"},{"taxonomy":"product_tag","embeddable":true,"href":"https:\/\/stylingagenten.com\/fi\/wp-json\/wp\/v2\/product_tag?post=141425"},{"taxonomy":"berocket_brand","embeddable":true,"href":"https:\/\/stylingagenten.com\/fi\/wp-json\/wp\/v2\/berocket_brand?post=141425"}],"curies":[{"name":"wp","href":"https:\/\/api.w.org\/{rel}","templated":true}]}}